{"id":5129,"date":"2017-06-14T13:08:39","date_gmt":"2017-06-14T11:08:39","guid":{"rendered":"http:\/\/adrepublic.pl\/new\/?page_id=5129"},"modified":"2019-12-06T10:20:57","modified_gmt":"2019-12-06T09:20:57","slug":"zabezpieczenia-antykradziezowe","status":"publish","type":"page","link":"https:\/\/adrepublic.pl\/new\/czym-sie-zajmujemy\/produkcja\/zabezpieczenia-antykradziezowe\/","title":{"rendered":"Zabezpieczenia antykradzie\u017cowe"},"content":{"rendered":"\n<style type=\"text\/css\" data-created_by=\"avia_inline_auto\" id=\"style-css-av-13kqekp-f147f85e39bdf7c388d7805bd25efdb7\">\n.avia-section.av-13kqekp-f147f85e39bdf7c388d7805bd25efdb7 .av-parallax .av-parallax-inner{\nbackground-repeat:no-repeat;\nbackground-image:url(https:\/\/adrepublic.pl\/new\/wp-content\/uploads\/2017\/06\/zabezpieczenia-antykradziezowe.jpg);\nbackground-position:50% 50%;\nbackground-attachment:scroll;\n}\n<\/style>\n<div id='av_section_1'  class='avia-section av-13kqekp-f147f85e39bdf7c388d7805bd25efdb7 main_color avia-section-huge avia-no-shadow  avia-builder-el-0  el_before_av_one_full  avia-builder-el-first  av-parallax-section avia-bg-style-parallax container_wrap fullsize'  data-section-bg-repeat='no-repeat'><div class='av-parallax' data-avia-parallax-ratio='0.3' ><div class='av-parallax-inner main_color avia-full-stretch'><\/div><\/div><div class='container av-section-cont-open' ><main  role=\"main\" itemprop=\"mainContentOfPage\"  class='template-page content  av-content-full alpha units'><div class='post-entry post-entry-type-page post-entry-5129'><div class='entry-content-wrapper clearfix'>\n\n<style type=\"text\/css\" data-created_by=\"avia_inline_auto\" id=\"style-css-av-3p4mtl-35de4cab182dd4a44ed0cad281b7a32f\">\n#top .hr.hr-invisible.av-3p4mtl-35de4cab182dd4a44ed0cad281b7a32f{\nheight:100px;\n}\n<\/style>\n<div  class='hr av-3p4mtl-35de4cab182dd4a44ed0cad281b7a32f hr-invisible  avia-builder-el-1  avia-builder-el-no-sibling '><span class='hr-inner '><span class=\"hr-inner-style\"><\/span><\/span><\/div>\n<\/div><\/div><\/main><!-- close content main element --><\/div><\/div><div id='after_section_1'  class='main_color av_default_container_wrap container_wrap fullsize'  ><div class='container av-section-cont-open' ><div class='template-page content  av-content-full alpha units'><div class='post-entry post-entry-type-page post-entry-5129'><div class='entry-content-wrapper clearfix'>\n\n<style type=\"text\/css\" data-created_by=\"avia_inline_auto\" id=\"style-css-av-3lye61-5d9af47d3e7a17e1c25d202debf05672\">\n.flex_column.av-3lye61-5d9af47d3e7a17e1c25d202debf05672{\nborder-radius:0px 0px 0px 0px;\npadding:0px 0px 0px 0px;\n}\n<\/style>\n<div  class='flex_column av-3lye61-5d9af47d3e7a17e1c25d202debf05672 av_one_full  avia-builder-el-2  el_after_av_section  el_before_av_section  avia-builder-el-no-sibling  first flex_column_div av-zero-column-padding  '     ><p>\n<style type=\"text\/css\" data-created_by=\"avia_inline_auto\" id=\"style-css-av-xeld21-c388bde780d92982e0c1129b6f2a8938\">\n#top .av-special-heading.av-xeld21-c388bde780d92982e0c1129b6f2a8938{\npadding-bottom:0;\n}\nbody .av-special-heading.av-xeld21-c388bde780d92982e0c1129b6f2a8938 .av-special-heading-tag .heading-char{\nfont-size:25px;\n}\n.av-special-heading.av-xeld21-c388bde780d92982e0c1129b6f2a8938 .av-subheading{\nfont-size:18px;\n}\n<\/style>\n<div  class='av-special-heading av-xeld21-c388bde780d92982e0c1129b6f2a8938 av-special-heading-h2 blockquote modern-quote modern-centered  avia-builder-el-3  el_before_av_hr  avia-builder-el-first '><h2 class='av-special-heading-tag'  itemprop=\"headline\"  >Zabezpieczenia antykradzie\u017cowe<\/h2><div class='av-subheading av-subheading_below'><p>Trwa\u0142a i skuteczna ochrona przed kradzie\u017c\u0105.<\/p>\n<\/div><div class=\"special-heading-border\"><div class=\"special-heading-inner-border\"><\/div><\/div><\/div><br \/>\n\n<style type=\"text\/css\" data-created_by=\"avia_inline_auto\" id=\"style-css-av-w8wdk9-c8eb725d4dc5345fddc4951f5c402018\">\n#top .hr.av-w8wdk9-c8eb725d4dc5345fddc4951f5c402018{\nmargin-top:30px;\nmargin-bottom:30px;\n}\n.hr.av-w8wdk9-c8eb725d4dc5345fddc4951f5c402018 .hr-inner{\nwidth:40%;\nmax-width:45%;\n}\n<\/style>\n<div  class='hr av-w8wdk9-c8eb725d4dc5345fddc4951f5c402018 hr-custom  avia-builder-el-4  el_after_av_heading  el_before_av_textblock  hr-center hr-icon-yes'><span class='hr-inner inner-border-av-border-thin'><span class=\"hr-inner-style\"><\/span><\/span><span class='av-seperator-icon' aria-hidden='true' data-av_icon='\ue808' data-av_iconfont='entypo-fontello'><\/span><span class='hr-inner inner-border-av-border-thin'><span class=\"hr-inner-style\"><\/span><\/span><\/div><br \/>\n<section  class='av_textblock_section av-v9f5mh-d2c58d1cc467033c992f3a687e4c80a1 '   itemscope=\"itemscope\" itemtype=\"https:\/\/schema.org\/CreativeWork\" ><div class='avia_textblock'  itemprop=\"text\" ><p>Swoim Klientom gwarantujemy nie tylko trwa\u0142o\u015b\u0107 samej ekspozycji, ale r\u00f3wnie\u017c kompleksow\u0105 ochron\u0119 wykorzystanych w niej urz\u0105dze\u0144.<\/p>\n<p>Ekspozycje reklamowe, wykorzystuj\u0105ce prawdziwe urz\u0105dzenia takie jak tablety, telefony, kamery lub aparaty, s\u0105 obecne w wi\u0119kszo\u015bci elektromarket\u00f3w na \u015bwiecie. To prawdziwa atrakcja nie tylko dla ich potencjalnych nabywc\u00f3w, ale r\u00f3wnie\u017c nie lada gratka dla z\u0142odziei, kt\u00f3rzy w wystawionych przedmiotach upatruj\u0105 \u0142atwego \u0142upu. Dlatego w produkowanych przez nas standach reklamowych lub z\u0142o\u017conych systemach wystawienniczych, wykorzystuj\u0105cych prawdziwe produkty naszych Klient\u00f3w, stosujemy najskuteczniejsze na rynku profesjonalne zabezpieczenia antykradzie\u017cowe. W wi\u0119kszo\u015bci przypadk\u00f3w wykorzystujemy mo\u017cliwo\u015b\u0107 ochrony przedmiotu przed kradzie\u017c\u0105 zar\u00f3wno metod\u0105 mechaniczn\u0105 (specjalne mocowanie, dodatkowa obudowa), jak i elektroniczn\u0105 (zestaw czujnik\u00f3w po\u0142\u0105czonych z systemem alarmowym sklepu). To wszystko sprawia, \u017ce w \u017cadnej z naszych dotychczasowych realizacji nie dosz\u0142o do kradzie\u017cy.<\/p>\n<p>Dzi\u0119ki mo\u017cliwo\u015bci wsp\u00f3\u0142pracy z najlepszymi na rynku producentami zabezpiecze\u0144 tego typu, jeste\u015bmy w stanie zagwarantowa\u0107 naszym Klientom pe\u0142ne bezpiecze\u0144stwo eksponowanych produkt\u00f3w. Wykorzystywane przez nas systemy takich firm jak X-treme, Invue czy Optiguard, s\u0105 zgodnie okre\u015blane przez fachowc\u00f3w mianem najskuteczniejszych. Dodatkow\u0105 zalet\u0105 jest fakt, \u017ce na podzespo\u0142ach tych samych producent\u00f3w opieraj\u0105 si\u0119 systemy zabezpiecze\u0144 wi\u0119kszo\u015bci elektromarket\u00f3w. To gwarantuje pe\u0142n\u0105 wsp\u00f3\u0142prac\u0119 zamontowanych przez nas czujnik\u00f3w z instalacj\u0105 alarmow\u0105 sklepu, w kt\u00f3rym wystawiona jest nasza ekspozycja. Dzi\u0119ki temu naszym Klientom mo\u017cemy zapewni\u0107 nie tylko trwa\u0142o\u015b\u0107 i atrakcyjno\u015b\u0107 wizualn\u0105, ale r\u00f3wnie\u017c pe\u0142n\u0105 ochron\u0119 wykonanej przez nas ekspozycji, stoiska lub standu reklamowego.<\/p>\n<\/div><\/section><\/p><\/div>\n<\/div><\/div><\/div><!-- close content main div --><\/div><\/div>\n<style type=\"text\/css\" data-created_by=\"avia_inline_auto\" id=\"style-css-av-ao749-3b9954fca414dfb44e3e571ebcc662db\">\n.avia-section.av-ao749-3b9954fca414dfb44e3e571ebcc662db .av-section-color-overlay{\nopacity:1;\nbackground-image:url(https:\/\/adrepublic.pl\/new\/wp-content\/uploads\/2013\/04\/squairy_light.png);\nbackground-repeat:repeat;\n}\n<\/style>\n<div id='av_section_2'  class='avia-section av-ao749-3b9954fca414dfb44e3e571ebcc662db alternate_color avia-section-large avia-shadow  avia-builder-el-6  el_after_av_one_full  avia-builder-el-last  avia-bg-style-scroll av-section-color-overlay-active container_wrap fullsize'  ><div class=\"av-section-color-overlay-wrap\"><div class=\"av-section-color-overlay\"><\/div><div class='container av-section-cont-open' ><div class='template-page content  av-content-full alpha units'><div class='post-entry post-entry-type-page post-entry-5129'><div class='entry-content-wrapper clearfix'>\n\n<style type=\"text\/css\" data-created_by=\"avia_inline_auto\" id=\"style-css-av-av_heading-21dcaa70b07fd44fdcffc65700d02900\">\n#top .av-special-heading.av-av_heading-21dcaa70b07fd44fdcffc65700d02900{\npadding-bottom:0;\n}\nbody .av-special-heading.av-av_heading-21dcaa70b07fd44fdcffc65700d02900 .av-special-heading-tag .heading-char{\nfont-size:25px;\n}\n.av-special-heading.av-av_heading-21dcaa70b07fd44fdcffc65700d02900 .av-subheading{\nfont-size:18px;\n}\n<\/style>\n<div  class='av-special-heading av-av_heading-21dcaa70b07fd44fdcffc65700d02900 av-special-heading-h2 blockquote modern-quote modern-centered  avia-builder-el-7  el_before_av_hr  avia-builder-el-first '><h2 class='av-special-heading-tag'  itemprop=\"headline\"  >By\u0107 mo\u017ce zainteresuje Ci\u0119 r\u00f3wnie\u017c&#8230;<\/h2><div class=\"special-heading-border\"><div class=\"special-heading-inner-border\"><\/div><\/div><\/div>\n\n<style type=\"text\/css\" data-created_by=\"avia_inline_auto\" id=\"style-css-av-pdkwvd-6dd555ac139b1762029d783cf15f11d9\">\n#top .hr.av-pdkwvd-6dd555ac139b1762029d783cf15f11d9{\nmargin-top:30px;\nmargin-bottom:30px;\n}\n.hr.av-pdkwvd-6dd555ac139b1762029d783cf15f11d9 .hr-inner{\nwidth:40%;\nmax-width:45%;\n}\n<\/style>\n<div  class='hr av-pdkwvd-6dd555ac139b1762029d783cf15f11d9 hr-custom  avia-builder-el-8  el_after_av_heading  el_before_av_one_third  hr-center hr-icon-yes'><span class='hr-inner inner-border-av-border-thin'><span class=\"hr-inner-style\"><\/span><\/span><span class='av-seperator-icon' aria-hidden='true' data-av_icon='\ue808' data-av_iconfont='entypo-fontello'><\/span><span class='hr-inner inner-border-av-border-thin'><span class=\"hr-inner-style\"><\/span><\/span><\/div>\n\n<style type=\"text\/css\" data-created_by=\"avia_inline_auto\" id=\"style-css-av-oadiop-ff5d82beacc25222a4d0ff47866c8a10\">\n.flex_column.av-oadiop-ff5d82beacc25222a4d0ff47866c8a10{\nborder-radius:0px 0px 0px 0px;\npadding:0px 0px 0px 0px;\n}\n<\/style>\n<div  class='flex_column av-oadiop-ff5d82beacc25222a4d0ff47866c8a10 av_one_third  avia-builder-el-9  el_after_av_hr  el_before_av_one_third  first flex_column_div av-animated-generic bottom-to-top av-zero-column-padding  '     ><section  class='av_textblock_section av-mz5ezd-9f00b11a0f83ee69b4eb34ad5b62618b '   itemscope=\"itemscope\" itemtype=\"https:\/\/schema.org\/CreativeWork\" ><div class='avia_textblock'  itemprop=\"text\" ><h4 class=\"slide-entry-title entry-title\"><a href=\"https:\/\/adrepublic.pl\/czym-sie-zajmujemy\/produkcja\/piecioosiowe-frezarki-cnc\/\">Pi\u0119cioosiowe frezarki CNC<\/a><\/h4>\n<p><a href=\"https:\/\/adrepublic.pl\/czym-sie-zajmujemy\/produkcja\/piecioosiowe-frezarki-cnc\/\"><img loading=\"lazy\" decoding=\"async\" class=\"alignnone wp-image-3810 size-full\" src=\"https:\/\/adrepublic.pl\/new\/wp-content\/uploads\/2017\/04\/Produkcja-CNC.jpg\" alt=\"\" width=\"643\" height=\"270\" srcset=\"https:\/\/adrepublic.pl\/new\/wp-content\/uploads\/2017\/04\/Produkcja-CNC.jpg 643w, https:\/\/adrepublic.pl\/new\/wp-content\/uploads\/2017\/04\/Produkcja-CNC-300x126.jpg 300w, https:\/\/adrepublic.pl\/new\/wp-content\/uploads\/2017\/04\/Produkcja-CNC-450x189.jpg 450w\" sizes=\"auto, (max-width: 643px) 100vw, 643px\" \/><\/a><\/p>\n<p>Jako nieliczni w Polsce stosujemy 5-cio osiow\u0105 obr\u00f3bk\u0119, umo\u017cliwiaj\u0105c\u0105 precyzyjne wyko\u0144czenie i nieograniczone mo\u017cliwo\u015bci oferowanych kszta\u0142t\u00f3w.<\/p>\n<p><a href=\"https:\/\/adrepublic.pl\/czym-sie-zajmujemy\/produkcja\/piecioosiowe-frezarki-cnc\/\">\u00bb Czytaj wi\u0119cej<\/a><\/p>\n<\/div><\/section><\/div>\n<style type=\"text\/css\" data-created_by=\"avia_inline_auto\" id=\"style-css-av-20zn09-bcd220bfb5eb9301541d195d9c184b22\">\n.flex_column.av-20zn09-bcd220bfb5eb9301541d195d9c184b22{\nborder-radius:0px 0px 0px 0px;\npadding:0px 0px 0px 0px;\n}\n<\/style>\n<div  class='flex_column av-20zn09-bcd220bfb5eb9301541d195d9c184b22 av_one_third  avia-builder-el-11  el_after_av_one_third  el_before_av_one_third  flex_column_div av-animated-generic bottom-to-top av-zero-column-padding  '     ><section  class='av_textblock_section av-ja9oh5-15343448ac1200b06a7acf816139de36 '   itemscope=\"itemscope\" itemtype=\"https:\/\/schema.org\/CreativeWork\" ><div class='avia_textblock'  itemprop=\"text\" ><h4 class=\"slide-entry-title entry-title\"><a href=\"https:\/\/adrepublic.pl\/czym-sie-zajmujemy\/produkcja\/termoforming\/\">Termoforming<\/a><\/h4>\n<p><a href=\"https:\/\/adrepublic.pl\/czym-sie-zajmujemy\/produkcja\/termoforming\/\"><img loading=\"lazy\" decoding=\"async\" class=\"alignnone wp-image-4629 size-full\" src=\"https:\/\/adrepublic.pl\/new\/wp-content\/uploads\/2017\/04\/termoforming.jpg\" alt=\"\" width=\"643\" height=\"270\" srcset=\"https:\/\/adrepublic.pl\/new\/wp-content\/uploads\/2017\/04\/termoforming.jpg 643w, https:\/\/adrepublic.pl\/new\/wp-content\/uploads\/2017\/04\/termoforming-300x126.jpg 300w, https:\/\/adrepublic.pl\/new\/wp-content\/uploads\/2017\/04\/termoforming-450x189.jpg 450w\" sizes=\"auto, (max-width: 643px) 100vw, 643px\" \/><\/a><\/p>\n<p>Dzi\u0119ki tej unikalnej technologii mo\u017cemy wyczarowa\u0107 dowolne, nawet najbardziej skomplikowane formy z tworzywa sztucznego.<\/p>\n<p><a href=\"https:\/\/adrepublic.pl\/czym-sie-zajmujemy\/produkcja\/termoforming\/\">\u00bb Czytaj wi\u0119cej<\/a><\/p>\n<\/div><\/section><\/div>\n<style type=\"text\/css\" data-created_by=\"avia_inline_auto\" id=\"style-css-av-h5zeqh-930a42ff131cf042c259cec2390ee14d\">\n.flex_column.av-h5zeqh-930a42ff131cf042c259cec2390ee14d{\nborder-radius:0px 0px 0px 0px;\npadding:0px 0px 0px 0px;\n}\n<\/style>\n<div  class='flex_column av-h5zeqh-930a42ff131cf042c259cec2390ee14d av_one_third  avia-builder-el-13  el_after_av_one_third  el_before_av_one_third  flex_column_div av-animated-generic bottom-to-top av-zero-column-padding  '     ><section  class='av_textblock_section av-fx6r6h-8b3dfdb543139a1aa5dbae21560f0c32 '   itemscope=\"itemscope\" itemtype=\"https:\/\/schema.org\/CreativeWork\" ><div class='avia_textblock'  itemprop=\"text\" ><h4 class=\"slide-entry-title entry-title\"><a href=\"https:\/\/adrepublic.pl\/czym-sie-zajmujemy\/produkcja\/obrobka-tworzyw-sztucznych\/\">Obr\u00f3bka tworzyw sztucznych<\/a><\/h4>\n<p><a href=\"https:\/\/adrepublic.pl\/czym-sie-zajmujemy\/produkcja\/obrobka-tworzyw-sztucznych\/\"><img loading=\"lazy\" decoding=\"async\" class=\"alignnone wp-image-3818 size-full\" src=\"https:\/\/adrepublic.pl\/new\/wp-content\/uploads\/2017\/04\/Produkcja-Obr\u00f3bka-tworzyw-sztucznych.jpg\" alt=\"\" width=\"643\" height=\"270\" srcset=\"https:\/\/adrepublic.pl\/new\/wp-content\/uploads\/2017\/04\/Produkcja-Obr\u00f3bka-tworzyw-sztucznych.jpg 643w, https:\/\/adrepublic.pl\/new\/wp-content\/uploads\/2017\/04\/Produkcja-Obr\u00f3bka-tworzyw-sztucznych-300x126.jpg 300w, https:\/\/adrepublic.pl\/new\/wp-content\/uploads\/2017\/04\/Produkcja-Obr\u00f3bka-tworzyw-sztucznych-450x189.jpg 450w\" sizes=\"auto, (max-width: 643px) 100vw, 643px\" \/><\/a><\/p>\n<p>Mamy niemal\u017ce nieograniczone mo\u017cliwo\u015bci precyzyjnego formowania szerokiej palety tworzyw sztucznych i kompozytowych.<\/p>\n<p><a href=\"https:\/\/adrepublic.pl\/czym-sie-zajmujemy\/produkcja\/obrobka-tworzyw-sztucznych\/\">\u00bb Czytaj wi\u0119cej<\/a><\/p>\n<\/div><\/section><\/div>\n<style type=\"text\/css\" data-created_by=\"avia_inline_auto\" id=\"style-css-av-dolb0p-2d66bd910c3d7c8585d0235727ffb94b\">\n.flex_column.av-dolb0p-2d66bd910c3d7c8585d0235727ffb94b{\nborder-radius:0px 0px 0px 0px;\npadding:0px 0px 0px 0px;\n}\n<\/style>\n<div  class='flex_column av-dolb0p-2d66bd910c3d7c8585d0235727ffb94b av_one_third  avia-builder-el-15  el_after_av_one_third  el_before_av_one_third  first flex_column_div av-animated-generic bottom-to-top av-zero-column-padding  column-top-margin'     ><section  class='av_textblock_section av-cr7j4p-61b57c9e7e5e03439979e35eba55ca9e '   itemscope=\"itemscope\" itemtype=\"https:\/\/schema.org\/CreativeWork\" ><div class='avia_textblock'  itemprop=\"text\" ><h4 class=\"slide-entry-title entry-title\"><a href=\"https:\/\/adrepublic.pl\/czym-sie-zajmujemy\/produkcja\/profesjonalne-rozwiazania-poligraficzne\/\">Profesjonalne rozwi\u0105zania poligraficzne<\/a><\/h4>\n<p><a href=\"https:\/\/adrepublic.pl\/czym-sie-zajmujemy\/produkcja\/profesjonalne-rozwiazania-poligraficzne\/\"><img loading=\"lazy\" decoding=\"async\" class=\"alignnone wp-image-4859 size-full\" src=\"https:\/\/adrepublic.pl\/new\/wp-content\/uploads\/2017\/04\/druk_maly.jpg\" alt=\"\" width=\"643\" height=\"270\" srcset=\"https:\/\/adrepublic.pl\/new\/wp-content\/uploads\/2017\/04\/druk_maly.jpg 643w, https:\/\/adrepublic.pl\/new\/wp-content\/uploads\/2017\/04\/druk_maly-300x126.jpg 300w, https:\/\/adrepublic.pl\/new\/wp-content\/uploads\/2017\/04\/druk_maly-450x189.jpg 450w\" sizes=\"auto, (max-width: 643px) 100vw, 643px\" \/><\/a><\/p>\n<p>Gwarantujemy najwy\u017cszej jako\u015bci druk UV, lateksowy i solwentowy. Dowolny materia\u0142, kszta\u0142t i rozmiar \u2013 ogranicza nas tylko wyobra\u017ania.<\/p>\n<p><a href=\"https:\/\/adrepublic.pl\/czym-sie-zajmujemy\/produkcja\/profesjonalne-rozwiazania-poligraficzne\/\">\u00bb Czytaj wi\u0119cej<\/a><\/p>\n<\/div><\/section><\/div>\n<style type=\"text\/css\" data-created_by=\"avia_inline_auto\" id=\"style-css-av-bjrqu1-edb89d991564f4f6e807b2b06baa70b2\">\n.flex_column.av-bjrqu1-edb89d991564f4f6e807b2b06baa70b2{\nborder-radius:0px 0px 0px 0px;\npadding:0px 0px 0px 0px;\n}\n<\/style>\n<div  class='flex_column av-bjrqu1-edb89d991564f4f6e807b2b06baa70b2 av_one_third  avia-builder-el-17  el_after_av_one_third  el_before_av_one_third  flex_column_div av-animated-generic bottom-to-top av-zero-column-padding  column-top-margin'     ><section  class='av_textblock_section av-908ckp-c280e8a689e4ce803a2063f3b40041ec '   itemscope=\"itemscope\" itemtype=\"https:\/\/schema.org\/CreativeWork\" ><div class='avia_textblock'  itemprop=\"text\" ><h4 class=\"slide-entry-title entry-title\"><a href=\"https:\/\/adrepublic.pl\/czym-sie-zajmujemy\/produkcja\/profesjonalna-lakiernia\/\">Profesjonalna lakiernia<\/a><\/h4>\n<p><a href=\"https:\/\/adrepublic.pl\/czym-sie-zajmujemy\/produkcja\/profesjonalna-lakiernia\/\"><img loading=\"lazy\" decoding=\"async\" class=\"alignnone wp-image-4861 size-full\" src=\"https:\/\/adrepublic.pl\/new\/wp-content\/uploads\/2017\/04\/lakiernia.jpg\" alt=\"\" width=\"643\" height=\"270\" srcset=\"https:\/\/adrepublic.pl\/new\/wp-content\/uploads\/2017\/04\/lakiernia.jpg 643w, https:\/\/adrepublic.pl\/new\/wp-content\/uploads\/2017\/04\/lakiernia-300x126.jpg 300w, https:\/\/adrepublic.pl\/new\/wp-content\/uploads\/2017\/04\/lakiernia-450x189.jpg 450w\" sizes=\"auto, (max-width: 643px) 100vw, 643px\" \/><\/a><\/p>\n<p>Dysponujemy nowoczesnym sprz\u0119tem, kt\u00f3ry umo\u017cliwia wyj\u0105tkowo precyzyjne lakierowanie, nawet bardzo du\u017cych powierzchni.<\/p>\n<p><a href=\"https:\/\/adrepublic.pl\/czym-sie-zajmujemy\/produkcja\/profesjonalna-lakiernia\/\">\u00bb Czytaj wi\u0119cej<\/a><\/p>\n<\/div><\/section><\/div>\n<style type=\"text\/css\" data-created_by=\"avia_inline_auto\" id=\"style-css-av-73rxft-94e36a03fba6ccfdefa31945ed20b171\">\n.flex_column.av-73rxft-94e36a03fba6ccfdefa31945ed20b171{\nborder-radius:0px 0px 0px 0px;\npadding:0px 0px 0px 0px;\n}\n<\/style>\n<div  class='flex_column av-73rxft-94e36a03fba6ccfdefa31945ed20b171 av_one_third  avia-builder-el-19  el_after_av_one_third  el_before_av_one_third  flex_column_div av-animated-generic bottom-to-top av-zero-column-padding  column-top-margin'     ><section  class='av_textblock_section av-6i7e6x-3a89c498b3d10f894d62e3d9188d5060 '   itemscope=\"itemscope\" itemtype=\"https:\/\/schema.org\/CreativeWork\" ><div class='avia_textblock'  itemprop=\"text\" ><h4 class=\"slide-entry-title entry-title\"><a href=\"https:\/\/adrepublic.pl\/czym-sie-zajmujemy\/produkcja\/precyzyjne-reczne-wykonczenie\/\">Precyzyjne r\u0119czne wyko\u0144czenie<\/a><\/h4>\n<p><a href=\"https:\/\/adrepublic.pl\/czym-sie-zajmujemy\/produkcja\/precyzyjne-reczne-wykonczenie\/\"><img loading=\"lazy\" decoding=\"async\" class=\"alignnone wp-image-3824 size-full\" src=\"https:\/\/adrepublic.pl\/new\/wp-content\/uploads\/2017\/04\/Produkcja-R\u0119czne-wyko\u0144czenie.jpg\" alt=\"\" width=\"643\" height=\"270\" srcset=\"https:\/\/adrepublic.pl\/new\/wp-content\/uploads\/2017\/04\/Produkcja-R\u0119czne-wyko\u0144czenie.jpg 643w, https:\/\/adrepublic.pl\/new\/wp-content\/uploads\/2017\/04\/Produkcja-R\u0119czne-wyko\u0144czenie-300x126.jpg 300w, https:\/\/adrepublic.pl\/new\/wp-content\/uploads\/2017\/04\/Produkcja-R\u0119czne-wyko\u0144czenie-450x189.jpg 450w\" sizes=\"auto, (max-width: 643px) 100vw, 643px\" \/><\/a><\/p>\n<p>Ka\u017cdy element dopieszczamy r\u0119cznie, bardzo dok\u0142adnie dopracowuj\u0105c wszystkie, nawet najdrobniejsze\u00a0 szczeg\u00f3\u0142y.<\/p>\n<p><a href=\"https:\/\/adrepublic.pl\/czym-sie-zajmujemy\/produkcja\/precyzyjne-reczne-wykonczenie\/\">\u00bb Czytaj wi\u0119cej<\/a><\/p>\n<\/div><\/section><\/div>\n<style type=\"text\/css\" data-created_by=\"avia_inline_auto\" id=\"style-css-av-4urh5l-d1e8291adad2aaada4fe9165cb6bdbd4\">\n.flex_column.av-4urh5l-d1e8291adad2aaada4fe9165cb6bdbd4{\nborder-radius:0px 0px 0px 0px;\npadding:0px 0px 0px 0px;\n}\n<\/style>\n<div  class='flex_column av-4urh5l-d1e8291adad2aaada4fe9165cb6bdbd4 av_one_third  avia-builder-el-21  el_after_av_one_third  avia-builder-el-last  first flex_column_div av-animated-generic bottom-to-top av-zero-column-padding  column-top-margin'     ><section  class='av_textblock_section av-28rrvt-a97251abf0aa798c07fbc94be45b52ec '   itemscope=\"itemscope\" itemtype=\"https:\/\/schema.org\/CreativeWork\" ><div class='avia_textblock'  itemprop=\"text\" ><h4 class=\"slide-entry-title entry-title\"><a href=\"https:\/\/adrepublic.pl\/czym-sie-zajmujemy\/produkcja\/zawartosc-multimedialna\/\">Zawarto\u015b\u0107 multimedialna<\/a><\/h4>\n<p><a href=\"https:\/\/adrepublic.pl\/czym-sie-zajmujemy\/produkcja\/zawartosc-multimedialna\/\"><img loading=\"lazy\" decoding=\"async\" class=\"alignnone wp-image-4864 size-full\" src=\"https:\/\/adrepublic.pl\/new\/wp-content\/uploads\/2017\/04\/Zawarto\u015b\u0107-multimedialna.jpg\" alt=\"\" width=\"643\" height=\"270\" srcset=\"https:\/\/adrepublic.pl\/new\/wp-content\/uploads\/2017\/04\/Zawarto\u015b\u0107-multimedialna.jpg 643w, https:\/\/adrepublic.pl\/new\/wp-content\/uploads\/2017\/04\/Zawarto\u015b\u0107-multimedialna-300x126.jpg 300w, https:\/\/adrepublic.pl\/new\/wp-content\/uploads\/2017\/04\/Zawarto\u015b\u0107-multimedialna-450x189.jpg 450w\" sizes=\"auto, (max-width: 643px) 100vw, 643px\" \/><\/a><\/p>\n<p>Specjalnie przygotowane wy\u015bwietlacze to kolejny no\u015bnik, kt\u00f3ry wykorzystujemy aby zmaksymalizowa\u0107 si\u0142\u0119 przekazu. Nie boimy si\u0119 multimedi\u00f3w.<\/p>\n<p><a href=\"https:\/\/adrepublic.pl\/czym-sie-zajmujemy\/produkcja\/zawartosc-multimedialna\/\">\u00bb Czytaj wi\u0119cej<\/a><\/p>\n<\/div><\/section><\/div>\n","protected":false},"excerpt":{"rendered":"","protected":false},"author":1,"featured_media":0,"parent":3604,"menu_order":0,"comment_status":"closed","ping_status":"closed","template":"","meta":{"footnotes":""},"class_list":["post-5129","page","type-page","status-publish","hentry"],"_links":{"self":[{"href":"https:\/\/adrepublic.pl\/new\/wp-json\/wp\/v2\/pages\/5129","targetHints":{"allow":["GET"]}}],"collection":[{"href":"https:\/\/adrepublic.pl\/new\/wp-json\/wp\/v2\/pages"}],"about":[{"href":"https:\/\/adrepublic.pl\/new\/wp-json\/wp\/v2\/types\/page"}],"author":[{"embeddable":true,"href":"https:\/\/adrepublic.pl\/new\/wp-json\/wp\/v2\/users\/1"}],"replies":[{"embeddable":true,"href":"https:\/\/adrepublic.pl\/new\/wp-json\/wp\/v2\/comments?post=5129"}],"version-history":[{"count":7,"href":"https:\/\/adrepublic.pl\/new\/wp-json\/wp\/v2\/pages\/5129\/revisions"}],"predecessor-version":[{"id":6761,"href":"https:\/\/adrepublic.pl\/new\/wp-json\/wp\/v2\/pages\/5129\/revisions\/6761"}],"up":[{"embeddable":true,"href":"https:\/\/adrepublic.pl\/new\/wp-json\/wp\/v2\/pages\/3604"}],"wp:attachment":[{"href":"https:\/\/adrepublic.pl\/new\/wp-json\/wp\/v2\/media?parent=5129"}],"curies":[{"name":"wp","href":"https:\/\/api.w.org\/{rel}","templated":true}]}}