{"id":5123,"date":"2017-06-14T13:07:07","date_gmt":"2017-06-14T11:07:07","guid":{"rendered":"http:\/\/adrepublic.pl\/new\/?page_id=5123"},"modified":"2019-12-06T10:12:36","modified_gmt":"2019-12-06T09:12:36","slug":"precyzyjne-reczne-wykonczenie","status":"publish","type":"page","link":"https:\/\/adrepublic.pl\/new\/czym-sie-zajmujemy\/produkcja\/precyzyjne-reczne-wykonczenie\/","title":{"rendered":"Precyzyjne r\u0119czne wyko\u0144czenie"},"content":{"rendered":"\n<style type=\"text\/css\" data-created_by=\"avia_inline_auto\" id=\"style-css-av-133x4g3-77458e5a655b9172bf6a8256a9e52d29\">\n.avia-section.av-133x4g3-77458e5a655b9172bf6a8256a9e52d29 .av-parallax .av-parallax-inner{\nbackground-repeat:no-repeat;\nbackground-image:url(https:\/\/adrepublic.pl\/new\/wp-content\/uploads\/2017\/06\/reczne-wykonczenie.jpg);\nbackground-position:50% 100%;\nbackground-attachment:scroll;\n}\n<\/style>\n<div id='av_section_1'  class='avia-section av-133x4g3-77458e5a655b9172bf6a8256a9e52d29 main_color avia-section-huge avia-no-shadow  avia-builder-el-0  el_before_av_one_full  avia-builder-el-first  av-parallax-section avia-bg-style-parallax container_wrap fullsize'  data-section-bg-repeat='no-repeat'><div class='av-parallax' data-avia-parallax-ratio='0.3' ><div class='av-parallax-inner main_color avia-full-stretch'><\/div><\/div><div class='container av-section-cont-open' ><main  role=\"main\" itemprop=\"mainContentOfPage\"  class='template-page content  av-content-full alpha units'><div class='post-entry post-entry-type-page post-entry-5123'><div class='entry-content-wrapper clearfix'>\n\n<style type=\"text\/css\" data-created_by=\"avia_inline_auto\" id=\"style-css-av-3rcsmb-43a1d486c32a2a93c3a552a0a0df1564\">\n#top .hr.hr-invisible.av-3rcsmb-43a1d486c32a2a93c3a552a0a0df1564{\nheight:100px;\n}\n<\/style>\n<div  class='hr av-3rcsmb-43a1d486c32a2a93c3a552a0a0df1564 hr-invisible  avia-builder-el-1  avia-builder-el-no-sibling '><span class='hr-inner '><span class=\"hr-inner-style\"><\/span><\/span><\/div>\n<\/div><\/div><\/main><!-- close content main element --><\/div><\/div><div id='after_section_1'  class='main_color av_default_container_wrap container_wrap fullsize'  ><div class='container av-section-cont-open' ><div class='template-page content  av-content-full alpha units'><div class='post-entry post-entry-type-page post-entry-5123'><div class='entry-content-wrapper clearfix'>\n\n<style type=\"text\/css\" data-created_by=\"avia_inline_auto\" id=\"style-css-av-zrims3-90808289b689168413d6d134d60aa8a0\">\n.flex_column.av-zrims3-90808289b689168413d6d134d60aa8a0{\nborder-radius:0px 0px 0px 0px;\npadding:0px 0px 0px 0px;\n}\n<\/style>\n<div  class='flex_column av-zrims3-90808289b689168413d6d134d60aa8a0 av_one_full  avia-builder-el-2  el_after_av_section  el_before_av_section  avia-builder-el-no-sibling  first flex_column_div av-zero-column-padding  '     ><p>\n<style type=\"text\/css\" data-created_by=\"avia_inline_auto\" id=\"style-css-av-ycj2j7-756ec295eae1cf2f29327d27764d7f22\">\n#top .av-special-heading.av-ycj2j7-756ec295eae1cf2f29327d27764d7f22{\npadding-bottom:0;\n}\nbody .av-special-heading.av-ycj2j7-756ec295eae1cf2f29327d27764d7f22 .av-special-heading-tag .heading-char{\nfont-size:25px;\n}\n.av-special-heading.av-ycj2j7-756ec295eae1cf2f29327d27764d7f22 .av-subheading{\nfont-size:18px;\n}\n<\/style>\n<div  class='av-special-heading av-ycj2j7-756ec295eae1cf2f29327d27764d7f22 av-special-heading-h2 blockquote modern-quote modern-centered  avia-builder-el-3  el_before_av_hr  avia-builder-el-first '><h2 class='av-special-heading-tag'  itemprop=\"headline\"  >Precyzyjne r\u0119czne wyko\u0144czenie<\/h2><div class='av-subheading av-subheading_below'><p>Sekret tkwi w drobiazgowym, r\u0119cznym wyko\u0144czeniu ka\u017cdego elementu.<\/p>\n<\/div><div class=\"special-heading-border\"><div class=\"special-heading-inner-border\"><\/div><\/div><\/div><br \/>\n\n<style type=\"text\/css\" data-created_by=\"avia_inline_auto\" id=\"style-css-av-wasj9f-f89ee49bf7313e315c766e8af94b478c\">\n#top .hr.av-wasj9f-f89ee49bf7313e315c766e8af94b478c{\nmargin-top:30px;\nmargin-bottom:30px;\n}\n.hr.av-wasj9f-f89ee49bf7313e315c766e8af94b478c .hr-inner{\nwidth:40%;\nmax-width:45%;\n}\n<\/style>\n<div  class='hr av-wasj9f-f89ee49bf7313e315c766e8af94b478c hr-custom  avia-builder-el-4  el_after_av_heading  el_before_av_textblock  hr-center hr-icon-yes'><span class='hr-inner inner-border-av-border-thin'><span class=\"hr-inner-style\"><\/span><\/span><span class='av-seperator-icon' aria-hidden='true' data-av_icon='\ue808' data-av_iconfont='entypo-fontello'><\/span><span class='hr-inner inner-border-av-border-thin'><span class=\"hr-inner-style\"><\/span><\/span><\/div><br \/>\n<section  class='av_textblock_section av-umvwdf-4f032f7179f3ee85a8a4b2a0f2e35f78 '   itemscope=\"itemscope\" itemtype=\"https:\/\/schema.org\/CreativeWork\" ><div class='avia_textblock'  itemprop=\"text\" ><p>Perfekcyjna jako\u015b\u0107 naszych produkcji to nie tylko zas\u0142uga najwy\u017cszej klasy urz\u0105dze\u0144 w parku maszynowym oraz zespo\u0142u pracuj\u0105cych na nich wysokiej klasy specjalist\u00f3w. Ka\u017cdy produkowany przez nas element dopieszczamy r\u0119cznie, opracowuj\u0105c nawet najdrobniejszy szczeg\u00f3\u0142.<\/p>\n<p>Na pocz\u0105tku przygotowujemy projekt graficzny, kt\u00f3ry po akceptacji Klienta trafia do produkcji. I tu zaczyna si\u0119 pe\u0142en wyzwa\u0144 technologicznych i wymagaj\u0105cy niezwyk\u0142ej staranno\u015bci proces, dzi\u0119ki kt\u00f3remu ka\u017cda realizacja, zar\u00f3wno pojedynczego ekspozytora reklamowego, jak i wieloelementowego kompletu mebli sklepowych, jest perfekcyjna w ka\u017cdym detalu. Starannie doci\u0119te na maszynach elementy trafiaj\u0105 do fachowc\u00f3w, kt\u00f3rzy maj\u0105c do dyspozycji wysokiej klasy narz\u0119dzia oraz lata w\u0142asnych do\u015bwiadcze\u0144, tworz\u0105 z nich najwy\u017cszej jako\u015bci standy, rega\u0142y, meble oraz skomplikowane systemy wystawiennicze. Ka\u017cd\u0105 cz\u0119\u015b\u0107 traktuj\u0105 indywidualnie, pracuj\u0105c nad ni\u0105 tak d\u0142ugo, a\u017c spe\u0142ni ich mocno wy\u015brubowane wymagania.<\/p>\n<p>Nad finalnym efektem realizowanego dla Klienta zlecenia pracuj\u0105 kilkuosobowe zespo\u0142y szlifierzy, lakiernik\u00f3w oraz monta\u017cyst\u00f3w. W ich r\u0119kach niepozorna bry\u0142a, zmienia si\u0119 w atrakcyjny wizualnie i perfekcyjnie wykonany mebel sklepowy. Zanim to si\u0119 jednak stanie, ka\u017cd\u0105 cz\u0119\u015b\u0107 przygotowanego przedmiotu dok\u0142adnie szlifuj\u0105, lakieruj\u0105 i poleruj\u0105. Dopiero wtedy, korzystaj\u0105c z najlepszych na rynku element\u00f3w wyko\u0144czeniowo-monta\u017cowych, sprawnie sk\u0142adaj\u0105 przygotowane cz\u0119\u015bci w ca\u0142o\u015b\u0107. Taka staranno\u015b\u0107 i dba\u0142o\u015b\u0107 o detale procentuje. Dzi\u0119ki niej nasze produkcje, bez wzgl\u0119du na charakter, cechuje nie tylko wyj\u0105tkowa trwa\u0142o\u015b\u0107, ale r\u00f3wnie\u017c perfekcyjne wykonanie i solidne wyko\u0144czenie.<\/p>\n<\/div><\/section><\/p><\/div>\n<\/div><\/div><\/div><!-- close content main div --><\/div><\/div>\n<style type=\"text\/css\" data-created_by=\"avia_inline_auto\" id=\"style-css-av-t370g3-3d3196eae5e13006e44387b285c15764\">\n.avia-section.av-t370g3-3d3196eae5e13006e44387b285c15764 .av-section-color-overlay{\nopacity:1;\nbackground-image:url(https:\/\/adrepublic.pl\/new\/wp-content\/uploads\/2013\/04\/squairy_light.png);\nbackground-repeat:repeat;\n}\n<\/style>\n<div id='av_section_2'  class='avia-section av-t370g3-3d3196eae5e13006e44387b285c15764 alternate_color avia-section-large avia-shadow  avia-builder-el-6  el_after_av_one_full  avia-builder-el-last  avia-bg-style-scroll av-section-color-overlay-active container_wrap fullsize'  ><div class=\"av-section-color-overlay-wrap\"><div class=\"av-section-color-overlay\"><\/div><div class='container av-section-cont-open' ><div class='template-page content  av-content-full alpha units'><div class='post-entry post-entry-type-page post-entry-5123'><div class='entry-content-wrapper clearfix'>\n\n<style type=\"text\/css\" data-created_by=\"avia_inline_auto\" id=\"style-css-av-av_heading-21dcaa70b07fd44fdcffc65700d02900\">\n#top .av-special-heading.av-av_heading-21dcaa70b07fd44fdcffc65700d02900{\npadding-bottom:0;\n}\nbody .av-special-heading.av-av_heading-21dcaa70b07fd44fdcffc65700d02900 .av-special-heading-tag .heading-char{\nfont-size:25px;\n}\n.av-special-heading.av-av_heading-21dcaa70b07fd44fdcffc65700d02900 .av-subheading{\nfont-size:18px;\n}\n<\/style>\n<div  class='av-special-heading av-av_heading-21dcaa70b07fd44fdcffc65700d02900 av-special-heading-h2 blockquote modern-quote modern-centered  avia-builder-el-7  el_before_av_hr  avia-builder-el-first '><h2 class='av-special-heading-tag'  itemprop=\"headline\"  >By\u0107 mo\u017ce zainteresuje Ci\u0119 r\u00f3wnie\u017c&#8230;<\/h2><div class=\"special-heading-border\"><div class=\"special-heading-inner-border\"><\/div><\/div><\/div>\n\n<style type=\"text\/css\" data-created_by=\"avia_inline_auto\" id=\"style-css-av-pjnqyb-1333927f181c835345d6f4eca11119f6\">\n#top .hr.av-pjnqyb-1333927f181c835345d6f4eca11119f6{\nmargin-top:30px;\nmargin-bottom:30px;\n}\n.hr.av-pjnqyb-1333927f181c835345d6f4eca11119f6 .hr-inner{\nwidth:40%;\nmax-width:45%;\n}\n<\/style>\n<div  class='hr av-pjnqyb-1333927f181c835345d6f4eca11119f6 hr-custom  avia-builder-el-8  el_after_av_heading  el_before_av_one_third  hr-center hr-icon-yes'><span class='hr-inner inner-border-av-border-thin'><span class=\"hr-inner-style\"><\/span><\/span><span class='av-seperator-icon' aria-hidden='true' data-av_icon='\ue808' data-av_iconfont='entypo-fontello'><\/span><span class='hr-inner inner-border-av-border-thin'><span class=\"hr-inner-style\"><\/span><\/span><\/div>\n\n<style type=\"text\/css\" data-created_by=\"avia_inline_auto\" id=\"style-css-av-2e66c3-19586f17473506684f59ff2261846bc6\">\n.flex_column.av-2e66c3-19586f17473506684f59ff2261846bc6{\nborder-radius:0px 0px 0px 0px;\npadding:0px 0px 0px 0px;\n}\n<\/style>\n<div  class='flex_column av-2e66c3-19586f17473506684f59ff2261846bc6 av_one_third  avia-builder-el-9  el_after_av_hr  el_before_av_one_third  first flex_column_div av-animated-generic bottom-to-top av-zero-column-padding  '     ><section  class='av_textblock_section av-mrnzwj-bf1925f053475c26fbe31e17aac92cfc '   itemscope=\"itemscope\" itemtype=\"https:\/\/schema.org\/CreativeWork\" ><div class='avia_textblock'  itemprop=\"text\" ><h4 class=\"slide-entry-title entry-title\"><a href=\"https:\/\/adrepublic.pl\/czym-sie-zajmujemy\/produkcja\/piecioosiowe-frezarki-cnc\/\">Pi\u0119cioosiowe frezarki CNC<\/a><\/h4>\n<p><a href=\"https:\/\/adrepublic.pl\/czym-sie-zajmujemy\/produkcja\/piecioosiowe-frezarki-cnc\/\"><img loading=\"lazy\" decoding=\"async\" class=\"alignnone wp-image-3810 size-full\" src=\"https:\/\/adrepublic.pl\/new\/wp-content\/uploads\/2017\/04\/Produkcja-CNC.jpg\" alt=\"\" width=\"643\" height=\"270\" srcset=\"https:\/\/adrepublic.pl\/new\/wp-content\/uploads\/2017\/04\/Produkcja-CNC.jpg 643w, https:\/\/adrepublic.pl\/new\/wp-content\/uploads\/2017\/04\/Produkcja-CNC-300x126.jpg 300w, https:\/\/adrepublic.pl\/new\/wp-content\/uploads\/2017\/04\/Produkcja-CNC-450x189.jpg 450w\" sizes=\"auto, (max-width: 643px) 100vw, 643px\" \/><\/a><\/p>\n<p>Jako nieliczni w Polsce stosujemy 5-cio osiow\u0105 obr\u00f3bk\u0119, umo\u017cliwiaj\u0105c\u0105 precyzyjne wyko\u0144czenie i nieograniczone mo\u017cliwo\u015bci oferowanych kszta\u0142t\u00f3w.<\/p>\n<p><a href=\"https:\/\/adrepublic.pl\/czym-sie-zajmujemy\/produkcja\/piecioosiowe-frezarki-cnc\/\">\u00bb Czytaj wi\u0119cej<\/a><\/p>\n<\/div><\/section><\/div>\n<style type=\"text\/css\" data-created_by=\"avia_inline_auto\" id=\"style-css-av-k7u3k3-5584cd32491b550bda1eb96feda994c6\">\n.flex_column.av-k7u3k3-5584cd32491b550bda1eb96feda994c6{\nborder-radius:0px 0px 0px 0px;\npadding:0px 0px 0px 0px;\n}\n<\/style>\n<div  class='flex_column av-k7u3k3-5584cd32491b550bda1eb96feda994c6 av_one_third  avia-builder-el-11  el_after_av_one_third  el_before_av_one_third  flex_column_div av-animated-generic bottom-to-top av-zero-column-padding  '     ><section  class='av_textblock_section av-jtg1v7-4ed1b9067645523097911dbdac9b76a6 '   itemscope=\"itemscope\" itemtype=\"https:\/\/schema.org\/CreativeWork\" ><div class='avia_textblock'  itemprop=\"text\" ><h4 class=\"slide-entry-title entry-title\"><a href=\"https:\/\/adrepublic.pl\/czym-sie-zajmujemy\/produkcja\/termoforming\/\">Termoforming<\/a><\/h4>\n<p><a href=\"https:\/\/adrepublic.pl\/czym-sie-zajmujemy\/produkcja\/termoforming\/\"><img loading=\"lazy\" decoding=\"async\" class=\"alignnone wp-image-4629 size-full\" src=\"https:\/\/adrepublic.pl\/new\/wp-content\/uploads\/2017\/04\/termoforming.jpg\" alt=\"\" width=\"643\" height=\"270\" srcset=\"https:\/\/adrepublic.pl\/new\/wp-content\/uploads\/2017\/04\/termoforming.jpg 643w, https:\/\/adrepublic.pl\/new\/wp-content\/uploads\/2017\/04\/termoforming-300x126.jpg 300w, https:\/\/adrepublic.pl\/new\/wp-content\/uploads\/2017\/04\/termoforming-450x189.jpg 450w\" sizes=\"auto, (max-width: 643px) 100vw, 643px\" \/><\/a><\/p>\n<p>Dzi\u0119ki tej unikalnej technologii mo\u017cemy wyczarowa\u0107 dowolne, nawet najbardziej skomplikowane formy z tworzywa sztucznego.<\/p>\n<p><a href=\"https:\/\/adrepublic.pl\/czym-sie-zajmujemy\/produkcja\/termoforming\/\">\u00bb Czytaj wi\u0119cej<\/a><\/p>\n<\/div><\/section><\/div>\n<style type=\"text\/css\" data-created_by=\"avia_inline_auto\" id=\"style-css-av-h37qrn-2aa66bfe5efb27ed72b60e4b74445568\">\n.flex_column.av-h37qrn-2aa66bfe5efb27ed72b60e4b74445568{\nborder-radius:0px 0px 0px 0px;\npadding:0px 0px 0px 0px;\n}\n<\/style>\n<div  class='flex_column av-h37qrn-2aa66bfe5efb27ed72b60e4b74445568 av_one_third  avia-builder-el-13  el_after_av_one_third  el_before_av_one_third  flex_column_div av-animated-generic bottom-to-top av-zero-column-padding  '     ><section  class='av_textblock_section av-fczqc3-3ea39ee6d31940b558c3ed9077a0f5c5 '   itemscope=\"itemscope\" itemtype=\"https:\/\/schema.org\/CreativeWork\" ><div class='avia_textblock'  itemprop=\"text\" ><h4 class=\"slide-entry-title entry-title\"><a href=\"https:\/\/adrepublic.pl\/czym-sie-zajmujemy\/produkcja\/obrobka-tworzyw-sztucznych\/\">Obr\u00f3bka tworzyw sztucznych<\/a><\/h4>\n<p><a href=\"https:\/\/adrepublic.pl\/czym-sie-zajmujemy\/produkcja\/obrobka-tworzyw-sztucznych\/\"><img loading=\"lazy\" decoding=\"async\" class=\"alignnone wp-image-3818 size-full\" src=\"https:\/\/adrepublic.pl\/new\/wp-content\/uploads\/2017\/04\/Produkcja-Obr\u00f3bka-tworzyw-sztucznych.jpg\" alt=\"\" width=\"643\" height=\"270\" srcset=\"https:\/\/adrepublic.pl\/new\/wp-content\/uploads\/2017\/04\/Produkcja-Obr\u00f3bka-tworzyw-sztucznych.jpg 643w, https:\/\/adrepublic.pl\/new\/wp-content\/uploads\/2017\/04\/Produkcja-Obr\u00f3bka-tworzyw-sztucznych-300x126.jpg 300w, https:\/\/adrepublic.pl\/new\/wp-content\/uploads\/2017\/04\/Produkcja-Obr\u00f3bka-tworzyw-sztucznych-450x189.jpg 450w\" sizes=\"auto, (max-width: 643px) 100vw, 643px\" \/><\/a><\/p>\n<p>Mamy niemal\u017ce nieograniczone mo\u017cliwo\u015bci precyzyjnego formowania szerokiej palety tworzyw sztucznych i kompozytowych.<\/p>\n<p><a href=\"https:\/\/adrepublic.pl\/czym-sie-zajmujemy\/produkcja\/obrobka-tworzyw-sztucznych\/\">\u00bb Czytaj wi\u0119cej<\/a><\/p>\n<\/div><\/section><\/div>\n<style type=\"text\/css\" data-created_by=\"avia_inline_auto\" id=\"style-css-av-dmeuxv-d3053fa26dc94c4808ff45f31ecc58d3\">\n.flex_column.av-dmeuxv-d3053fa26dc94c4808ff45f31ecc58d3{\nborder-radius:0px 0px 0px 0px;\npadding:0px 0px 0px 0px;\n}\n<\/style>\n<div  class='flex_column av-dmeuxv-d3053fa26dc94c4808ff45f31ecc58d3 av_one_third  avia-builder-el-15  el_after_av_one_third  el_before_av_one_third  first flex_column_div av-animated-generic bottom-to-top av-zero-column-padding  column-top-margin'     ><section  class='av_textblock_section av-crm3tf-e9df59e709719a653dd2bad6d92c2ee3 '   itemscope=\"itemscope\" itemtype=\"https:\/\/schema.org\/CreativeWork\" ><div class='avia_textblock'  itemprop=\"text\" ><h4 class=\"slide-entry-title entry-title\"><a href=\"https:\/\/adrepublic.pl\/czym-sie-zajmujemy\/produkcja\/profesjonalne-rozwiazania-poligraficzne\/\">Profesjonalne rozwi\u0105zania poligraficzne<\/a><\/h4>\n<p><a href=\"https:\/\/adrepublic.pl\/czym-sie-zajmujemy\/produkcja\/profesjonalne-rozwiazania-poligraficzne\/\"><img loading=\"lazy\" decoding=\"async\" class=\"alignnone wp-image-4859 size-full\" src=\"https:\/\/adrepublic.pl\/new\/wp-content\/uploads\/2017\/04\/druk_maly.jpg\" alt=\"\" width=\"643\" height=\"270\" srcset=\"https:\/\/adrepublic.pl\/new\/wp-content\/uploads\/2017\/04\/druk_maly.jpg 643w, https:\/\/adrepublic.pl\/new\/wp-content\/uploads\/2017\/04\/druk_maly-300x126.jpg 300w, https:\/\/adrepublic.pl\/new\/wp-content\/uploads\/2017\/04\/druk_maly-450x189.jpg 450w\" sizes=\"auto, (max-width: 643px) 100vw, 643px\" \/><\/a><\/p>\n<p>Gwarantujemy najwy\u017cszej jako\u015bci druk UV, lateksowy i solwentowy. Dowolny materia\u0142, kszta\u0142t i rozmiar \u2013 ogranicza nas tylko wyobra\u017ania.<\/p>\n<p><a href=\"https:\/\/adrepublic.pl\/czym-sie-zajmujemy\/produkcja\/profesjonalne-rozwiazania-poligraficzne\/\">\u00bb Czytaj wi\u0119cej<\/a><\/p>\n<\/div><\/section><\/div>\n<style type=\"text\/css\" data-created_by=\"avia_inline_auto\" id=\"style-css-av-b9gawz-a6bef93faabf70dbd94b2ccc29a15cb8\">\n.flex_column.av-b9gawz-a6bef93faabf70dbd94b2ccc29a15cb8{\nborder-radius:0px 0px 0px 0px;\npadding:0px 0px 0px 0px;\n}\n<\/style>\n<div  class='flex_column av-b9gawz-a6bef93faabf70dbd94b2ccc29a15cb8 av_one_third  avia-builder-el-17  el_after_av_one_third  el_before_av_one_third  flex_column_div av-animated-generic bottom-to-top av-zero-column-padding  column-top-margin'     ><section  class='av_textblock_section av-8zqk4z-55e4eca639ae8adcf4c57fad6b0d91cb '   itemscope=\"itemscope\" itemtype=\"https:\/\/schema.org\/CreativeWork\" ><div class='avia_textblock'  itemprop=\"text\" ><h4 class=\"slide-entry-title entry-title\"><a href=\"https:\/\/adrepublic.pl\/czym-sie-zajmujemy\/produkcja\/profesjonalna-lakiernia\/\">Profesjonalna lakiernia<\/a><\/h4>\n<p><a href=\"https:\/\/adrepublic.pl\/czym-sie-zajmujemy\/produkcja\/profesjonalna-lakiernia\/\"><img loading=\"lazy\" decoding=\"async\" class=\"alignnone wp-image-4861 size-full\" src=\"https:\/\/adrepublic.pl\/new\/wp-content\/uploads\/2017\/04\/lakiernia.jpg\" alt=\"\" width=\"643\" height=\"270\" srcset=\"https:\/\/adrepublic.pl\/new\/wp-content\/uploads\/2017\/04\/lakiernia.jpg 643w, https:\/\/adrepublic.pl\/new\/wp-content\/uploads\/2017\/04\/lakiernia-300x126.jpg 300w, https:\/\/adrepublic.pl\/new\/wp-content\/uploads\/2017\/04\/lakiernia-450x189.jpg 450w\" sizes=\"auto, (max-width: 643px) 100vw, 643px\" \/><\/a><\/p>\n<p>Dysponujemy nowoczesnym sprz\u0119tem, kt\u00f3ry umo\u017cliwia wyj\u0105tkowo precyzyjne lakierowanie, nawet bardzo du\u017cych powierzchni.<\/p>\n<p><a href=\"https:\/\/adrepublic.pl\/czym-sie-zajmujemy\/produkcja\/profesjonalna-lakiernia\/\">\u00bb Czytaj wi\u0119cej<\/a><\/p>\n<\/div><\/section><\/div>\n<style type=\"text\/css\" data-created_by=\"avia_inline_auto\" id=\"style-css-av-7h5r43-9848f4bc7e41c55c424c534740f622ec\">\n.flex_column.av-7h5r43-9848f4bc7e41c55c424c534740f622ec{\nborder-radius:0px 0px 0px 0px;\npadding:0px 0px 0px 0px;\n}\n<\/style>\n<div  class='flex_column av-7h5r43-9848f4bc7e41c55c424c534740f622ec av_one_third  avia-builder-el-19  el_after_av_one_third  el_before_av_one_third  flex_column_div av-animated-generic bottom-to-top av-zero-column-padding  column-top-margin'     ><section  class='av_textblock_section av-5cgoyr-52dbdce8f6027f094d9843f07a5e3240 '   itemscope=\"itemscope\" itemtype=\"https:\/\/schema.org\/CreativeWork\" ><div class='avia_textblock'  itemprop=\"text\" ><h4 class=\"slide-entry-title entry-title\"><a href=\"https:\/\/adrepublic.pl\/czym-sie-zajmujemy\/produkcja\/zawartosc-multimedialna\/\">Zawarto\u015b\u0107 multimedialna<\/a><\/h4>\n<p><a href=\"https:\/\/adrepublic.pl\/czym-sie-zajmujemy\/produkcja\/zawartosc-multimedialna\/\"><img loading=\"lazy\" decoding=\"async\" class=\"alignnone wp-image-4864 size-full\" src=\"https:\/\/adrepublic.pl\/new\/wp-content\/uploads\/2017\/04\/Zawarto\u015b\u0107-multimedialna.jpg\" alt=\"\" width=\"643\" height=\"270\" srcset=\"https:\/\/adrepublic.pl\/new\/wp-content\/uploads\/2017\/04\/Zawarto\u015b\u0107-multimedialna.jpg 643w, https:\/\/adrepublic.pl\/new\/wp-content\/uploads\/2017\/04\/Zawarto\u015b\u0107-multimedialna-300x126.jpg 300w, https:\/\/adrepublic.pl\/new\/wp-content\/uploads\/2017\/04\/Zawarto\u015b\u0107-multimedialna-450x189.jpg 450w\" sizes=\"auto, (max-width: 643px) 100vw, 643px\" \/><\/a><\/p>\n<p>Specjalnie przygotowane wy\u015bwietlacze to kolejny no\u015bnik, kt\u00f3ry wykorzystujemy aby zmaksymalizowa\u0107 si\u0142\u0119 przekazu. Nie boimy si\u0119 multimedi\u00f3w.<\/p>\n<p><a href=\"https:\/\/adrepublic.pl\/czym-sie-zajmujemy\/produkcja\/zawartosc-multimedialna\/\">\u00bb Czytaj wi\u0119cej<\/a><\/p>\n<\/div><\/section><\/div>\n<style type=\"text\/css\" data-created_by=\"avia_inline_auto\" id=\"style-css-av-4e6c8j-c5942ee3f1e5921631abef8411ad1e8d\">\n.flex_column.av-4e6c8j-c5942ee3f1e5921631abef8411ad1e8d{\nborder-radius:0px 0px 0px 0px;\npadding:0px 0px 0px 0px;\n}\n<\/style>\n<div  class='flex_column av-4e6c8j-c5942ee3f1e5921631abef8411ad1e8d av_one_third  avia-builder-el-21  el_after_av_one_third  avia-builder-el-last  first flex_column_div av-animated-generic bottom-to-top av-zero-column-padding  column-top-margin'     ><section  class='av_textblock_section av-2s9aib-54a0021e5d1c6422f2fa7835c5a2d361 '   itemscope=\"itemscope\" itemtype=\"https:\/\/schema.org\/CreativeWork\" ><div class='avia_textblock'  itemprop=\"text\" ><h4 class=\"slide-entry-title entry-title\"><a href=\"https:\/\/adrepublic.pl\/czym-sie-zajmujemy\/produkcja\/zabezpieczenia-antykradziezowe\/\">Zabezpieczenia antykradzie\u017cowe<\/a><\/h4>\n<p><a href=\"https:\/\/adrepublic.pl\/czym-sie-zajmujemy\/produkcja\/zabezpieczenia-antykradziezowe\/\"><img loading=\"lazy\" decoding=\"async\" class=\"alignnone wp-image-4863 size-full\" src=\"https:\/\/adrepublic.pl\/new\/wp-content\/uploads\/2017\/04\/zabezpieczenia.jpg\" alt=\"\" width=\"643\" height=\"270\" srcset=\"https:\/\/adrepublic.pl\/new\/wp-content\/uploads\/2017\/04\/zabezpieczenia.jpg 643w, https:\/\/adrepublic.pl\/new\/wp-content\/uploads\/2017\/04\/zabezpieczenia-300x126.jpg 300w, https:\/\/adrepublic.pl\/new\/wp-content\/uploads\/2017\/04\/zabezpieczenia-450x189.jpg 450w\" sizes=\"auto, (max-width: 643px) 100vw, 643px\" \/><\/a><\/p>\n<p>Nasze ekspozycje s\u0105 chronione profesjonalnymi i najskuteczniejszymi na rynku zabezpieczeniami antykradzie\u017cowymi.<\/p>\n<p><a href=\"https:\/\/adrepublic.pl\/czym-sie-zajmujemy\/produkcja\/zabezpieczenia-antykradziezowe\/\">\u00bb Czytaj wi\u0119cej<\/a><\/p>\n<\/div><\/section><\/div>\n","protected":false},"excerpt":{"rendered":"","protected":false},"author":1,"featured_media":0,"parent":3604,"menu_order":0,"comment_status":"closed","ping_status":"closed","template":"","meta":{"footnotes":""},"class_list":["post-5123","page","type-page","status-publish","hentry"],"_links":{"self":[{"href":"https:\/\/adrepublic.pl\/new\/wp-json\/wp\/v2\/pages\/5123","targetHints":{"allow":["GET"]}}],"collection":[{"href":"https:\/\/adrepublic.pl\/new\/wp-json\/wp\/v2\/pages"}],"about":[{"href":"https:\/\/adrepublic.pl\/new\/wp-json\/wp\/v2\/types\/page"}],"author":[{"embeddable":true,"href":"https:\/\/adrepublic.pl\/new\/wp-json\/wp\/v2\/users\/1"}],"replies":[{"embeddable":true,"href":"https:\/\/adrepublic.pl\/new\/wp-json\/wp\/v2\/comments?post=5123"}],"version-history":[{"count":10,"href":"https:\/\/adrepublic.pl\/new\/wp-json\/wp\/v2\/pages\/5123\/revisions"}],"predecessor-version":[{"id":6759,"href":"https:\/\/adrepublic.pl\/new\/wp-json\/wp\/v2\/pages\/5123\/revisions\/6759"}],"up":[{"embeddable":true,"href":"https:\/\/adrepublic.pl\/new\/wp-json\/wp\/v2\/pages\/3604"}],"wp:attachment":[{"href":"https:\/\/adrepublic.pl\/new\/wp-json\/wp\/v2\/media?parent=5123"}],"curies":[{"name":"wp","href":"https:\/\/api.w.org\/{rel}","templated":true}]}}