{"id":5120,"date":"2017-06-14T12:54:28","date_gmt":"2017-06-14T10:54:28","guid":{"rendered":"http:\/\/adrepublic.pl\/new\/?page_id=5120"},"modified":"2019-12-06T10:06:42","modified_gmt":"2019-12-06T09:06:42","slug":"profesjonalna-lakiernia","status":"publish","type":"page","link":"https:\/\/adrepublic.pl\/new\/czym-sie-zajmujemy\/produkcja\/profesjonalna-lakiernia\/","title":{"rendered":"Profesjonalna lakiernia"},"content":{"rendered":"\n<style type=\"text\/css\" data-created_by=\"avia_inline_auto\" id=\"style-css-av-12e6ze8-42940101a1a256c503748917c3e5256f\">\n.avia-section.av-12e6ze8-42940101a1a256c503748917c3e5256f .av-parallax .av-parallax-inner{\nbackground-repeat:no-repeat;\nbackground-image:url(https:\/\/adrepublic.pl\/new\/wp-content\/uploads\/2017\/06\/lakiernia-2.jpg);\nbackground-position:50% 50%;\nbackground-attachment:scroll;\n}\n<\/style>\n<div id='av_section_1'  class='avia-section av-12e6ze8-42940101a1a256c503748917c3e5256f main_color avia-section-huge avia-no-shadow  avia-builder-el-0  el_before_av_one_full  avia-builder-el-first  av-parallax-section avia-bg-style-parallax container_wrap fullsize'  data-section-bg-repeat='no-repeat'><div class='av-parallax' data-avia-parallax-ratio='0.3' ><div class='av-parallax-inner main_color avia-full-stretch'><\/div><\/div><div class='container av-section-cont-open' ><main  role=\"main\" itemprop=\"mainContentOfPage\"  class='template-page content  av-content-full alpha units'><div class='post-entry post-entry-type-page post-entry-5120'><div class='entry-content-wrapper clearfix'>\n\n<style type=\"text\/css\" data-created_by=\"avia_inline_auto\" id=\"style-css-av-111wasw-02508b1f17db16b3fc739496918be472\">\n#top .hr.hr-invisible.av-111wasw-02508b1f17db16b3fc739496918be472{\nheight:100px;\n}\n<\/style>\n<div  class='hr av-111wasw-02508b1f17db16b3fc739496918be472 hr-invisible  avia-builder-el-1  avia-builder-el-no-sibling '><span class='hr-inner '><span class=\"hr-inner-style\"><\/span><\/span><\/div>\n<\/div><\/div><\/main><!-- close content main element --><\/div><\/div><div id='after_section_1'  class='main_color av_default_container_wrap container_wrap fullsize'  ><div class='container av-section-cont-open' ><div class='template-page content  av-content-full alpha units'><div class='post-entry post-entry-type-page post-entry-5120'><div class='entry-content-wrapper clearfix'>\n\n<style type=\"text\/css\" data-created_by=\"avia_inline_auto\" id=\"style-css-av-z51y4g-cb58346334b390a8a2d05ab3c69d1928\">\n.flex_column.av-z51y4g-cb58346334b390a8a2d05ab3c69d1928{\nborder-radius:0px 0px 0px 0px;\npadding:0px 0px 0px 0px;\n}\n<\/style>\n<div  class='flex_column av-z51y4g-cb58346334b390a8a2d05ab3c69d1928 av_one_full  avia-builder-el-2  el_after_av_section  el_before_av_section  avia-builder-el-no-sibling  first flex_column_div av-zero-column-padding  '     ><p>\n<style type=\"text\/css\" data-created_by=\"avia_inline_auto\" id=\"style-css-av-yahrn4-dc5ca04413afba98e75f19b97b455ba2\">\n#top .av-special-heading.av-yahrn4-dc5ca04413afba98e75f19b97b455ba2{\npadding-bottom:0;\n}\nbody .av-special-heading.av-yahrn4-dc5ca04413afba98e75f19b97b455ba2 .av-special-heading-tag .heading-char{\nfont-size:25px;\n}\n.av-special-heading.av-yahrn4-dc5ca04413afba98e75f19b97b455ba2 .av-subheading{\nfont-size:18px;\n}\n<\/style>\n<div  class='av-special-heading av-yahrn4-dc5ca04413afba98e75f19b97b455ba2 av-special-heading-h2 blockquote modern-quote modern-centered  avia-builder-el-3  el_before_av_hr  avia-builder-el-first '><h2 class='av-special-heading-tag'  itemprop=\"headline\"  >Profesjonalna lakiernia<\/h2><div class='av-subheading av-subheading_below'><p>Precyzyjne, r\u00f3wnomierne i sprawne lakierowanie nawet wielkich powierzchni.<\/p>\n<\/div><div class=\"special-heading-border\"><div class=\"special-heading-inner-border\"><\/div><\/div><\/div><br \/>\n\n<style type=\"text\/css\" data-created_by=\"avia_inline_auto\" id=\"style-css-av-3a0frk-922947cf13c882dd288c63b0cd9d43e0\">\n#top .hr.av-3a0frk-922947cf13c882dd288c63b0cd9d43e0{\nmargin-top:30px;\nmargin-bottom:30px;\n}\n.hr.av-3a0frk-922947cf13c882dd288c63b0cd9d43e0 .hr-inner{\nwidth:40%;\nmax-width:45%;\n}\n<\/style>\n<div  class='hr av-3a0frk-922947cf13c882dd288c63b0cd9d43e0 hr-custom  avia-builder-el-4  el_after_av_heading  el_before_av_textblock  hr-center hr-icon-yes'><span class='hr-inner inner-border-av-border-thin'><span class=\"hr-inner-style\"><\/span><\/span><span class='av-seperator-icon' aria-hidden='true' data-av_icon='\ue808' data-av_iconfont='entypo-fontello'><\/span><span class='hr-inner inner-border-av-border-thin'><span class=\"hr-inner-style\"><\/span><\/span><\/div><br \/>\n<section  class='av_textblock_section av-31o5kw-30501fff89311e85d39b20019d7c05f6 '   itemscope=\"itemscope\" itemtype=\"https:\/\/schema.org\/CreativeWork\" ><div class='avia_textblock'  itemprop=\"text\" ><p>Wyj\u0105tkowo precyzyjne i sprawne lakierowanie dowolnym kolorem, nawet bardzo du\u017cych powierzchni, to niew\u0105tpliwie g\u0142\u00f3wna zaleta nowoczesnej lakierni, kt\u00f3r\u0105 dysponujemy. Wchodz\u0105ce w sk\u0142ad naszego parku maszynowego, urz\u0105dzenie lakiernicze uznawane jest za jedne z najlepszych na \u015bwiatowym rynku.<\/p>\n<p>Imponuj\u0105ce mo\u017cliwo\u015bci produkcyjne i niezawodno\u015b\u0107 dzia\u0142ania naszej lakierni doskonale sprawdzaj\u0105 si\u0119 podczas realizacji zlece\u0144 zar\u00f3wno na ma\u0142e, jak i na du\u017ce, wieloelementowe ekspozycje reklamowe. Aran\u017cuj\u0105c przestrze\u0144 kilkudziesi\u0119ciometrowej powierzchni komercyjnej mamy gwarancj\u0119, \u017ce ka\u017cdy z wykonanych przez nas element\u00f3w b\u0119dzie mia\u0142 ten sam odcie\u0144 i b\u0119dzie cechowa\u0142a go jednakowa trwa\u0142o\u015b\u0107 koloru. To bardzo wa\u017cne, gdy bierzemy pe\u0142n\u0105 odpowiedzialno\u015b\u0107 za pot\u0119\u017cn\u0105 ekspozycj\u0119 reklamow\u0105 lub system stoisk wystawienniczych. Dlatego te\u017c w codziennej pracy korzystamy z bezpy\u0142owej lakierni samochodowej Saima, kt\u00f3r\u0105 specjali\u015bci okre\u015blaj\u0105 mianem urz\u0105dzenia z najwy\u017cszej p\u00f3\u0142ki.<\/p>\n<p>Sterowana komputerowo lakiernia umo\u017cliwia nam nie tylko precyzyjne pokrycie kolorem nawet bardzo du\u017cych element\u00f3w, ale r\u00f3wnie\u017c ich dok\u0142adne wysuszenie. Po odpowiednim doborze barwy oraz typu (po\u0142ysk, mat, p\u00f3\u0142mat) lakieru, urz\u0105dzenie za pomoc\u0105 specjalnych pistolet\u00f3w bezb\u0142\u0119dnie pokrywa nim ca\u0142\u0105 powierzchni\u0119. Tak pomalowane elementy poddawane s\u0105 procesowi suszenia i po 30 minutach czekaj\u0105\u00a0 gotowe do dalszej obr\u00f3bki. Kolejnym etapem po malowaniu i suszeniu jest uzale\u017cnione od szczeg\u00f3\u0142\u00f3w zlecenia wyko\u0144czenie. Pocz\u0105wszy od polerowania, przez instalacj\u0119 element\u00f3w dodatkowych (ramki cyfrowe, o\u015bwietlenie, monitory, okablowanie) a sko\u0144czywszy na przygotowaniu do monta\u017cu w miejscu ekspozycji.<\/p>\n<p>W taki spos\u00f3b przygotowywane s\u0105 przez nas komponenty pot\u0119\u017cnych ekspozycji reklamowych, system\u00f3w mebli sklepowych czy stand\u00f3w promocyjnych, widocznych w wi\u0119kszo\u015bci elektromarket\u00f3w w Polsce i na \u015bwiecie.<\/p>\n<\/div><\/section><\/p><\/div>\n<\/div><\/div><\/div><!-- close content main div --><\/div><\/div>\n<style type=\"text\/css\" data-created_by=\"avia_inline_auto\" id=\"style-css-av-su1slc-fc3031ce5592338ca71071f98d3bcb4e\">\n.avia-section.av-su1slc-fc3031ce5592338ca71071f98d3bcb4e .av-section-color-overlay{\nopacity:1;\nbackground-image:url(https:\/\/adrepublic.pl\/new\/wp-content\/uploads\/2013\/04\/squairy_light.png);\nbackground-repeat:repeat;\n}\n<\/style>\n<div id='av_section_2'  class='avia-section av-su1slc-fc3031ce5592338ca71071f98d3bcb4e alternate_color avia-section-large avia-shadow  avia-builder-el-6  el_after_av_one_full  avia-builder-el-last  avia-bg-style-scroll av-section-color-overlay-active container_wrap fullsize'  ><div class=\"av-section-color-overlay-wrap\"><div class=\"av-section-color-overlay\"><\/div><div class='container av-section-cont-open' ><div class='template-page content  av-content-full alpha units'><div class='post-entry post-entry-type-page post-entry-5120'><div class='entry-content-wrapper clearfix'>\n\n<style type=\"text\/css\" data-created_by=\"avia_inline_auto\" id=\"style-css-av-av_heading-21dcaa70b07fd44fdcffc65700d02900\">\n#top .av-special-heading.av-av_heading-21dcaa70b07fd44fdcffc65700d02900{\npadding-bottom:0;\n}\nbody .av-special-heading.av-av_heading-21dcaa70b07fd44fdcffc65700d02900 .av-special-heading-tag .heading-char{\nfont-size:25px;\n}\n.av-special-heading.av-av_heading-21dcaa70b07fd44fdcffc65700d02900 .av-subheading{\nfont-size:18px;\n}\n<\/style>\n<div  class='av-special-heading av-av_heading-21dcaa70b07fd44fdcffc65700d02900 av-special-heading-h2 blockquote modern-quote modern-centered  avia-builder-el-7  el_before_av_hr  avia-builder-el-first '><h2 class='av-special-heading-tag'  itemprop=\"headline\"  >By\u0107 mo\u017ce zainteresuje Ci\u0119 r\u00f3wnie\u017c&#8230;<\/h2><div class=\"special-heading-border\"><div class=\"special-heading-inner-border\"><\/div><\/div><\/div>\n\n<style type=\"text\/css\" data-created_by=\"avia_inline_auto\" id=\"style-css-av-pk6e8w-0caf605e8c27805982039b85b6d092a0\">\n#top .hr.av-pk6e8w-0caf605e8c27805982039b85b6d092a0{\nmargin-top:30px;\nmargin-bottom:30px;\n}\n.hr.av-pk6e8w-0caf605e8c27805982039b85b6d092a0 .hr-inner{\nwidth:40%;\nmax-width:45%;\n}\n<\/style>\n<div  class='hr av-pk6e8w-0caf605e8c27805982039b85b6d092a0 hr-custom  avia-builder-el-8  el_after_av_heading  el_before_av_one_third  hr-center hr-icon-yes'><span class='hr-inner inner-border-av-border-thin'><span class=\"hr-inner-style\"><\/span><\/span><span class='av-seperator-icon' aria-hidden='true' data-av_icon='\ue808' data-av_iconfont='entypo-fontello'><\/span><span class='hr-inner inner-border-av-border-thin'><span class=\"hr-inner-style\"><\/span><\/span><\/div>\n\n<style type=\"text\/css\" data-created_by=\"avia_inline_auto\" id=\"style-css-av-ooikao-3614ccb093a1eb16e7352ccc0227fc1e\">\n.flex_column.av-ooikao-3614ccb093a1eb16e7352ccc0227fc1e{\nborder-radius:0px 0px 0px 0px;\npadding:0px 0px 0px 0px;\n}\n<\/style>\n<div  class='flex_column av-ooikao-3614ccb093a1eb16e7352ccc0227fc1e av_one_third  avia-builder-el-9  el_after_av_hr  el_before_av_one_third  first flex_column_div av-animated-generic bottom-to-top av-zero-column-padding  '     ><section  class='av_textblock_section av-mcbfxc-24f9c0e6682f0b7a37e36d05ffbb02e2 '   itemscope=\"itemscope\" itemtype=\"https:\/\/schema.org\/CreativeWork\" ><div class='avia_textblock'  itemprop=\"text\" ><h4 class=\"slide-entry-title entry-title\"><a href=\"https:\/\/adrepublic.pl\/czym-sie-zajmujemy\/produkcja\/piecioosiowe-frezarki-cnc\/\">Pi\u0119cioosiowe frezarki CNC<\/a><\/h4>\n<p><a href=\"https:\/\/adrepublic.pl\/czym-sie-zajmujemy\/produkcja\/piecioosiowe-frezarki-cnc\/\"><img loading=\"lazy\" decoding=\"async\" class=\"alignnone wp-image-3810 size-full\" src=\"https:\/\/adrepublic.pl\/new\/wp-content\/uploads\/2017\/04\/Produkcja-CNC.jpg\" alt=\"\" width=\"643\" height=\"270\" srcset=\"https:\/\/adrepublic.pl\/new\/wp-content\/uploads\/2017\/04\/Produkcja-CNC.jpg 643w, https:\/\/adrepublic.pl\/new\/wp-content\/uploads\/2017\/04\/Produkcja-CNC-300x126.jpg 300w, https:\/\/adrepublic.pl\/new\/wp-content\/uploads\/2017\/04\/Produkcja-CNC-450x189.jpg 450w\" sizes=\"auto, (max-width: 643px) 100vw, 643px\" \/><\/a><\/p>\n<p>Jako nieliczni w Polsce stosujemy 5-cio osiow\u0105 obr\u00f3bk\u0119, umo\u017cliwiaj\u0105c\u0105 precyzyjne wyko\u0144czenie i nieograniczone mo\u017cliwo\u015bci oferowanych kszta\u0142t\u00f3w.<\/p>\n<p><a href=\"https:\/\/adrepublic.pl\/czym-sie-zajmujemy\/produkcja\/piecioosiowe-frezarki-cnc\/\">\u00bb Czytaj wi\u0119cej<\/a><\/p>\n<\/div><\/section><\/div>\n<style type=\"text\/css\" data-created_by=\"avia_inline_auto\" id=\"style-css-av-ky3j1s-3c8e5860f59a1f80bb0b6dd502847bb7\">\n.flex_column.av-ky3j1s-3c8e5860f59a1f80bb0b6dd502847bb7{\nborder-radius:0px 0px 0px 0px;\npadding:0px 0px 0px 0px;\n}\n<\/style>\n<div  class='flex_column av-ky3j1s-3c8e5860f59a1f80bb0b6dd502847bb7 av_one_third  avia-builder-el-11  el_after_av_one_third  el_before_av_one_third  flex_column_div av-animated-generic bottom-to-top av-zero-column-padding  '     ><section  class='av_textblock_section av-ir4dnk-6857cafe60231f9f94023effe5595c3e '   itemscope=\"itemscope\" itemtype=\"https:\/\/schema.org\/CreativeWork\" ><div class='avia_textblock'  itemprop=\"text\" ><h4 class=\"slide-entry-title entry-title\"><a href=\"https:\/\/adrepublic.pl\/czym-sie-zajmujemy\/produkcja\/termoforming\/\">Termoforming<\/a><\/h4>\n<p><a href=\"https:\/\/adrepublic.pl\/czym-sie-zajmujemy\/produkcja\/termoforming\/\"><img loading=\"lazy\" decoding=\"async\" class=\"alignnone wp-image-4629 size-full\" src=\"https:\/\/adrepublic.pl\/new\/wp-content\/uploads\/2017\/04\/termoforming.jpg\" alt=\"\" width=\"643\" height=\"270\" srcset=\"https:\/\/adrepublic.pl\/new\/wp-content\/uploads\/2017\/04\/termoforming.jpg 643w, https:\/\/adrepublic.pl\/new\/wp-content\/uploads\/2017\/04\/termoforming-300x126.jpg 300w, https:\/\/adrepublic.pl\/new\/wp-content\/uploads\/2017\/04\/termoforming-450x189.jpg 450w\" sizes=\"auto, (max-width: 643px) 100vw, 643px\" \/><\/a><\/p>\n<p>Dzi\u0119ki tej unikalnej technologii mo\u017cemy wyczarowa\u0107 dowolne, nawet najbardziej skomplikowane formy z tworzywa sztucznego.<\/p>\n<p><a href=\"https:\/\/adrepublic.pl\/czym-sie-zajmujemy\/produkcja\/termoforming\/\">\u00bb Czytaj wi\u0119cej<\/a><\/p>\n<\/div><\/section><\/div>\n<style type=\"text\/css\" data-created_by=\"avia_inline_auto\" id=\"style-css-av-gxrmkw-17f992dbbf1df865a9e533a1d08adcbc\">\n.flex_column.av-gxrmkw-17f992dbbf1df865a9e533a1d08adcbc{\nborder-radius:0px 0px 0px 0px;\npadding:0px 0px 0px 0px;\n}\n<\/style>\n<div  class='flex_column av-gxrmkw-17f992dbbf1df865a9e533a1d08adcbc av_one_third  avia-builder-el-13  el_after_av_one_third  el_before_av_one_third  flex_column_div av-animated-generic bottom-to-top av-zero-column-padding  '     ><section  class='av_textblock_section av-fhvhhs-840c8d4cf6882cf97d49547e9a180184 '   itemscope=\"itemscope\" itemtype=\"https:\/\/schema.org\/CreativeWork\" ><div class='avia_textblock'  itemprop=\"text\" ><h4 class=\"slide-entry-title entry-title\"><a href=\"https:\/\/adrepublic.pl\/czym-sie-zajmujemy\/produkcja\/obrobka-tworzyw-sztucznych\/\">Obr\u00f3bka tworzyw sztucznych<\/a><\/h4>\n<p><a href=\"https:\/\/adrepublic.pl\/czym-sie-zajmujemy\/produkcja\/obrobka-tworzyw-sztucznych\/\"><img loading=\"lazy\" decoding=\"async\" class=\"alignnone wp-image-3818 size-full\" src=\"https:\/\/adrepublic.pl\/new\/wp-content\/uploads\/2017\/04\/Produkcja-Obr\u00f3bka-tworzyw-sztucznych.jpg\" alt=\"\" width=\"643\" height=\"270\" srcset=\"https:\/\/adrepublic.pl\/new\/wp-content\/uploads\/2017\/04\/Produkcja-Obr\u00f3bka-tworzyw-sztucznych.jpg 643w, https:\/\/adrepublic.pl\/new\/wp-content\/uploads\/2017\/04\/Produkcja-Obr\u00f3bka-tworzyw-sztucznych-300x126.jpg 300w, https:\/\/adrepublic.pl\/new\/wp-content\/uploads\/2017\/04\/Produkcja-Obr\u00f3bka-tworzyw-sztucznych-450x189.jpg 450w\" sizes=\"auto, (max-width: 643px) 100vw, 643px\" \/><\/a><\/p>\n<p>Mamy niemal\u017ce nieograniczone mo\u017cliwo\u015bci precyzyjnego formowania szerokiej palety tworzyw sztucznych i kompozytowych.<\/p>\n<p><a href=\"https:\/\/adrepublic.pl\/czym-sie-zajmujemy\/produkcja\/obrobka-tworzyw-sztucznych\/\">\u00bb Czytaj wi\u0119cej<\/a><\/p>\n<\/div><\/section><\/div>\n<style type=\"text\/css\" data-created_by=\"avia_inline_auto\" id=\"style-css-av-e26f1c-0527669d1af0b5cefcc9648661597f75\">\n.flex_column.av-e26f1c-0527669d1af0b5cefcc9648661597f75{\nborder-radius:0px 0px 0px 0px;\npadding:0px 0px 0px 0px;\n}\n<\/style>\n<div  class='flex_column av-e26f1c-0527669d1af0b5cefcc9648661597f75 av_one_third  avia-builder-el-15  el_after_av_one_third  el_before_av_one_third  first flex_column_div av-animated-generic bottom-to-top av-zero-column-padding  column-top-margin'     ><section  class='av_textblock_section av-c3r9ls-964820922ffdcb2c659dbb47754a9d01 '   itemscope=\"itemscope\" itemtype=\"https:\/\/schema.org\/CreativeWork\" ><div class='avia_textblock'  itemprop=\"text\" ><h4 class=\"slide-entry-title entry-title\"><a href=\"https:\/\/adrepublic.pl\/czym-sie-zajmujemy\/produkcja\/profesjonalne-rozwiazania-poligraficzne\/\">Profesjonalne rozwi\u0105zania poligraficzne<\/a><\/h4>\n<p><a href=\"https:\/\/adrepublic.pl\/czym-sie-zajmujemy\/produkcja\/profesjonalne-rozwiazania-poligraficzne\/\"><img loading=\"lazy\" decoding=\"async\" class=\"alignnone wp-image-4859 size-full\" src=\"https:\/\/adrepublic.pl\/new\/wp-content\/uploads\/2017\/04\/druk_maly.jpg\" alt=\"\" width=\"643\" height=\"270\" srcset=\"https:\/\/adrepublic.pl\/new\/wp-content\/uploads\/2017\/04\/druk_maly.jpg 643w, https:\/\/adrepublic.pl\/new\/wp-content\/uploads\/2017\/04\/druk_maly-300x126.jpg 300w, https:\/\/adrepublic.pl\/new\/wp-content\/uploads\/2017\/04\/druk_maly-450x189.jpg 450w\" sizes=\"auto, (max-width: 643px) 100vw, 643px\" \/><\/a><\/p>\n<p>Gwarantujemy najwy\u017cszej jako\u015bci druk UV, lateksowy i solwentowy. Dowolny materia\u0142, kszta\u0142t i rozmiar \u2013 ogranicza nas tylko wyobra\u017ania.<\/p>\n<p><a href=\"https:\/\/adrepublic.pl\/czym-sie-zajmujemy\/produkcja\/profesjonalne-rozwiazania-poligraficzne\/\">\u00bb Czytaj wi\u0119cej<\/a><\/p>\n<\/div><\/section><\/div>\n<style type=\"text\/css\" data-created_by=\"avia_inline_auto\" id=\"style-css-av-bcd428-139e3676aac7b290804595ba381058cf\">\n.flex_column.av-bcd428-139e3676aac7b290804595ba381058cf{\nborder-radius:0px 0px 0px 0px;\npadding:0px 0px 0px 0px;\n}\n<\/style>\n<div  class='flex_column av-bcd428-139e3676aac7b290804595ba381058cf av_one_third  avia-builder-el-17  el_after_av_one_third  el_before_av_one_third  flex_column_div av-animated-generic bottom-to-top av-zero-column-padding  column-top-margin'     ><section  class='av_textblock_section av-9j2xkw-6d2c45262bd47695805937127fd2ba3f '   itemscope=\"itemscope\" itemtype=\"https:\/\/schema.org\/CreativeWork\" ><div class='avia_textblock'  itemprop=\"text\" ><h4 class=\"slide-entry-title entry-title\"><a href=\"https:\/\/adrepublic.pl\/czym-sie-zajmujemy\/produkcja\/precyzyjne-reczne-wykonczenie\/\">Precyzyjne r\u0119czne wyko\u0144czenie<\/a><\/h4>\n<p><a href=\"https:\/\/adrepublic.pl\/czym-sie-zajmujemy\/produkcja\/precyzyjne-reczne-wykonczenie\/\"><img loading=\"lazy\" decoding=\"async\" class=\"alignnone wp-image-3824 size-full\" src=\"https:\/\/adrepublic.pl\/new\/wp-content\/uploads\/2017\/04\/Produkcja-R\u0119czne-wyko\u0144czenie.jpg\" alt=\"\" width=\"643\" height=\"270\" srcset=\"https:\/\/adrepublic.pl\/new\/wp-content\/uploads\/2017\/04\/Produkcja-R\u0119czne-wyko\u0144czenie.jpg 643w, https:\/\/adrepublic.pl\/new\/wp-content\/uploads\/2017\/04\/Produkcja-R\u0119czne-wyko\u0144czenie-300x126.jpg 300w, https:\/\/adrepublic.pl\/new\/wp-content\/uploads\/2017\/04\/Produkcja-R\u0119czne-wyko\u0144czenie-450x189.jpg 450w\" sizes=\"auto, (max-width: 643px) 100vw, 643px\" \/><\/a><\/p>\n<p>Ka\u017cdy element dopieszczamy r\u0119cznie, bardzo dok\u0142adnie dopracowuj\u0105c wszystkie, nawet najdrobniejsze\u00a0 szczeg\u00f3\u0142y.<\/p>\n<p><a href=\"https:\/\/adrepublic.pl\/czym-sie-zajmujemy\/produkcja\/precyzyjne-reczne-wykonczenie\/\">\u00bb Czytaj wi\u0119cej<\/a><\/p>\n<\/div><\/section><\/div>\n<style type=\"text\/css\" data-created_by=\"avia_inline_auto\" id=\"style-css-av-72j4s0-0e1308870c2fd5e20942f3c2915950ce\">\n.flex_column.av-72j4s0-0e1308870c2fd5e20942f3c2915950ce{\nborder-radius:0px 0px 0px 0px;\npadding:0px 0px 0px 0px;\n}\n<\/style>\n<div  class='flex_column av-72j4s0-0e1308870c2fd5e20942f3c2915950ce av_one_third  avia-builder-el-19  el_after_av_one_third  el_before_av_one_third  flex_column_div av-animated-generic bottom-to-top av-zero-column-padding  column-top-margin'     ><section  class='av_textblock_section av-5y35nk-377c2c96a7cd9388207e99c62c124ca8 '   itemscope=\"itemscope\" itemtype=\"https:\/\/schema.org\/CreativeWork\" ><div class='avia_textblock'  itemprop=\"text\" ><h4 class=\"slide-entry-title entry-title\"><a href=\"https:\/\/adrepublic.pl\/czym-sie-zajmujemy\/produkcja\/zawartosc-multimedialna\/\">Zawarto\u015b\u0107 multimedialna<\/a><\/h4>\n<p><a href=\"https:\/\/adrepublic.pl\/czym-sie-zajmujemy\/produkcja\/zawartosc-multimedialna\/\"><img loading=\"lazy\" decoding=\"async\" class=\"alignnone wp-image-4864 size-full\" src=\"https:\/\/adrepublic.pl\/new\/wp-content\/uploads\/2017\/04\/Zawarto\u015b\u0107-multimedialna.jpg\" alt=\"\" width=\"643\" height=\"270\" srcset=\"https:\/\/adrepublic.pl\/new\/wp-content\/uploads\/2017\/04\/Zawarto\u015b\u0107-multimedialna.jpg 643w, https:\/\/adrepublic.pl\/new\/wp-content\/uploads\/2017\/04\/Zawarto\u015b\u0107-multimedialna-300x126.jpg 300w, https:\/\/adrepublic.pl\/new\/wp-content\/uploads\/2017\/04\/Zawarto\u015b\u0107-multimedialna-450x189.jpg 450w\" sizes=\"auto, (max-width: 643px) 100vw, 643px\" \/><\/a><\/p>\n<p>Specjalnie przygotowane wy\u015bwietlacze to kolejny no\u015bnik, kt\u00f3ry wykorzystujemy aby zmaksymalizowa\u0107 si\u0142\u0119 przekazu. Nie boimy si\u0119 multimedi\u00f3w.<\/p>\n<p><a href=\"https:\/\/adrepublic.pl\/czym-sie-zajmujemy\/produkcja\/zawartosc-multimedialna\/\">\u00bb Czytaj wi\u0119cej<\/a><\/p>\n<\/div><\/section><\/div>\n<style type=\"text\/css\" data-created_by=\"avia_inline_auto\" id=\"style-css-av-4a15v4-97a2fa38640b9afd2116821c7301e009\">\n.flex_column.av-4a15v4-97a2fa38640b9afd2116821c7301e009{\nborder-radius:0px 0px 0px 0px;\npadding:0px 0px 0px 0px;\n}\n<\/style>\n<div  class='flex_column av-4a15v4-97a2fa38640b9afd2116821c7301e009 av_one_third  avia-builder-el-21  el_after_av_one_third  avia-builder-el-last  first flex_column_div av-animated-generic bottom-to-top av-zero-column-padding  column-top-margin'     ><section  class='av_textblock_section av-35i6ps-e9b131c6ba2ca9f0211e7b81d4379263 '   itemscope=\"itemscope\" itemtype=\"https:\/\/schema.org\/CreativeWork\" ><div class='avia_textblock'  itemprop=\"text\" ><h4 class=\"slide-entry-title entry-title\"><a href=\"https:\/\/adrepublic.pl\/czym-sie-zajmujemy\/produkcja\/zabezpieczenia-antykradziezowe\/\">Zabezpieczenia antykradzie\u017cowe<\/a><\/h4>\n<p><a href=\"https:\/\/adrepublic.pl\/czym-sie-zajmujemy\/produkcja\/zabezpieczenia-antykradziezowe\/\"><img loading=\"lazy\" decoding=\"async\" class=\"alignnone wp-image-4863 size-full\" src=\"https:\/\/adrepublic.pl\/new\/wp-content\/uploads\/2017\/04\/zabezpieczenia.jpg\" alt=\"\" width=\"643\" height=\"270\" srcset=\"https:\/\/adrepublic.pl\/new\/wp-content\/uploads\/2017\/04\/zabezpieczenia.jpg 643w, https:\/\/adrepublic.pl\/new\/wp-content\/uploads\/2017\/04\/zabezpieczenia-300x126.jpg 300w, https:\/\/adrepublic.pl\/new\/wp-content\/uploads\/2017\/04\/zabezpieczenia-450x189.jpg 450w\" sizes=\"auto, (max-width: 643px) 100vw, 643px\" \/><\/a><\/p>\n<p>Nasze ekspozycje s\u0105 chronione profesjonalnymi i najskuteczniejszymi na rynku zabezpieczeniami antykradzie\u017cowymi.<\/p>\n<p><a href=\"https:\/\/adrepublic.pl\/czym-sie-zajmujemy\/produkcja\/zabezpieczenia-antykradziezowe\/\">\u00bb Czytaj wi\u0119cej<\/a><\/p>\n<\/div><\/section><\/div>\n","protected":false},"excerpt":{"rendered":"","protected":false},"author":1,"featured_media":0,"parent":3604,"menu_order":0,"comment_status":"closed","ping_status":"closed","template":"","meta":{"footnotes":""},"class_list":["post-5120","page","type-page","status-publish","hentry"],"_links":{"self":[{"href":"https:\/\/adrepublic.pl\/new\/wp-json\/wp\/v2\/pages\/5120","targetHints":{"allow":["GET"]}}],"collection":[{"href":"https:\/\/adrepublic.pl\/new\/wp-json\/wp\/v2\/pages"}],"about":[{"href":"https:\/\/adrepublic.pl\/new\/wp-json\/wp\/v2\/types\/page"}],"author":[{"embeddable":true,"href":"https:\/\/adrepublic.pl\/new\/wp-json\/wp\/v2\/users\/1"}],"replies":[{"embeddable":true,"href":"https:\/\/adrepublic.pl\/new\/wp-json\/wp\/v2\/comments?post=5120"}],"version-history":[{"count":8,"href":"https:\/\/adrepublic.pl\/new\/wp-json\/wp\/v2\/pages\/5120\/revisions"}],"predecessor-version":[{"id":6756,"href":"https:\/\/adrepublic.pl\/new\/wp-json\/wp\/v2\/pages\/5120\/revisions\/6756"}],"up":[{"embeddable":true,"href":"https:\/\/adrepublic.pl\/new\/wp-json\/wp\/v2\/pages\/3604"}],"wp:attachment":[{"href":"https:\/\/adrepublic.pl\/new\/wp-json\/wp\/v2\/media?parent=5120"}],"curies":[{"name":"wp","href":"https:\/\/api.w.org\/{rel}","templated":true}]}}