{"id":5117,"date":"2017-06-14T12:53:41","date_gmt":"2017-06-14T10:53:41","guid":{"rendered":"http:\/\/adrepublic.pl\/new\/?page_id=5117"},"modified":"2019-12-06T08:49:43","modified_gmt":"2019-12-06T07:49:43","slug":"profesjonalne-rozwiazania-poligraficzne","status":"publish","type":"page","link":"https:\/\/adrepublic.pl\/new\/czym-sie-zajmujemy\/produkcja\/profesjonalne-rozwiazania-poligraficzne\/","title":{"rendered":"Profesjonalne rozwi\u0105zania poligraficzne"},"content":{"rendered":"\n<style type=\"text\/css\" data-created_by=\"avia_inline_auto\" id=\"style-css-av-13o1599-385ff30bf0564c46c481d709dd77be33\">\n.avia-section.av-13o1599-385ff30bf0564c46c481d709dd77be33 .av-parallax .av-parallax-inner{\nbackground-repeat:no-repeat;\nbackground-image:url(https:\/\/adrepublic.pl\/new\/wp-content\/uploads\/2017\/06\/rozwiazania-poligraficzne.jpg);\nbackground-position:50% 0%;\nbackground-attachment:scroll;\n}\n<\/style>\n<div id='av_section_1'  class='avia-section av-13o1599-385ff30bf0564c46c481d709dd77be33 main_color avia-section-huge avia-no-shadow  avia-builder-el-0  el_before_av_one_full  avia-builder-el-first  av-parallax-section avia-bg-style-parallax container_wrap fullsize'  data-section-bg-repeat='no-repeat'><div class='av-parallax' data-avia-parallax-ratio='0.3' ><div class='av-parallax-inner main_color avia-full-stretch'><\/div><\/div><div class='container av-section-cont-open' ><main  role=\"main\" itemprop=\"mainContentOfPage\"  class='template-page content  av-content-full alpha units'><div class='post-entry post-entry-type-page post-entry-5117'><div class='entry-content-wrapper clearfix'>\n\n<style type=\"text\/css\" data-created_by=\"avia_inline_auto\" id=\"style-css-av-11nhwml-5af4bf7b881604020b963f1a2a33ca89\">\n#top .hr.hr-invisible.av-11nhwml-5af4bf7b881604020b963f1a2a33ca89{\nheight:100px;\n}\n<\/style>\n<div  class='hr av-11nhwml-5af4bf7b881604020b963f1a2a33ca89 hr-invisible  avia-builder-el-1  avia-builder-el-no-sibling '><span class='hr-inner '><span class=\"hr-inner-style\"><\/span><\/span><\/div>\n<\/div><\/div><\/main><!-- close content main element --><\/div><\/div><div id='after_section_1'  class='main_color av_default_container_wrap container_wrap fullsize'  ><div class='container av-section-cont-open' ><div class='template-page content  av-content-full alpha units'><div class='post-entry post-entry-type-page post-entry-5117'><div class='entry-content-wrapper clearfix'>\n\n<style type=\"text\/css\" data-created_by=\"avia_inline_auto\" id=\"style-css-av-zqnc8d-67eeaedf2d549832c18b5aee764caa70\">\n.flex_column.av-zqnc8d-67eeaedf2d549832c18b5aee764caa70{\nborder-radius:0px 0px 0px 0px;\npadding:0px 0px 0px 0px;\n}\n<\/style>\n<div  class='flex_column av-zqnc8d-67eeaedf2d549832c18b5aee764caa70 av_one_full  avia-builder-el-2  el_after_av_section  el_before_av_section  avia-builder-el-no-sibling  first flex_column_div av-zero-column-padding  '     ><p>\n<style type=\"text\/css\" data-created_by=\"avia_inline_auto\" id=\"style-css-av-3ekejh-37add5d89a61479458c40301917a2c6e\">\n#top .av-special-heading.av-3ekejh-37add5d89a61479458c40301917a2c6e{\npadding-bottom:0;\n}\nbody .av-special-heading.av-3ekejh-37add5d89a61479458c40301917a2c6e .av-special-heading-tag .heading-char{\nfont-size:25px;\n}\n.av-special-heading.av-3ekejh-37add5d89a61479458c40301917a2c6e .av-subheading{\nfont-size:18px;\n}\n<\/style>\n<div  class='av-special-heading av-3ekejh-37add5d89a61479458c40301917a2c6e av-special-heading-h2 blockquote modern-quote modern-centered  avia-builder-el-3  el_before_av_hr  avia-builder-el-first '><h2 class='av-special-heading-tag'  itemprop=\"headline\"  >Profesjonalne rozwi\u0105zania poligraficzne<\/h2><div class='av-subheading av-subheading_below'><p>Druk solwentowy, lateksowy i UV LED &#8211; nieograniczone mo\u017cliwo\u015bci zar\u00f3wno realizacji wielkoformatowych, jak i w tradycyjnych rozmiarach.<\/p>\n<\/div><div class=\"special-heading-border\"><div class=\"special-heading-inner-border\"><\/div><\/div><\/div><br \/>\n\n<style type=\"text\/css\" data-created_by=\"avia_inline_auto\" id=\"style-css-av-w31ood-5663db27952d24eb18adff04c2508f71\">\n#top .hr.av-w31ood-5663db27952d24eb18adff04c2508f71{\nmargin-top:30px;\nmargin-bottom:30px;\n}\n.hr.av-w31ood-5663db27952d24eb18adff04c2508f71 .hr-inner{\nwidth:40%;\nmax-width:45%;\n}\n<\/style>\n<div  class='hr av-w31ood-5663db27952d24eb18adff04c2508f71 hr-custom  avia-builder-el-4  el_after_av_heading  el_before_av_textblock  hr-center hr-icon-yes'><span class='hr-inner inner-border-av-border-thin'><span class=\"hr-inner-style\"><\/span><\/span><span class='av-seperator-icon' aria-hidden='true' data-av_icon='\ue808' data-av_iconfont='entypo-fontello'><\/span><span class='hr-inner inner-border-av-border-thin'><span class=\"hr-inner-style\"><\/span><\/span><\/div><br \/>\n<section  class='av_textblock_section av-uvvbvx-74ad38a98040cc44bf4f158c5315bf95 '   itemscope=\"itemscope\" itemtype=\"https:\/\/schema.org\/CreativeWork\" ><div class='avia_textblock'  itemprop=\"text\" ><p>W naszej bran\u017cy niezwykle wa\u017cna jest mo\u017cliwo\u015b\u0107 zaoferowania kompleksowej obs\u0142ugi zlecenia \u2013 od pomys\u0142u, poprzez projekt graficzny i produkcj\u0119, a\u017c do finalnego monta\u017cu w miejscu przeznaczenia. Dlatego w realizacji codziennych zam\u00f3wie\u0144 na wykonanie aran\u017cacji sklep\u00f3w, pe\u0142nych system\u00f3w wystawienniczych czy kompleksowej ekspozycji reklamowej, korzystamy tylko z najwy\u017cszej jako\u015bci urz\u0105dze\u0144 dost\u0119pnych na rynku produkcyjnym.<\/p>\n<p>Wykonujemy zar\u00f3wno druk wielkoformatowy, jak i w tradycyjnych wymiarach. Gotowy wydruk niezale\u017cnie od rozmiaru i wykorzystanego materia\u0142u, mo\u017cemy na miejscu nie tylko zalaminowa\u0107, ale r\u00f3wnie\u017c za pomoc\u0105 nowoczesnego plotera tn\u0105cego, precyzyjnie doci\u0105\u0107 do formatu docelowego. Urz\u0105dzenie to, przy wykorzystaniu lasera, umo\u017cliwia nam wyj\u0105tkowo dok\u0142adne wyci\u0119cie z materia\u0142u wyj\u015bciowego dowolnego kszta\u0142tu, w dowolnym miejscu. Tak przygotowany projekt przyklejamy finalnie na wybranym przez Pa\u0144stwa materiale m.in.: pleksi, tkaninie, szybie lub PCV.<\/p>\n<p><strong>Proponujemy druk przy u\u017cyciu najbardziej zaawansowanych technik na rynku.<\/strong><\/p>\n<ul>\n<li>System Inteligent Interwave eliminuj\u0105cy w druku efekt paskowania, szeroka gama dost\u0119pnych format\u00f3w oraz mo\u017cliwo\u015b\u0107 wykonania na r\u00f3\u017cnych materia\u0142ach \u2013 to g\u0142\u00f3wne zalety wykorzystywanego przez nas plotera solwentowego.<\/li>\n<li>Technologia lateksowa z kolei gwarantuje bardzo d\u0142ug\u0105 \u017cywotno\u015b\u0107 materia\u0142\u00f3w, wyj\u0105tkow\u0105 precyzj\u0119 i ostro\u015b\u0107 oraz brak charakterystycznego zapachu.<\/li>\n<li>Najnowocze\u015bniejsza technika druku UV LED daje nam nieograniczon\u0105 mo\u017cliwo\u015b\u0107 wykorzystania r\u00f3\u017cnych materia\u0142\u00f3w. Mo\u017cemy pokrywa\u0107 grafik\u0105 m.in. p\u0142yty PCV, dibond, pleksi, szk\u0142o a nawet MDF. Realizacje, ze wzgl\u0119du na brak zapachu i wyj\u0105tkow\u0105 trwa\u0142o\u015b\u0107, idealnie sprawdzaj\u0105 si\u0119 zar\u00f3wno w pomieszczeniach u\u017cytkowych, jak i na zewn\u0105trz. Jedn\u0105 z wi\u0119kszych zalet druku UV LED jest r\u00f3wnie\u017c mo\u017cliwo\u015b\u0107 wielokrotnego pokrywania, co daje elegancki efekt wypuk\u0142o\u015bci.<\/li>\n<\/ul>\n<p>Dzi\u0119ki mo\u017cliwo\u015bci kompleksowej obs\u0142ugi projektu, realizowane przez nas zlecenie wykonywane jest od pocz\u0105tku do ko\u0144ca w jednym miejscu, bez konieczno\u015bci udzia\u0142u w procesie produkcyjnym dodatkowych podwykonawc\u00f3w. To pozwala unikn\u0105\u0107 usterek technicznych, pojawiaj\u0105cych si\u0119 cz\u0119sto przy projektach realizowanych etapami u r\u00f3\u017cnych zleceniobiorc\u00f3w. My oddajemy Pa\u0144stwu gotowy, precyzyjnie wykonany produkt, zgodny z zaakceptowanym projektem i wyprodukowany z najwy\u017cszej jako\u015bci materia\u0142\u00f3w, gwarantuj\u0105c jednocze\u015bnie jego trwa\u0142o\u015b\u0107 i niezawodno\u015b\u0107 w codziennym u\u017cytkowaniu.<\/p>\n<\/div><\/section><\/p><\/div>\n<\/div><\/div><\/div><!-- close content main div --><\/div><\/div>\n<style type=\"text\/css\" data-created_by=\"avia_inline_auto\" id=\"style-css-av-tgiwod-f9f025bcf8691390c5e1d784ff2f4f62\">\n.avia-section.av-tgiwod-f9f025bcf8691390c5e1d784ff2f4f62 .av-section-color-overlay{\nopacity:1;\nbackground-image:url(https:\/\/adrepublic.pl\/new\/wp-content\/uploads\/2013\/04\/squairy_light.png);\nbackground-repeat:repeat;\n}\n<\/style>\n<div id='av_section_2'  class='avia-section av-tgiwod-f9f025bcf8691390c5e1d784ff2f4f62 alternate_color avia-section-large avia-shadow  avia-builder-el-6  el_after_av_one_full  avia-builder-el-last  avia-bg-style-scroll av-section-color-overlay-active container_wrap fullsize'  ><div class=\"av-section-color-overlay-wrap\"><div class=\"av-section-color-overlay\"><\/div><div class='container av-section-cont-open' ><div class='template-page content  av-content-full alpha units'><div class='post-entry post-entry-type-page post-entry-5117'><div class='entry-content-wrapper clearfix'>\n\n<style type=\"text\/css\" data-created_by=\"avia_inline_auto\" id=\"style-css-av-av_heading-21dcaa70b07fd44fdcffc65700d02900\">\n#top .av-special-heading.av-av_heading-21dcaa70b07fd44fdcffc65700d02900{\npadding-bottom:0;\n}\nbody .av-special-heading.av-av_heading-21dcaa70b07fd44fdcffc65700d02900 .av-special-heading-tag .heading-char{\nfont-size:25px;\n}\n.av-special-heading.av-av_heading-21dcaa70b07fd44fdcffc65700d02900 .av-subheading{\nfont-size:18px;\n}\n<\/style>\n<div  class='av-special-heading av-av_heading-21dcaa70b07fd44fdcffc65700d02900 av-special-heading-h2 blockquote modern-quote modern-centered  avia-builder-el-7  el_before_av_hr  avia-builder-el-first '><h2 class='av-special-heading-tag'  itemprop=\"headline\"  >By\u0107 mo\u017ce zainteresuje Ci\u0119 r\u00f3wnie\u017c&#8230;<\/h2><div class=\"special-heading-border\"><div class=\"special-heading-inner-border\"><\/div><\/div><\/div>\n\n<style type=\"text\/css\" data-created_by=\"avia_inline_auto\" id=\"style-css-av-py0icd-6d8e010d026bfb6b47f543f1bef77020\">\n#top .hr.av-py0icd-6d8e010d026bfb6b47f543f1bef77020{\nmargin-top:30px;\nmargin-bottom:30px;\n}\n.hr.av-py0icd-6d8e010d026bfb6b47f543f1bef77020 .hr-inner{\nwidth:40%;\nmax-width:45%;\n}\n<\/style>\n<div  class='hr av-py0icd-6d8e010d026bfb6b47f543f1bef77020 hr-custom  avia-builder-el-8  el_after_av_heading  el_before_av_one_third  hr-center hr-icon-yes'><span class='hr-inner inner-border-av-border-thin'><span class=\"hr-inner-style\"><\/span><\/span><span class='av-seperator-icon' aria-hidden='true' data-av_icon='\ue808' data-av_iconfont='entypo-fontello'><\/span><span class='hr-inner inner-border-av-border-thin'><span class=\"hr-inner-style\"><\/span><\/span><\/div>\n\n<style type=\"text\/css\" data-created_by=\"avia_inline_auto\" id=\"style-css-av-nj681p-c993886d90a8677219ea72c168761501\">\n.flex_column.av-nj681p-c993886d90a8677219ea72c168761501{\nborder-radius:0px 0px 0px 0px;\npadding:0px 0px 0px 0px;\n}\n<\/style>\n<div  class='flex_column av-nj681p-c993886d90a8677219ea72c168761501 av_one_third  avia-builder-el-9  el_after_av_hr  el_before_av_one_third  first flex_column_div av-animated-generic bottom-to-top av-zero-column-padding  '     ><section  class='av_textblock_section av-m1z559-e6c97fff1d7f206c17d3d08f841082aa '   itemscope=\"itemscope\" itemtype=\"https:\/\/schema.org\/CreativeWork\" ><div class='avia_textblock'  itemprop=\"text\" ><h4 class=\"slide-entry-title entry-title\"><a href=\"https:\/\/adrepublic.pl\/czym-sie-zajmujemy\/produkcja\/piecioosiowe-frezarki-cnc\/\">Pi\u0119cioosiowe frezarki CNC<\/a><\/h4>\n<p><a href=\"https:\/\/adrepublic.pl\/czym-sie-zajmujemy\/produkcja\/piecioosiowe-frezarki-cnc\/\"><img loading=\"lazy\" decoding=\"async\" class=\"alignnone wp-image-3810 size-full\" src=\"https:\/\/adrepublic.pl\/new\/wp-content\/uploads\/2017\/04\/Produkcja-CNC.jpg\" alt=\"\" width=\"643\" height=\"270\" srcset=\"https:\/\/adrepublic.pl\/new\/wp-content\/uploads\/2017\/04\/Produkcja-CNC.jpg 643w, https:\/\/adrepublic.pl\/new\/wp-content\/uploads\/2017\/04\/Produkcja-CNC-300x126.jpg 300w, https:\/\/adrepublic.pl\/new\/wp-content\/uploads\/2017\/04\/Produkcja-CNC-450x189.jpg 450w\" sizes=\"auto, (max-width: 643px) 100vw, 643px\" \/><\/a><\/p>\n<p>Jako nieliczni w Polsce stosujemy 5-cio osiow\u0105 obr\u00f3bk\u0119, umo\u017cliwiaj\u0105c\u0105 precyzyjne wyko\u0144czenie i nieograniczone mo\u017cliwo\u015bci oferowanych kszta\u0142t\u00f3w.<\/p>\n<p><a href=\"http:\/\/adrepublic.pl\/czym-sie-zajmujemy\/produkcja\/piecioosiowe-frezarki-cnc\/\">\u00bb Czytaj wi\u0119cej<\/a><\/p>\n<\/div><\/section><\/div>\n<style type=\"text\/css\" data-created_by=\"avia_inline_auto\" id=\"style-css-av-k3ykel-7e313c953e7cc59e24cc989819eaf83b\">\n.flex_column.av-k3ykel-7e313c953e7cc59e24cc989819eaf83b{\nborder-radius:0px 0px 0px 0px;\npadding:0px 0px 0px 0px;\n}\n<\/style>\n<div  class='flex_column av-k3ykel-7e313c953e7cc59e24cc989819eaf83b av_one_third  avia-builder-el-11  el_after_av_one_third  el_before_av_one_third  flex_column_div av-animated-generic bottom-to-top av-zero-column-padding  '     ><section  class='av_textblock_section av-j3qrod-2f11a7dc3d838a2b64ba87c25c7ae8fa '   itemscope=\"itemscope\" itemtype=\"https:\/\/schema.org\/CreativeWork\" ><div class='avia_textblock'  itemprop=\"text\" ><h4 class=\"slide-entry-title entry-title\"><a href=\"https:\/\/adrepublic.pl\/czym-sie-zajmujemy\/produkcja\/termoforming\/\">Termoforming<\/a><\/h4>\n<p><a href=\"https:\/\/adrepublic.pl\/czym-sie-zajmujemy\/produkcja\/termoforming\/\"><img loading=\"lazy\" decoding=\"async\" class=\"alignnone wp-image-4629 size-full\" src=\"https:\/\/adrepublic.pl\/new\/wp-content\/uploads\/2017\/04\/termoforming.jpg\" alt=\"\" width=\"643\" height=\"270\" srcset=\"https:\/\/adrepublic.pl\/new\/wp-content\/uploads\/2017\/04\/termoforming.jpg 643w, https:\/\/adrepublic.pl\/new\/wp-content\/uploads\/2017\/04\/termoforming-300x126.jpg 300w, https:\/\/adrepublic.pl\/new\/wp-content\/uploads\/2017\/04\/termoforming-450x189.jpg 450w\" sizes=\"auto, (max-width: 643px) 100vw, 643px\" \/><\/a><\/p>\n<p>Dzi\u0119ki tej unikalnej technologii mo\u017cemy wyczarowa\u0107 dowolne, nawet najbardziej skomplikowane formy z tworzywa sztucznego.<\/p>\n<p><a href=\"https:\/\/adrepublic.pl\/czym-sie-zajmujemy\/produkcja\/termoforming\/\">\u00bb Czytaj wi\u0119cej<\/a><\/p>\n<\/div><\/section><\/div>\n<style type=\"text\/css\" data-created_by=\"avia_inline_auto\" id=\"style-css-av-h0x831-d267d204fde0128ad10ee92489002b92\">\n.flex_column.av-h0x831-d267d204fde0128ad10ee92489002b92{\nborder-radius:0px 0px 0px 0px;\npadding:0px 0px 0px 0px;\n}\n<\/style>\n<div  class='flex_column av-h0x831-d267d204fde0128ad10ee92489002b92 av_one_third  avia-builder-el-13  el_after_av_one_third  el_before_av_one_third  flex_column_div av-animated-generic bottom-to-top av-zero-column-padding  '     ><section  class='av_textblock_section av-gdugod-1218cf0b0894208d63e05142d04bf811 '   itemscope=\"itemscope\" itemtype=\"https:\/\/schema.org\/CreativeWork\" ><div class='avia_textblock'  itemprop=\"text\" ><h4 class=\"slide-entry-title entry-title\"><a href=\"https:\/\/adrepublic.pl\/czym-sie-zajmujemy\/produkcja\/obrobka-tworzyw-sztucznych\/\">Obr\u00f3bka tworzyw sztucznych<\/a><\/h4>\n<p><a href=\"https:\/\/adrepublic.pl\/czym-sie-zajmujemy\/produkcja\/obrobka-tworzyw-sztucznych\/\"><img loading=\"lazy\" decoding=\"async\" class=\"alignnone wp-image-3818 size-full\" src=\"https:\/\/adrepublic.pl\/new\/wp-content\/uploads\/2017\/04\/Produkcja-Obr\u00f3bka-tworzyw-sztucznych.jpg\" alt=\"\" width=\"643\" height=\"270\" srcset=\"https:\/\/adrepublic.pl\/new\/wp-content\/uploads\/2017\/04\/Produkcja-Obr\u00f3bka-tworzyw-sztucznych.jpg 643w, https:\/\/adrepublic.pl\/new\/wp-content\/uploads\/2017\/04\/Produkcja-Obr\u00f3bka-tworzyw-sztucznych-300x126.jpg 300w, https:\/\/adrepublic.pl\/new\/wp-content\/uploads\/2017\/04\/Produkcja-Obr\u00f3bka-tworzyw-sztucznych-450x189.jpg 450w\" sizes=\"auto, (max-width: 643px) 100vw, 643px\" \/><\/a><\/p>\n<p>Mamy niemal\u017ce nieograniczone mo\u017cliwo\u015bci precyzyjnego formowania szerokiej palety tworzyw sztucznych i kompozytowych.<\/p>\n<p><a href=\"https:\/\/adrepublic.pl\/czym-sie-zajmujemy\/produkcja\/obrobka-tworzyw-sztucznych\/\">\u00bb Czytaj wi\u0119cej<\/a><\/p>\n<\/div><\/section><\/div>\n<style type=\"text\/css\" data-created_by=\"avia_inline_auto\" id=\"style-css-av-e4qd7x-1f84192448fc149bc363bc2b4b4202d3\">\n.flex_column.av-e4qd7x-1f84192448fc149bc363bc2b4b4202d3{\nborder-radius:0px 0px 0px 0px;\npadding:0px 0px 0px 0px;\n}\n<\/style>\n<div  class='flex_column av-e4qd7x-1f84192448fc149bc363bc2b4b4202d3 av_one_third  avia-builder-el-15  el_after_av_one_third  el_before_av_one_third  first flex_column_div av-animated-generic bottom-to-top av-zero-column-padding  column-top-margin'     ><section  class='av_textblock_section av-czat8d-eea21ea8da637f56845f6c751d2d1fe8 '   itemscope=\"itemscope\" itemtype=\"https:\/\/schema.org\/CreativeWork\" ><div class='avia_textblock'  itemprop=\"text\" ><h4 class=\"slide-entry-title entry-title\"><a href=\"https:\/\/adrepublic.pl\/czym-sie-zajmujemy\/produkcja\/profesjonalna-lakiernia\/\">Profesjonalna lakiernia<\/a><\/h4>\n<p><a href=\"https:\/\/adrepublic.pl\/czym-sie-zajmujemy\/produkcja\/profesjonalna-lakiernia\/\"><img loading=\"lazy\" decoding=\"async\" class=\"alignnone wp-image-4861 size-full\" src=\"https:\/\/adrepublic.pl\/new\/wp-content\/uploads\/2017\/04\/lakiernia.jpg\" alt=\"\" width=\"643\" height=\"270\" srcset=\"https:\/\/adrepublic.pl\/new\/wp-content\/uploads\/2017\/04\/lakiernia.jpg 643w, https:\/\/adrepublic.pl\/new\/wp-content\/uploads\/2017\/04\/lakiernia-300x126.jpg 300w, https:\/\/adrepublic.pl\/new\/wp-content\/uploads\/2017\/04\/lakiernia-450x189.jpg 450w\" sizes=\"auto, (max-width: 643px) 100vw, 643px\" \/><\/a><\/p>\n<p>Dysponujemy nowoczesnym sprz\u0119tem, kt\u00f3ry umo\u017cliwia wyj\u0105tkowo precyzyjne lakierowanie, nawet bardzo du\u017cych powierzchni.<\/p>\n<p><a href=\"https:\/\/adrepublic.pl\/czym-sie-zajmujemy\/produkcja\/profesjonalna-lakiernia\/\">\u00bb Czytaj wi\u0119cej<\/a><\/p>\n<\/div><\/section><\/div>\n<style type=\"text\/css\" data-created_by=\"avia_inline_auto\" id=\"style-css-av-a84fa5-e96f8057579d4899e5099c1ec78a0761\">\n.flex_column.av-a84fa5-e96f8057579d4899e5099c1ec78a0761{\nborder-radius:0px 0px 0px 0px;\npadding:0px 0px 0px 0px;\n}\n<\/style>\n<div  class='flex_column av-a84fa5-e96f8057579d4899e5099c1ec78a0761 av_one_third  avia-builder-el-17  el_after_av_one_third  el_before_av_one_third  flex_column_div av-animated-generic bottom-to-top av-zero-column-padding  column-top-margin'     ><section  class='av_textblock_section av-8v40rh-97f4405687ac0c9901d7d318daf3fb35 '   itemscope=\"itemscope\" itemtype=\"https:\/\/schema.org\/CreativeWork\" ><div class='avia_textblock'  itemprop=\"text\" ><h4 class=\"slide-entry-title entry-title\"><a href=\"https:\/\/adrepublic.pl\/czym-sie-zajmujemy\/produkcja\/precyzyjne-reczne-wykonczenie\/\">Precyzyjne r\u0119czne wyko\u0144czenie<\/a><\/h4>\n<p><a href=\"https:\/\/adrepublic.pl\/czym-sie-zajmujemy\/produkcja\/precyzyjne-reczne-wykonczenie\/\"><img loading=\"lazy\" decoding=\"async\" class=\"alignnone wp-image-3824 size-full\" src=\"https:\/\/adrepublic.pl\/new\/wp-content\/uploads\/2017\/04\/Produkcja-R\u0119czne-wyko\u0144czenie.jpg\" alt=\"\" width=\"643\" height=\"270\" srcset=\"https:\/\/adrepublic.pl\/new\/wp-content\/uploads\/2017\/04\/Produkcja-R\u0119czne-wyko\u0144czenie.jpg 643w, https:\/\/adrepublic.pl\/new\/wp-content\/uploads\/2017\/04\/Produkcja-R\u0119czne-wyko\u0144czenie-300x126.jpg 300w, https:\/\/adrepublic.pl\/new\/wp-content\/uploads\/2017\/04\/Produkcja-R\u0119czne-wyko\u0144czenie-450x189.jpg 450w\" sizes=\"auto, (max-width: 643px) 100vw, 643px\" \/><\/a><\/p>\n<p>Ka\u017cdy element dopieszczamy r\u0119cznie, bardzo dok\u0142adnie dopracowuj\u0105c wszystkie, nawet najdrobniejsze\u00a0 szczeg\u00f3\u0142y.<\/p>\n<p><a href=\"https:\/\/adrepublic.pl\/czym-sie-zajmujemy\/produkcja\/precyzyjne-reczne-wykonczenie\/\">\u00bb Czytaj wi\u0119cej<\/a><\/p>\n<\/div><\/section><\/div>\n<style type=\"text\/css\" data-created_by=\"avia_inline_auto\" id=\"style-css-av-pae0d-bfcc356b826a1bcfb29ee0fce37d7025\">\n.flex_column.av-pae0d-bfcc356b826a1bcfb29ee0fce37d7025{\nborder-radius:0px 0px 0px 0px;\npadding:0px 0px 0px 0px;\n}\n<\/style>\n<div  class='flex_column av-pae0d-bfcc356b826a1bcfb29ee0fce37d7025 av_one_third  avia-builder-el-19  el_after_av_one_third  el_before_av_one_third  flex_column_div av-animated-generic bottom-to-top av-zero-column-padding  column-top-margin'     ><section  class='av_textblock_section av-55z2gt-03dce0ae5081c1aecfb7f80a17afd430 '   itemscope=\"itemscope\" itemtype=\"https:\/\/schema.org\/CreativeWork\" ><div class='avia_textblock'  itemprop=\"text\" ><h4 class=\"slide-entry-title entry-title\"><a href=\"https:\/\/adrepublic.pl\/czym-sie-zajmujemy\/produkcja\/zawartosc-multimedialna\/\">Zawarto\u015b\u0107 multimedialna<\/a><\/h4>\n<p><a href=\"https:\/\/adrepublic.pl\/czym-sie-zajmujemy\/produkcja\/zawartosc-multimedialna\/\"><img loading=\"lazy\" decoding=\"async\" class=\"alignnone wp-image-4864 size-full\" src=\"https:\/\/adrepublic.pl\/new\/wp-content\/uploads\/2017\/04\/Zawarto\u015b\u0107-multimedialna.jpg\" alt=\"\" width=\"643\" height=\"270\" srcset=\"https:\/\/adrepublic.pl\/new\/wp-content\/uploads\/2017\/04\/Zawarto\u015b\u0107-multimedialna.jpg 643w, https:\/\/adrepublic.pl\/new\/wp-content\/uploads\/2017\/04\/Zawarto\u015b\u0107-multimedialna-300x126.jpg 300w, https:\/\/adrepublic.pl\/new\/wp-content\/uploads\/2017\/04\/Zawarto\u015b\u0107-multimedialna-450x189.jpg 450w\" sizes=\"auto, (max-width: 643px) 100vw, 643px\" \/><\/a><\/p>\n<p>Specjalnie przygotowane wy\u015bwietlacze to kolejny no\u015bnik, kt\u00f3ry wykorzystujemy aby zmaksymalizowa\u0107 si\u0142\u0119 przekazu. Nie boimy si\u0119 multimedi\u00f3w.<\/p>\n<p><a href=\"https:\/\/adrepublic.pl\/czym-sie-zajmujemy\/produkcja\/zawartosc-multimedialna\/\">\u00bb Czytaj wi\u0119cej<\/a><\/p>\n<\/div><\/section><\/div>\n<style type=\"text\/css\" data-created_by=\"avia_inline_auto\" id=\"style-css-av-4ltz2l-a7ef9816418440b78899627a69419890\">\n.flex_column.av-4ltz2l-a7ef9816418440b78899627a69419890{\nborder-radius:0px 0px 0px 0px;\npadding:0px 0px 0px 0px;\n}\n<\/style>\n<div  class='flex_column av-4ltz2l-a7ef9816418440b78899627a69419890 av_one_third  avia-builder-el-21  el_after_av_one_third  avia-builder-el-last  first flex_column_div av-animated-generic bottom-to-top av-zero-column-padding  column-top-margin'     ><section  class='av_textblock_section av-2zikd9-f8a16f34f598b74bda1626c6d4556bca '   itemscope=\"itemscope\" itemtype=\"https:\/\/schema.org\/CreativeWork\" ><div class='avia_textblock'  itemprop=\"text\" ><h4 class=\"slide-entry-title entry-title\"><a href=\"https:\/\/adrepublic.pl\/czym-sie-zajmujemy\/produkcja\/zabezpieczenia-antykradziezowe\/\">Zabezpieczenia antykradzie\u017cowe<\/a><\/h4>\n<p><a href=\"https:\/\/adrepublic.pl\/czym-sie-zajmujemy\/produkcja\/zabezpieczenia-antykradziezowe\/\"><img loading=\"lazy\" decoding=\"async\" class=\"alignnone wp-image-4863 size-full\" src=\"https:\/\/adrepublic.pl\/new\/wp-content\/uploads\/2017\/04\/zabezpieczenia.jpg\" alt=\"\" width=\"643\" height=\"270\" srcset=\"https:\/\/adrepublic.pl\/new\/wp-content\/uploads\/2017\/04\/zabezpieczenia.jpg 643w, https:\/\/adrepublic.pl\/new\/wp-content\/uploads\/2017\/04\/zabezpieczenia-300x126.jpg 300w, https:\/\/adrepublic.pl\/new\/wp-content\/uploads\/2017\/04\/zabezpieczenia-450x189.jpg 450w\" sizes=\"auto, (max-width: 643px) 100vw, 643px\" \/><\/a><\/p>\n<p>Nasze ekspozycje s\u0105 chronione profesjonalnymi i najskuteczniejszymi na rynku zabezpieczeniami antykradzie\u017cowymi.<\/p>\n<p><a href=\"https:\/\/adrepublic.pl\/czym-sie-zajmujemy\/produkcja\/zabezpieczenia-antykradziezowe\/\">\u00bb Czytaj wi\u0119cej<\/a><\/p>\n<\/div><\/section><\/div>\n","protected":false},"excerpt":{"rendered":"","protected":false},"author":1,"featured_media":0,"parent":3604,"menu_order":0,"comment_status":"closed","ping_status":"closed","template":"","meta":{"footnotes":""},"class_list":["post-5117","page","type-page","status-publish","hentry"],"_links":{"self":[{"href":"https:\/\/adrepublic.pl\/new\/wp-json\/wp\/v2\/pages\/5117","targetHints":{"allow":["GET"]}}],"collection":[{"href":"https:\/\/adrepublic.pl\/new\/wp-json\/wp\/v2\/pages"}],"about":[{"href":"https:\/\/adrepublic.pl\/new\/wp-json\/wp\/v2\/types\/page"}],"author":[{"embeddable":true,"href":"https:\/\/adrepublic.pl\/new\/wp-json\/wp\/v2\/users\/1"}],"replies":[{"embeddable":true,"href":"https:\/\/adrepublic.pl\/new\/wp-json\/wp\/v2\/comments?post=5117"}],"version-history":[{"count":7,"href":"https:\/\/adrepublic.pl\/new\/wp-json\/wp\/v2\/pages\/5117\/revisions"}],"predecessor-version":[{"id":6738,"href":"https:\/\/adrepublic.pl\/new\/wp-json\/wp\/v2\/pages\/5117\/revisions\/6738"}],"up":[{"embeddable":true,"href":"https:\/\/adrepublic.pl\/new\/wp-json\/wp\/v2\/pages\/3604"}],"wp:attachment":[{"href":"https:\/\/adrepublic.pl\/new\/wp-json\/wp\/v2\/media?parent=5117"}],"curies":[{"name":"wp","href":"https:\/\/api.w.org\/{rel}","templated":true}]}}