{"id":5114,"date":"2017-06-14T12:52:34","date_gmt":"2017-06-14T10:52:34","guid":{"rendered":"http:\/\/adrepublic.pl\/new\/?page_id=5114"},"modified":"2019-12-06T07:59:48","modified_gmt":"2019-12-06T06:59:48","slug":"obrobka-tworzyw-sztucznych","status":"publish","type":"page","link":"https:\/\/adrepublic.pl\/new\/czym-sie-zajmujemy\/produkcja\/obrobka-tworzyw-sztucznych\/","title":{"rendered":"Obr\u00f3bka tworzyw sztucznych"},"content":{"rendered":"\n<style type=\"text\/css\" data-created_by=\"avia_inline_auto\" id=\"style-css-av-12zsdi2-beac4b2845add48fac7a31db97836276\">\n.avia-section.av-12zsdi2-beac4b2845add48fac7a31db97836276 .av-parallax .av-parallax-inner{\nbackground-repeat:no-repeat;\nbackground-image:url(https:\/\/adrepublic.pl\/new\/wp-content\/uploads\/2017\/06\/tworzywa-sztuczne.jpg);\nbackground-position:50% 0%;\nbackground-attachment:scroll;\n}\n<\/style>\n<div id='av_section_1'  class='avia-section av-12zsdi2-beac4b2845add48fac7a31db97836276 main_color avia-section-huge avia-no-shadow  avia-builder-el-0  el_before_av_one_full  avia-builder-el-first  av-parallax-section avia-bg-style-parallax container_wrap fullsize'  data-section-bg-repeat='no-repeat'><div class='av-parallax' data-avia-parallax-ratio='0.3' ><div class='av-parallax-inner main_color avia-full-stretch'><\/div><\/div><div class='container av-section-cont-open' ><main  role=\"main\" itemprop=\"mainContentOfPage\"  class='template-page content  av-content-full alpha units'><div class='post-entry post-entry-type-page post-entry-5114'><div class='entry-content-wrapper clearfix'>\n\n<style type=\"text\/css\" data-created_by=\"avia_inline_auto\" id=\"style-css-av-11iz0fe-312dbb15042215ae2a7e73b3356a7ce3\">\n#top .hr.hr-invisible.av-11iz0fe-312dbb15042215ae2a7e73b3356a7ce3{\nheight:100px;\n}\n<\/style>\n<div  class='hr av-11iz0fe-312dbb15042215ae2a7e73b3356a7ce3 hr-invisible  avia-builder-el-1  avia-builder-el-no-sibling '><span class='hr-inner '><span class=\"hr-inner-style\"><\/span><\/span><\/div>\n<\/div><\/div><\/main><!-- close content main element --><\/div><\/div><div id='after_section_1'  class='main_color av_default_container_wrap container_wrap fullsize'  ><div class='container av-section-cont-open' ><div class='template-page content  av-content-full alpha units'><div class='post-entry post-entry-type-page post-entry-5114'><div class='entry-content-wrapper clearfix'>\n\n<style type=\"text\/css\" data-created_by=\"avia_inline_auto\" id=\"style-css-av-10794ai-6cd99773c8ff531b462c487f1e6cbb14\">\n.flex_column.av-10794ai-6cd99773c8ff531b462c487f1e6cbb14{\nborder-radius:0px 0px 0px 0px;\npadding:0px 0px 0px 0px;\n}\n<\/style>\n<div  class='flex_column av-10794ai-6cd99773c8ff531b462c487f1e6cbb14 av_one_full  avia-builder-el-2  el_after_av_section  el_before_av_section  avia-builder-el-no-sibling  first flex_column_div av-zero-column-padding  '     ><p>\n<style type=\"text\/css\" data-created_by=\"avia_inline_auto\" id=\"style-css-av-xu9pei-cec45e2bf6a19c4deb5c0b8e26e9499a\">\n#top .av-special-heading.av-xu9pei-cec45e2bf6a19c4deb5c0b8e26e9499a{\npadding-bottom:0;\n}\nbody .av-special-heading.av-xu9pei-cec45e2bf6a19c4deb5c0b8e26e9499a .av-special-heading-tag .heading-char{\nfont-size:25px;\n}\n.av-special-heading.av-xu9pei-cec45e2bf6a19c4deb5c0b8e26e9499a .av-subheading{\nfont-size:18px;\n}\n<\/style>\n<div  class='av-special-heading av-xu9pei-cec45e2bf6a19c4deb5c0b8e26e9499a av-special-heading-h2 blockquote modern-quote modern-centered  avia-builder-el-3  el_before_av_hr  avia-builder-el-first '><h2 class='av-special-heading-tag'  itemprop=\"headline\"  >Obr\u00f3bka tworzyw sztucznych<\/h2><div class='av-subheading av-subheading_below'><p>Szeroka gama tworzyw sztucznych i nieograniczone mo\u017cliwo\u015bci ich precyzyjnego formowania to nasz znak rozpoznawczy.<\/p>\n<\/div><div class=\"special-heading-border\"><div class=\"special-heading-inner-border\"><\/div><\/div><\/div><br \/>\n\n<style type=\"text\/css\" data-created_by=\"avia_inline_auto\" id=\"style-css-av-w1ygmy-cafbb816f4a6b6f70e4eea83db154e85\">\n#top .hr.av-w1ygmy-cafbb816f4a6b6f70e4eea83db154e85{\nmargin-top:30px;\nmargin-bottom:30px;\n}\n.hr.av-w1ygmy-cafbb816f4a6b6f70e4eea83db154e85 .hr-inner{\nwidth:40%;\nmax-width:45%;\n}\n<\/style>\n<div  class='hr av-w1ygmy-cafbb816f4a6b6f70e4eea83db154e85 hr-custom  avia-builder-el-4  el_after_av_heading  el_before_av_textblock  hr-center hr-icon-yes'><span class='hr-inner inner-border-av-border-thin'><span class=\"hr-inner-style\"><\/span><\/span><span class='av-seperator-icon' aria-hidden='true' data-av_icon='\ue808' data-av_iconfont='entypo-fontello'><\/span><span class='hr-inner inner-border-av-border-thin'><span class=\"hr-inner-style\"><\/span><\/span><\/div><br \/>\n<section  class='av_textblock_section av-u7srwa-16540a611387dfbf5791e4944b41f7d3 '   itemscope=\"itemscope\" itemtype=\"https:\/\/schema.org\/CreativeWork\" ><div class='avia_textblock'  itemprop=\"text\" ><p>Bogato wyposa\u017cony, w najwy\u017cszej klasy urz\u0105dzenia, park maszynowy daje nam niemal\u017ce nieograniczone mo\u017cliwo\u015bci precyzyjnego formowania szerokiej palety tworzyw sztucznych i kompozytowych. Materia\u0142y, z kt\u00f3rych korzystamy, s\u0105 odpowiednio dobierane do potrzeb i funkcji jakie ma spe\u0142nia\u0107 gotowa realizacja. Mamy bardzo bogaty wachlarz mo\u017cliwo\u015bci. Dysponujemy maszynami do obr\u00f3bki pleksi, MDF, Solid Surface oraz PVC. Mo\u017cemy wyczarowa\u0107 dowolny kszta\u0142t w ka\u017cdym mo\u017cliwym kolorze. Produkujemy zar\u00f3wno niewielkie standy reklamowe z przeznaczeniem na ulotki lub katalogi, jak i bardzo skomplikowane kszta\u0142tem konstrukcji projekty, sk\u0142adaj\u0105ce si\u0119 na kompleksowe wyposa\u017cenie wn\u0119trz oraz powierzchni komercyjnych. Precyzyjne wycinanie nawet najdrobniejszych element\u00f3w reklamowych, tworzenie wieloelementowych konstrukcji wystawienniczych lub grawerowanie \u2013 to tylko niekt\u00f3re mo\u017cliwo\u015bci produkcyjne laserowego plotera graweruj\u0105co-tn\u0105cego, kt\u00f3rym dysponujemy.<\/p>\n<p>Zaawansowane mo\u017cliwo\u015bci techniczne laserowego plotera graweruj\u0105co-tn\u0105cego s\u0105 niezwykle wa\u017cne w naszej codziennej produkcji. Przygotowuj\u0105c dla Pa\u0144stwa stoisko reklamowe, komplet stand\u00f3w na ulotki czy aran\u017cuj\u0105c ekspozycj\u0119 sklepow\u0105 mamy do dyspozycji urz\u0105dzenie, kt\u00f3re nie tylko w wyj\u0105tkowo precyzyjny spos\u00f3b dotnie niezb\u0119dne elementy, ale r\u00f3wnie\u017c wykona nawet niewielki logotyp lub znak firmowy. Jego precyzja widoczna jest zar\u00f3wno w detalach pot\u0119\u017cnych realizacji konstrukcyjnych, jak i w niespe\u0142na dwucentymetrowych elementach, takich np. jak znak firmowy na d\u0142ugopisie. Kolejn\u0105 zalet\u0105 tego urz\u0105dzenia jest mo\u017cliwo\u015b\u0107 pracy na wi\u0119kszo\u015bci dost\u0119pnych pod\u0142o\u017cy. Nasz ploter graweruje i wycina z wi\u0119kszo\u015bci dost\u0119pnych na rynku tworzyw sztucznych oraz graweruje na szkle. R\u00f3wnie precyzyjnie wycina z grubszej, jak i cie\u0144szej plexi, a wygrawerowane na du\u017cym standzie logo nie r\u00f3\u017cni si\u0119 niczym, poza rozmiarem, od tego samego logotypu umieszczonego na dowolnym gad\u017cecie reklamowym.<\/p>\n<p>Przygotowuj\u0105c dla Pa\u0144stwa stand reklamowy, meble sklepowe, stoisko targowe czy ca\u0142\u0105 ekspozycj\u0119 handlow\u0105, tworzymy najpierw ich projekt graficzny. Specjalnie przygotowany plik trafia do os\u00f3b zajmuj\u0105cych si\u0119 obs\u0142ug\u0105 naszego plotera graweruj\u0105co-tn\u0105cego. Tam zgodnie ze specyfikacj\u0105 techniczn\u0105 (materia\u0142, format, elementy dodatkowe) wycinane s\u0105 wszystkie sk\u0142adowe projektu. Dok\u0142adno\u015b\u0107 ci\u0119tych lub grawerowanych element\u00f3w jest bardzo du\u017ca \u2013 do dziesi\u0105tych cz\u0119\u015bci milimetra. Tak przygotowane materia\u0142y trafiaj\u0105 na gi\u0119tark\u0119, kt\u00f3ra poddaj\u0105c je obr\u00f3bce termicznej, nadaje im odpowiedni, nawet najbardziej wymy\u015blny kszta\u0142t. Teraz pozostaje ju\u017c tylko finalne wyko\u0144czenie, a w Pa\u0144stwa r\u0119ce trafia trwa\u0142y i wyj\u0105tkowo dok\u0142adnie wykonany produkt.<\/p>\n<\/div><\/section><\/p><\/div>\n<\/div><\/div><\/div><!-- close content main div --><\/div><\/div>\n<style type=\"text\/css\" data-created_by=\"avia_inline_auto\" id=\"style-css-av-t2a062-b5da5ed488ebf689193e4dca11b84bd0\">\n.avia-section.av-t2a062-b5da5ed488ebf689193e4dca11b84bd0 .av-section-color-overlay{\nopacity:1;\nbackground-image:url(https:\/\/adrepublic.pl\/new\/wp-content\/uploads\/2013\/04\/squairy_light.png);\nbackground-repeat:repeat;\n}\n<\/style>\n<div id='av_section_2'  class='avia-section av-t2a062-b5da5ed488ebf689193e4dca11b84bd0 alternate_color avia-section-large avia-shadow  avia-builder-el-6  el_after_av_one_full  avia-builder-el-last  avia-bg-style-scroll av-section-color-overlay-active container_wrap fullsize'  ><div class=\"av-section-color-overlay-wrap\"><div class=\"av-section-color-overlay\"><\/div><div class='container av-section-cont-open' ><div class='template-page content  av-content-full alpha units'><div class='post-entry post-entry-type-page post-entry-5114'><div class='entry-content-wrapper clearfix'>\n\n<style type=\"text\/css\" data-created_by=\"avia_inline_auto\" id=\"style-css-av-av_heading-21dcaa70b07fd44fdcffc65700d02900\">\n#top .av-special-heading.av-av_heading-21dcaa70b07fd44fdcffc65700d02900{\npadding-bottom:0;\n}\nbody .av-special-heading.av-av_heading-21dcaa70b07fd44fdcffc65700d02900 .av-special-heading-tag .heading-char{\nfont-size:25px;\n}\n.av-special-heading.av-av_heading-21dcaa70b07fd44fdcffc65700d02900 .av-subheading{\nfont-size:18px;\n}\n<\/style>\n<div  class='av-special-heading av-av_heading-21dcaa70b07fd44fdcffc65700d02900 av-special-heading-h2 blockquote modern-quote modern-centered  avia-builder-el-7  el_before_av_hr  avia-builder-el-first '><h2 class='av-special-heading-tag'  itemprop=\"headline\"  >By\u0107 mo\u017ce zainteresuje Ci\u0119 r\u00f3wnie\u017c&#8230;<\/h2><div class=\"special-heading-border\"><div class=\"special-heading-inner-border\"><\/div><\/div><\/div>\n\n<style type=\"text\/css\" data-created_by=\"avia_inline_auto\" id=\"style-css-av-pdf4iy-6fb1831f1a011ee51497eda60eb4272b\">\n#top .hr.av-pdf4iy-6fb1831f1a011ee51497eda60eb4272b{\nmargin-top:30px;\nmargin-bottom:30px;\n}\n.hr.av-pdf4iy-6fb1831f1a011ee51497eda60eb4272b .hr-inner{\nwidth:40%;\nmax-width:45%;\n}\n<\/style>\n<div  class='hr av-pdf4iy-6fb1831f1a011ee51497eda60eb4272b hr-custom  avia-builder-el-8  el_after_av_heading  el_before_av_one_third  hr-center hr-icon-yes'><span class='hr-inner inner-border-av-border-thin'><span class=\"hr-inner-style\"><\/span><\/span><span class='av-seperator-icon' aria-hidden='true' data-av_icon='\ue808' data-av_iconfont='entypo-fontello'><\/span><span class='hr-inner inner-border-av-border-thin'><span class=\"hr-inner-style\"><\/span><\/span><\/div>\n\n<style type=\"text\/css\" data-created_by=\"avia_inline_auto\" id=\"style-css-av-nwhh4q-878efb5ef0d8af61c280427aef24cee7\">\n.flex_column.av-nwhh4q-878efb5ef0d8af61c280427aef24cee7{\nborder-radius:0px 0px 0px 0px;\npadding:0px 0px 0px 0px;\n}\n<\/style>\n<div  class='flex_column av-nwhh4q-878efb5ef0d8af61c280427aef24cee7 av_one_third  avia-builder-el-9  el_after_av_hr  el_before_av_one_third  first flex_column_div av-animated-generic bottom-to-top av-zero-column-padding  '     ><section  class='av_textblock_section av-29ukh6-3bf9f24f945c2e438e8ea1984f323036 '   itemscope=\"itemscope\" itemtype=\"https:\/\/schema.org\/CreativeWork\" ><div class='avia_textblock'  itemprop=\"text\" ><h4 class=\"slide-entry-title entry-title\"><a href=\"https:\/\/adrepublic.pl\/czym-sie-zajmujemy\/produkcja\/piecioosiowe-frezarki-cnc\/\">Pi\u0119cioosiowe frezarki CNC<\/a><\/h4>\n<p><a href=\"https:\/\/adrepublic.pl\/czym-sie-zajmujemy\/produkcja\/piecioosiowe-frezarki-cnc\/\"><img loading=\"lazy\" decoding=\"async\" class=\"alignnone wp-image-3810 size-full\" src=\"https:\/\/adrepublic.pl\/new\/wp-content\/uploads\/2017\/04\/Produkcja-CNC.jpg\" alt=\"\" width=\"643\" height=\"270\" srcset=\"https:\/\/adrepublic.pl\/new\/wp-content\/uploads\/2017\/04\/Produkcja-CNC.jpg 643w, https:\/\/adrepublic.pl\/new\/wp-content\/uploads\/2017\/04\/Produkcja-CNC-300x126.jpg 300w, https:\/\/adrepublic.pl\/new\/wp-content\/uploads\/2017\/04\/Produkcja-CNC-450x189.jpg 450w\" sizes=\"auto, (max-width: 643px) 100vw, 643px\" \/><\/a><\/p>\n<p>Jako nieliczni w Polsce stosujemy 5-cio osiow\u0105 obr\u00f3bk\u0119, umo\u017cliwiaj\u0105c\u0105 precyzyjne wyko\u0144czenie i nieograniczone mo\u017cliwo\u015bci oferowanych kszta\u0142t\u00f3w.<\/p>\n<p><a href=\"https:\/\/adrepublic.pl\/czym-sie-zajmujemy\/produkcja\/piecioosiowe-frezarki-cnc\/\">\u00bb Czytaj wi\u0119cej<\/a><\/p>\n<\/div><\/section><\/div>\n<style type=\"text\/css\" data-created_by=\"avia_inline_auto\" id=\"style-css-av-lgzm2i-0d821d87856b62c11e5b421bf028d359\">\n.flex_column.av-lgzm2i-0d821d87856b62c11e5b421bf028d359{\nborder-radius:0px 0px 0px 0px;\npadding:0px 0px 0px 0px;\n}\n<\/style>\n<div  class='flex_column av-lgzm2i-0d821d87856b62c11e5b421bf028d359 av_one_third  avia-builder-el-11  el_after_av_one_third  el_before_av_one_third  flex_column_div av-animated-generic bottom-to-top av-zero-column-padding  '     ><section  class='av_textblock_section av-iw3cju-e59f7b61377eb236bf493480db491c04 '   itemscope=\"itemscope\" itemtype=\"https:\/\/schema.org\/CreativeWork\" ><div class='avia_textblock'  itemprop=\"text\" ><h4 class=\"slide-entry-title entry-title\"><a href=\"https:\/\/adrepublic.pl\/czym-sie-zajmujemy\/produkcja\/termoforming\/\">Termoforming<\/a><\/h4>\n<p><a href=\"https:\/\/adrepublic.pl\/czym-sie-zajmujemy\/produkcja\/termoforming\/\"><img loading=\"lazy\" decoding=\"async\" class=\"alignnone wp-image-4629 size-full\" src=\"https:\/\/adrepublic.pl\/new\/wp-content\/uploads\/2017\/04\/termoforming.jpg\" alt=\"\" width=\"643\" height=\"270\" srcset=\"https:\/\/adrepublic.pl\/new\/wp-content\/uploads\/2017\/04\/termoforming.jpg 643w, https:\/\/adrepublic.pl\/new\/wp-content\/uploads\/2017\/04\/termoforming-300x126.jpg 300w, https:\/\/adrepublic.pl\/new\/wp-content\/uploads\/2017\/04\/termoforming-450x189.jpg 450w\" sizes=\"auto, (max-width: 643px) 100vw, 643px\" \/><\/a><\/p>\n<p>Dzi\u0119ki tej unikalnej technologii mo\u017cemy wyczarowa\u0107 dowolne, nawet najbardziej skomplikowane formy z tworzywa sztucznego.<\/p>\n<p><a href=\"https:\/\/adrepublic.pl\/czym-sie-zajmujemy\/produkcja\/termoforming\/\">\u00bb Czytaj wi\u0119cej<\/a><\/p>\n<\/div><\/section><\/div>\n<style type=\"text\/css\" data-created_by=\"avia_inline_auto\" id=\"style-css-av-haw8gq-84f54ead2f599a1baeb252f202dbf4c4\">\n.flex_column.av-haw8gq-84f54ead2f599a1baeb252f202dbf4c4{\nborder-radius:0px 0px 0px 0px;\npadding:0px 0px 0px 0px;\n}\n<\/style>\n<div  class='flex_column av-haw8gq-84f54ead2f599a1baeb252f202dbf4c4 av_one_third  avia-builder-el-13  el_after_av_one_third  el_before_av_one_third  flex_column_div av-animated-generic bottom-to-top av-zero-column-padding  '     ><section  class='av_textblock_section av-5wxze-84a4f672e2dfead4d1581936a3138c93 '   itemscope=\"itemscope\" itemtype=\"https:\/\/schema.org\/CreativeWork\" ><div class='avia_textblock'  itemprop=\"text\" ><h4 class=\"slide-entry-title entry-title\"><a href=\"https:\/\/adrepublic.pl\/czym-sie-zajmujemy\/produkcja\/profesjonalne-rozwiazania-poligraficzne\/\">Profesjonalne rozwi\u0105zania poligraficzne<\/a><\/h4>\n<p><a href=\"https:\/\/adrepublic.pl\/czym-sie-zajmujemy\/produkcja\/profesjonalne-rozwiazania-poligraficzne\/\"><img loading=\"lazy\" decoding=\"async\" class=\"alignnone wp-image-4859 size-full\" src=\"https:\/\/adrepublic.pl\/new\/wp-content\/uploads\/2017\/04\/druk_maly.jpg\" alt=\"\" width=\"643\" height=\"270\" srcset=\"https:\/\/adrepublic.pl\/new\/wp-content\/uploads\/2017\/04\/druk_maly.jpg 643w, https:\/\/adrepublic.pl\/new\/wp-content\/uploads\/2017\/04\/druk_maly-300x126.jpg 300w, https:\/\/adrepublic.pl\/new\/wp-content\/uploads\/2017\/04\/druk_maly-450x189.jpg 450w\" sizes=\"auto, (max-width: 643px) 100vw, 643px\" \/><\/a><\/p>\n<p>Gwarantujemy najwy\u017cszej jako\u015bci druk UV, lateksowy i solwentowy. Dowolny materia\u0142, kszta\u0142t i rozmiar \u2013 ogranicza nas tylko wyobra\u017ania.<\/p>\n<p><a href=\"https:\/\/adrepublic.pl\/czym-sie-zajmujemy\/produkcja\/profesjonalne-rozwiazania-poligraficzne\/\">\u00bb Czytaj wi\u0119cej<\/a><\/p>\n<\/div><\/section><\/div>\n<style type=\"text\/css\" data-created_by=\"avia_inline_auto\" id=\"style-css-av-evtdiy-a4c5db1ea1f8f22bb28bba384cbd269a\">\n.flex_column.av-evtdiy-a4c5db1ea1f8f22bb28bba384cbd269a{\nborder-radius:0px 0px 0px 0px;\npadding:0px 0px 0px 0px;\n}\n<\/style>\n<div  class='flex_column av-evtdiy-a4c5db1ea1f8f22bb28bba384cbd269a av_one_third  avia-builder-el-15  el_after_av_one_third  el_before_av_one_third  first flex_column_div av-animated-generic bottom-to-top av-zero-column-padding  column-top-margin'     ><section  class='av_textblock_section av-cv1k96-5a7c6897d5fbc9ee33d21be87b4cdc59 '   itemscope=\"itemscope\" itemtype=\"https:\/\/schema.org\/CreativeWork\" ><div class='avia_textblock'  itemprop=\"text\" ><h4 class=\"slide-entry-title entry-title\"><a href=\"https:\/\/adrepublic.pl\/czym-sie-zajmujemy\/produkcja\/profesjonalna-lakiernia\/\">Profesjonalna lakiernia<\/a><\/h4>\n<p><a href=\"https:\/\/adrepublic.pl\/czym-sie-zajmujemy\/produkcja\/profesjonalna-lakiernia\/\"><img loading=\"lazy\" decoding=\"async\" class=\"alignnone wp-image-4861 size-full\" src=\"https:\/\/adrepublic.pl\/new\/wp-content\/uploads\/2017\/04\/lakiernia.jpg\" alt=\"\" width=\"643\" height=\"270\" srcset=\"https:\/\/adrepublic.pl\/new\/wp-content\/uploads\/2017\/04\/lakiernia.jpg 643w, https:\/\/adrepublic.pl\/new\/wp-content\/uploads\/2017\/04\/lakiernia-300x126.jpg 300w, https:\/\/adrepublic.pl\/new\/wp-content\/uploads\/2017\/04\/lakiernia-450x189.jpg 450w\" sizes=\"auto, (max-width: 643px) 100vw, 643px\" \/><\/a><\/p>\n<p>Dysponujemy nowoczesnym sprz\u0119tem, kt\u00f3ry umo\u017cliwia wyj\u0105tkowo precyzyjne lakierowanie, nawet bardzo du\u017cych powierzchni.<\/p>\n<p><a href=\"https:\/\/adrepublic.pl\/czym-sie-zajmujemy\/produkcja\/profesjonalna-lakiernia\/\">\u00bb Czytaj wi\u0119cej<\/a><\/p>\n<\/div><\/section><\/div>\n<style type=\"text\/css\" data-created_by=\"avia_inline_auto\" id=\"style-css-av-baqlkq-9f857ab109604752812caaf07aae57be\">\n.flex_column.av-baqlkq-9f857ab109604752812caaf07aae57be{\nborder-radius:0px 0px 0px 0px;\npadding:0px 0px 0px 0px;\n}\n<\/style>\n<div  class='flex_column av-baqlkq-9f857ab109604752812caaf07aae57be av_one_third  avia-builder-el-17  el_after_av_one_third  el_before_av_one_third  flex_column_div av-animated-generic bottom-to-top av-zero-column-padding  column-top-margin'     ><section  class='av_textblock_section av-8w4o7e-70bfd4b5c3c34392a526356870085d29 '   itemscope=\"itemscope\" itemtype=\"https:\/\/schema.org\/CreativeWork\" ><div class='avia_textblock'  itemprop=\"text\" ><h4 class=\"slide-entry-title entry-title\"><a href=\"https:\/\/adrepublic.pl\/czym-sie-zajmujemy\/produkcja\/precyzyjne-reczne-wykonczenie\/\">Precyzyjne r\u0119czne wyko\u0144czenie<\/a><\/h4>\n<p><a href=\"https:\/\/adrepublic.pl\/czym-sie-zajmujemy\/produkcja\/precyzyjne-reczne-wykonczenie\/\"><img loading=\"lazy\" decoding=\"async\" class=\"alignnone wp-image-3824 size-full\" src=\"https:\/\/adrepublic.pl\/new\/wp-content\/uploads\/2017\/04\/Produkcja-R\u0119czne-wyko\u0144czenie.jpg\" alt=\"\" width=\"643\" height=\"270\" srcset=\"https:\/\/adrepublic.pl\/new\/wp-content\/uploads\/2017\/04\/Produkcja-R\u0119czne-wyko\u0144czenie.jpg 643w, https:\/\/adrepublic.pl\/new\/wp-content\/uploads\/2017\/04\/Produkcja-R\u0119czne-wyko\u0144czenie-300x126.jpg 300w, https:\/\/adrepublic.pl\/new\/wp-content\/uploads\/2017\/04\/Produkcja-R\u0119czne-wyko\u0144czenie-450x189.jpg 450w\" sizes=\"auto, (max-width: 643px) 100vw, 643px\" \/><\/a><\/p>\n<p>Ka\u017cdy element dopieszczamy r\u0119cznie, bardzo dok\u0142adnie dopracowuj\u0105c wszystkie, nawet najdrobniejsze\u00a0 szczeg\u00f3\u0142y.<\/p>\n<p><a href=\"https:\/\/adrepublic.pl\/czym-sie-zajmujemy\/produkcja\/precyzyjne-reczne-wykonczenie\/\">\u00bb Czytaj wi\u0119cej<\/a><\/p>\n<\/div><\/section><\/div>\n<style type=\"text\/css\" data-created_by=\"avia_inline_auto\" id=\"style-css-av-85f60a-71e8519d7ff5ff9c96f1a6ba8cd3661d\">\n.flex_column.av-85f60a-71e8519d7ff5ff9c96f1a6ba8cd3661d{\nborder-radius:0px 0px 0px 0px;\npadding:0px 0px 0px 0px;\n}\n<\/style>\n<div  class='flex_column av-85f60a-71e8519d7ff5ff9c96f1a6ba8cd3661d av_one_third  avia-builder-el-19  el_after_av_one_third  el_before_av_one_third  flex_column_div av-animated-generic bottom-to-top av-zero-column-padding  column-top-margin'     ><section  class='av_textblock_section av-5kmjnu-979e96fe1e7b4b3d4b793bc5dc86fa64 '   itemscope=\"itemscope\" itemtype=\"https:\/\/schema.org\/CreativeWork\" ><div class='avia_textblock'  itemprop=\"text\" ><h4 class=\"slide-entry-title entry-title\"><a href=\"https:\/\/adrepublic.pl\/czym-sie-zajmujemy\/produkcja\/zawartosc-multimedialna\/\">Zawarto\u015b\u0107 multimedialna<\/a><\/h4>\n<p><a href=\"https:\/\/adrepublic.pl\/czym-sie-zajmujemy\/produkcja\/zawartosc-multimedialna\/\"><img loading=\"lazy\" decoding=\"async\" class=\"alignnone wp-image-4864 size-full\" src=\"https:\/\/adrepublic.pl\/new\/wp-content\/uploads\/2017\/04\/Zawarto\u015b\u0107-multimedialna.jpg\" alt=\"\" width=\"643\" height=\"270\" srcset=\"https:\/\/adrepublic.pl\/new\/wp-content\/uploads\/2017\/04\/Zawarto\u015b\u0107-multimedialna.jpg 643w, https:\/\/adrepublic.pl\/new\/wp-content\/uploads\/2017\/04\/Zawarto\u015b\u0107-multimedialna-300x126.jpg 300w, https:\/\/adrepublic.pl\/new\/wp-content\/uploads\/2017\/04\/Zawarto\u015b\u0107-multimedialna-450x189.jpg 450w\" sizes=\"auto, (max-width: 643px) 100vw, 643px\" \/><\/a><\/p>\n<p>Specjalnie przygotowane wy\u015bwietlacze to kolejny no\u015bnik, kt\u00f3ry wykorzystujemy aby zmaksymalizowa\u0107 si\u0142\u0119 przekazu. Nie boimy si\u0119 multimedi\u00f3w.<\/p>\n<p><a href=\"https:\/\/adrepublic.pl\/czym-sie-zajmujemy\/produkcja\/zawartosc-multimedialna\/\">\u00bb Czytaj wi\u0119cej<\/a><\/p>\n<\/div><\/section><\/div>\n<style type=\"text\/css\" data-created_by=\"avia_inline_auto\" id=\"style-css-av-4ebhey-d70fcc58f0f2b95fb0d2ab184089c8b6\">\n.flex_column.av-4ebhey-d70fcc58f0f2b95fb0d2ab184089c8b6{\nborder-radius:0px 0px 0px 0px;\npadding:0px 0px 0px 0px;\n}\n<\/style>\n<div  class='flex_column av-4ebhey-d70fcc58f0f2b95fb0d2ab184089c8b6 av_one_third  avia-builder-el-21  el_after_av_one_third  avia-builder-el-last  first flex_column_div av-animated-generic bottom-to-top av-zero-column-padding  column-top-margin'     ><section  class='av_textblock_section av-234l22-665e3d48867f1cbfdfc2e433b54c2b71 '   itemscope=\"itemscope\" itemtype=\"https:\/\/schema.org\/CreativeWork\" ><div class='avia_textblock'  itemprop=\"text\" ><h4 class=\"slide-entry-title entry-title\"><a href=\"https:\/\/adrepublic.pl\/czym-sie-zajmujemy\/produkcja\/zabezpieczenia-antykradziezowe\/\">Zabezpieczenia antykradzie\u017cowe<\/a><\/h4>\n<p><a href=\"https:\/\/adrepublic.pl\/czym-sie-zajmujemy\/produkcja\/zabezpieczenia-antykradziezowe\/\"><img loading=\"lazy\" decoding=\"async\" class=\"alignnone wp-image-4863 size-full\" src=\"https:\/\/adrepublic.pl\/new\/wp-content\/uploads\/2017\/04\/zabezpieczenia.jpg\" alt=\"\" width=\"643\" height=\"270\" srcset=\"https:\/\/adrepublic.pl\/new\/wp-content\/uploads\/2017\/04\/zabezpieczenia.jpg 643w, https:\/\/adrepublic.pl\/new\/wp-content\/uploads\/2017\/04\/zabezpieczenia-300x126.jpg 300w, https:\/\/adrepublic.pl\/new\/wp-content\/uploads\/2017\/04\/zabezpieczenia-450x189.jpg 450w\" sizes=\"auto, (max-width: 643px) 100vw, 643px\" \/><\/a><\/p>\n<p>Nasze ekspozycje s\u0105 chronione profesjonalnymi i najskuteczniejszymi na rynku zabezpieczeniami antykradzie\u017cowymi.<\/p>\n<p><a href=\"https:\/\/adrepublic.pl\/czym-sie-zajmujemy\/produkcja\/zabezpieczenia-antykradziezowe\/\">\u00bb Czytaj wi\u0119cej<\/a><\/p>\n<\/div><\/section><\/div>\n","protected":false},"excerpt":{"rendered":"","protected":false},"author":1,"featured_media":0,"parent":3604,"menu_order":0,"comment_status":"closed","ping_status":"closed","template":"","meta":{"footnotes":""},"class_list":["post-5114","page","type-page","status-publish","hentry"],"_links":{"self":[{"href":"https:\/\/adrepublic.pl\/new\/wp-json\/wp\/v2\/pages\/5114","targetHints":{"allow":["GET"]}}],"collection":[{"href":"https:\/\/adrepublic.pl\/new\/wp-json\/wp\/v2\/pages"}],"about":[{"href":"https:\/\/adrepublic.pl\/new\/wp-json\/wp\/v2\/types\/page"}],"author":[{"embeddable":true,"href":"https:\/\/adrepublic.pl\/new\/wp-json\/wp\/v2\/users\/1"}],"replies":[{"embeddable":true,"href":"https:\/\/adrepublic.pl\/new\/wp-json\/wp\/v2\/comments?post=5114"}],"version-history":[{"count":8,"href":"https:\/\/adrepublic.pl\/new\/wp-json\/wp\/v2\/pages\/5114\/revisions"}],"predecessor-version":[{"id":6737,"href":"https:\/\/adrepublic.pl\/new\/wp-json\/wp\/v2\/pages\/5114\/revisions\/6737"}],"up":[{"embeddable":true,"href":"https:\/\/adrepublic.pl\/new\/wp-json\/wp\/v2\/pages\/3604"}],"wp:attachment":[{"href":"https:\/\/adrepublic.pl\/new\/wp-json\/wp\/v2\/media?parent=5114"}],"curies":[{"name":"wp","href":"https:\/\/api.w.org\/{rel}","templated":true}]}}