{"id":4867,"date":"2017-06-02T14:48:13","date_gmt":"2017-06-02T12:48:13","guid":{"rendered":"http:\/\/adrepublic.pl\/new\/?page_id=4867"},"modified":"2019-12-06T07:48:47","modified_gmt":"2019-12-06T06:48:47","slug":"piecioosiowe-frezarki-cnc","status":"publish","type":"page","link":"https:\/\/adrepublic.pl\/new\/czym-sie-zajmujemy\/produkcja\/piecioosiowe-frezarki-cnc\/","title":{"rendered":"Pi\u0119cioosiowe frezarki CNC"},"content":{"rendered":"\n<style type=\"text\/css\" data-created_by=\"avia_inline_auto\" id=\"style-css-av-13647gz-f6f4ecfe4b0e442aa59e9b60c46d932b\">\n.avia-section.av-13647gz-f6f4ecfe4b0e442aa59e9b60c46d932b .av-parallax .av-parallax-inner{\nbackground-repeat:no-repeat;\nbackground-image:url(https:\/\/adrepublic.pl\/new\/wp-content\/uploads\/2017\/06\/homag.jpg);\nbackground-position:50% 50%;\nbackground-attachment:scroll;\n}\n<\/style>\n<div id='av_section_1'  class='avia-section av-13647gz-f6f4ecfe4b0e442aa59e9b60c46d932b main_color avia-section-huge avia-no-shadow  avia-builder-el-0  el_before_av_one_full  avia-builder-el-first  av-parallax-section avia-bg-style-parallax container_wrap fullsize'  data-section-bg-repeat='no-repeat'><div class='av-parallax' data-avia-parallax-ratio='0.3' ><div class='av-parallax-inner main_color avia-full-stretch'><\/div><\/div><div class='container av-section-cont-open' ><main  role=\"main\" itemprop=\"mainContentOfPage\"  class='template-page content  av-content-full alpha units'><div class='post-entry post-entry-type-page post-entry-4867'><div class='entry-content-wrapper clearfix'>\n\n<style type=\"text\/css\" data-created_by=\"avia_inline_auto\" id=\"style-css-av-11iefhv-52a5464e5f8a48ff35e5415b55e6d406\">\n#top .hr.hr-invisible.av-11iefhv-52a5464e5f8a48ff35e5415b55e6d406{\nheight:100px;\n}\n<\/style>\n<div  class='hr av-11iefhv-52a5464e5f8a48ff35e5415b55e6d406 hr-invisible  avia-builder-el-1  avia-builder-el-no-sibling '><span class='hr-inner '><span class=\"hr-inner-style\"><\/span><\/span><\/div>\n<\/div><\/div><\/main><!-- close content main element --><\/div><\/div><div id='after_section_1'  class='main_color av_default_container_wrap container_wrap fullsize'  ><div class='container av-section-cont-open' ><div class='template-page content  av-content-full alpha units'><div class='post-entry post-entry-type-page post-entry-4867'><div class='entry-content-wrapper clearfix'>\n\n<style type=\"text\/css\" data-created_by=\"avia_inline_auto\" id=\"style-css-av-3joifn-34cc0d585240ccc2e941f37790d60c64\">\n.flex_column.av-3joifn-34cc0d585240ccc2e941f37790d60c64{\nborder-radius:0px 0px 0px 0px;\npadding:0px 0px 0px 0px;\n}\n<\/style>\n<div  class='flex_column av-3joifn-34cc0d585240ccc2e941f37790d60c64 av_one_full  avia-builder-el-2  el_after_av_section  el_before_av_section  avia-builder-el-no-sibling  first flex_column_div av-zero-column-padding  '     ><p>\n<style type=\"text\/css\" data-created_by=\"avia_inline_auto\" id=\"style-css-av-3fl1sj-702cff8ab6a335efc96b6184c780649e\">\n#top .av-special-heading.av-3fl1sj-702cff8ab6a335efc96b6184c780649e{\npadding-bottom:0;\n}\nbody .av-special-heading.av-3fl1sj-702cff8ab6a335efc96b6184c780649e .av-special-heading-tag .heading-char{\nfont-size:25px;\n}\n.av-special-heading.av-3fl1sj-702cff8ab6a335efc96b6184c780649e .av-subheading{\nfont-size:18px;\n}\n<\/style>\n<div  class='av-special-heading av-3fl1sj-702cff8ab6a335efc96b6184c780649e av-special-heading-h2 blockquote modern-quote modern-centered  avia-builder-el-3  el_before_av_hr  avia-builder-el-first '><h2 class='av-special-heading-tag'  itemprop=\"headline\"  >Pi\u0119cioosiowe frezarki CNC<\/h2><div class='av-subheading av-subheading_below'><p>Nowoczesny design dzi\u0119ki zaawansowanej technologii.<\/p>\n<\/div><div class=\"special-heading-border\"><div class=\"special-heading-inner-border\"><\/div><\/div><\/div><br \/>\n\n<style type=\"text\/css\" data-created_by=\"avia_inline_auto\" id=\"style-css-av-vv2gz7-50d9ef1ed2830577d332078d34389aaf\">\n#top .hr.av-vv2gz7-50d9ef1ed2830577d332078d34389aaf{\nmargin-top:30px;\nmargin-bottom:30px;\n}\n.hr.av-vv2gz7-50d9ef1ed2830577d332078d34389aaf .hr-inner{\nwidth:40%;\nmax-width:45%;\n}\n<\/style>\n<div  class='hr av-vv2gz7-50d9ef1ed2830577d332078d34389aaf hr-custom  avia-builder-el-4  el_after_av_heading  el_before_av_textblock  hr-center hr-icon-yes'><span class='hr-inner inner-border-av-border-thin'><span class=\"hr-inner-style\"><\/span><\/span><span class='av-seperator-icon' aria-hidden='true' data-av_icon='\ue808' data-av_iconfont='entypo-fontello'><\/span><span class='hr-inner inner-border-av-border-thin'><span class=\"hr-inner-style\"><\/span><\/span><\/div><br \/>\n<section  class='av_textblock_section av-336l9f-3b326fd22fa61695a9776d0bc1ef56f5 '   itemscope=\"itemscope\" itemtype=\"https:\/\/schema.org\/CreativeWork\" ><div class='avia_textblock'  itemprop=\"text\" ><p>Nietypowe kszta\u0142ty, finezyjne dodatki, dowolny rozmiar i forma produkowanych element\u00f3w z metali, drewna i tworzyw. Takie mo\u017cliwo\u015bci daje nam wykorzystanie w\u00a0 pracy nowoczesnej frezarki CNC. Dzi\u0119ki niej jeste\u015bmy w stanie wyczarowa\u0107 nawet najbardziej z\u0142o\u017cone figury i wysoce precyzyjne detale. Ogranicza nas tylko wyobra\u017ania, technologia daje zielone \u015bwiat\u0142o. Specjalistyczna frezarka CNC (Computerized Numerical Control) marki Homag, okre\u015blana jest przez wielu mianem mercedesa w\u015br\u00f3d maszyn tego typu. To gwarancja szybkiej, wyj\u0105tkowo dok\u0142adnej i wysoce zaawansowanej obr\u00f3bki materia\u0142u. AdRepublic, jako jedna z nielicznych firm w Polsce, posiada j\u0105 w swoim\u00a0 noczesnym parku maszynowym.<\/p>\n<p>Dzi\u0119ki wyj\u0105tkowemu zaawansowaniu technologicznemu i wykorzystaniu w trakcie pracy wszystkich pi\u0119ciu osi, CNC daje nieograniczone mo\u017cliwo\u015bci oferowanych kszta\u0142t\u00f3w. Po precyzyjnym wprowadzeniu danych dotycz\u0105cych realizowanego projektu, maszyna przetwarza wygenerowany przez komputer obraz 3D. Nast\u0119pnie wycina z wybranego materia\u0142u dok\u0142adny, w pe\u0142ni zgodny z projektem przedmiot. Wykonane przy jej u\u017cyciu meble sklepowe, standy reklamowe, czy ca\u0142e systemy wystawiennicze cechuje nie tylko imponuj\u0105ca precyzja detali, ale r\u00f3wnie\u017c mo\u017cliwo\u015b\u0107 wykorzystania w g\u0142\u00f3wnej konstrukcji skomplikowanych kszta\u0142t\u00f3w, zaokr\u0105glonych rog\u00f3w, logotyp\u00f3w lub liter.<\/p>\n<p>Zrealizowane przez nas kompleksowe aran\u017cacje powierzchni komercyjnych wyr\u00f3\u017cnia nie tylko najwy\u017csza jako\u015b\u0107 zastosowanych materia\u0142\u00f3w, ale r\u00f3wnie\u017c szczeg\u00f3lna dba\u0142o\u015b\u0107 o detale ekspozycji, mo\u017cliwa mi\u0119dzy innymi dzi\u0119ki wykorzystaniu w codziennej pracy tej nowoczesnej frezarki. Dlatego zar\u00f3wno nasi Klienci, kt\u00f3rzy poznali ju\u017c jej mo\u017cliwo\u015bci, jak i obs\u0142uguj\u0105cy j\u0105 na co dzie\u0144 nasi specjali\u015bci, s\u0105 zgodni: to niekwestionowany lider \u015bwiatowej ligi maszyn.<\/p>\n<\/div><\/section><\/p><\/div>\n<\/div><\/div><\/div><!-- close content main div --><\/div><\/div>\n<style type=\"text\/css\" data-created_by=\"avia_inline_auto\" id=\"style-css-av-soqteb-f29cfe03aa6634d96f624621155795d8\">\n.avia-section.av-soqteb-f29cfe03aa6634d96f624621155795d8 .av-section-color-overlay{\nopacity:1;\nbackground-image:url(https:\/\/adrepublic.pl\/new\/wp-content\/uploads\/2013\/04\/squairy_light.png);\nbackground-repeat:repeat;\n}\n<\/style>\n<div id='av_section_2'  class='avia-section av-soqteb-f29cfe03aa6634d96f624621155795d8 alternate_color avia-section-large avia-shadow  avia-builder-el-6  el_after_av_one_full  avia-builder-el-last  avia-bg-style-scroll av-section-color-overlay-active container_wrap fullsize'  ><div class=\"av-section-color-overlay-wrap\"><div class=\"av-section-color-overlay\"><\/div><div class='container av-section-cont-open' ><div class='template-page content  av-content-full alpha units'><div class='post-entry post-entry-type-page post-entry-4867'><div class='entry-content-wrapper clearfix'>\n\n<style type=\"text\/css\" data-created_by=\"avia_inline_auto\" id=\"style-css-av-av_heading-21dcaa70b07fd44fdcffc65700d02900\">\n#top .av-special-heading.av-av_heading-21dcaa70b07fd44fdcffc65700d02900{\npadding-bottom:0;\n}\nbody .av-special-heading.av-av_heading-21dcaa70b07fd44fdcffc65700d02900 .av-special-heading-tag .heading-char{\nfont-size:25px;\n}\n.av-special-heading.av-av_heading-21dcaa70b07fd44fdcffc65700d02900 .av-subheading{\nfont-size:18px;\n}\n<\/style>\n<div  class='av-special-heading av-av_heading-21dcaa70b07fd44fdcffc65700d02900 av-special-heading-h2 blockquote modern-quote modern-centered  avia-builder-el-7  el_before_av_hr  avia-builder-el-first '><h2 class='av-special-heading-tag'  itemprop=\"headline\"  >By\u0107 mo\u017ce zainteresuje Ci\u0119 r\u00f3wnie\u017c&#8230;<\/h2><div class=\"special-heading-border\"><div class=\"special-heading-inner-border\"><\/div><\/div><\/div>\n\n<style type=\"text\/css\" data-created_by=\"avia_inline_auto\" id=\"style-css-av-q3n9j7-1f59871e38f32f099092b5abc188df5a\">\n#top .hr.av-q3n9j7-1f59871e38f32f099092b5abc188df5a{\nmargin-top:30px;\nmargin-bottom:30px;\n}\n.hr.av-q3n9j7-1f59871e38f32f099092b5abc188df5a .hr-inner{\nwidth:40%;\nmax-width:45%;\n}\n<\/style>\n<div  class='hr av-q3n9j7-1f59871e38f32f099092b5abc188df5a hr-custom  avia-builder-el-8  el_after_av_heading  el_before_av_one_third  hr-center hr-icon-yes'><span class='hr-inner inner-border-av-border-thin'><span class=\"hr-inner-style\"><\/span><\/span><span class='av-seperator-icon' aria-hidden='true' data-av_icon='\ue808' data-av_iconfont='entypo-fontello'><\/span><span class='hr-inner inner-border-av-border-thin'><span class=\"hr-inner-style\"><\/span><\/span><\/div>\n\n<style type=\"text\/css\" data-created_by=\"avia_inline_auto\" id=\"style-css-av-oerh7n-b4b5eacfc5dc719a6edd15acf0ce0ab1\">\n.flex_column.av-oerh7n-b4b5eacfc5dc719a6edd15acf0ce0ab1{\nborder-radius:0px 0px 0px 0px;\npadding:0px 0px 0px 0px;\n}\n<\/style>\n<div  class='flex_column av-oerh7n-b4b5eacfc5dc719a6edd15acf0ce0ab1 av_one_third  avia-builder-el-9  el_after_av_hr  el_before_av_one_third  first flex_column_div av-animated-generic bottom-to-top av-zero-column-padding  '     ><section  class='av_textblock_section av-my4jmb-8d7b5aba7e7f9745c7ad1aac11db0727 '   itemscope=\"itemscope\" itemtype=\"https:\/\/schema.org\/CreativeWork\" ><div class='avia_textblock'  itemprop=\"text\" ><h4 class=\"slide-entry-title entry-title\"><a href=\"https:\/\/adrepublic.pl\/czym-sie-zajmujemy\/produkcja\/termoforming\/\">Termoforming<\/a><\/h4>\n<p><a href=\"https:\/\/adrepublic.pl\/czym-sie-zajmujemy\/produkcja\/termoforming\/\"><img loading=\"lazy\" decoding=\"async\" class=\"alignnone wp-image-4629 size-full\" src=\"https:\/\/adrepublic.pl\/new\/wp-content\/uploads\/2017\/04\/termoforming.jpg\" alt=\"\" width=\"643\" height=\"270\" srcset=\"https:\/\/adrepublic.pl\/new\/wp-content\/uploads\/2017\/04\/termoforming.jpg 643w, https:\/\/adrepublic.pl\/new\/wp-content\/uploads\/2017\/04\/termoforming-300x126.jpg 300w, https:\/\/adrepublic.pl\/new\/wp-content\/uploads\/2017\/04\/termoforming-450x189.jpg 450w\" sizes=\"auto, (max-width: 643px) 100vw, 643px\" \/><\/a><\/p>\n<p>Dzi\u0119ki tej unikalnej technologii mo\u017cemy wyczarowa\u0107 dowolne, nawet najbardziej skomplikowane formy z tworzywa sztucznego.<\/p>\n<p><a href=\"https:\/\/adrepublic.pl\/czym-sie-zajmujemy\/produkcja\/termoforming\/\">\u00bb Czytaj wi\u0119cej<\/a><\/p>\n<\/div><\/section><\/div>\n<style type=\"text\/css\" data-created_by=\"avia_inline_auto\" id=\"style-css-av-la1woj-b62a7ed1f5c109bc419d1936f27fdca7\">\n.flex_column.av-la1woj-b62a7ed1f5c109bc419d1936f27fdca7{\nborder-radius:0px 0px 0px 0px;\npadding:0px 0px 0px 0px;\n}\n<\/style>\n<div  class='flex_column av-la1woj-b62a7ed1f5c109bc419d1936f27fdca7 av_one_third  avia-builder-el-11  el_after_av_one_third  el_before_av_one_third  flex_column_div av-animated-generic bottom-to-top av-zero-column-padding  '     ><section  class='av_textblock_section av-j6jpqr-962c3ea86bc45cd04b9f4be3034da4a2 '   itemscope=\"itemscope\" itemtype=\"https:\/\/schema.org\/CreativeWork\" ><div class='avia_textblock'  itemprop=\"text\" ><h4 class=\"slide-entry-title entry-title\"><a href=\"https:\/\/adrepublic.pl\/czym-sie-zajmujemy\/produkcja\/obrobka-tworzyw-sztucznych\/\">Obr\u00f3bka tworzyw sztucznych<\/a><\/h4>\n<p><a href=\"https:\/\/adrepublic.pl\/czym-sie-zajmujemy\/produkcja\/obrobka-tworzyw-sztucznych\/\"><img loading=\"lazy\" decoding=\"async\" class=\"alignnone wp-image-3818 size-full\" src=\"https:\/\/adrepublic.pl\/new\/wp-content\/uploads\/2017\/04\/Produkcja-Obr\u00f3bka-tworzyw-sztucznych.jpg\" alt=\"\" width=\"643\" height=\"270\" srcset=\"https:\/\/adrepublic.pl\/new\/wp-content\/uploads\/2017\/04\/Produkcja-Obr\u00f3bka-tworzyw-sztucznych.jpg 643w, https:\/\/adrepublic.pl\/new\/wp-content\/uploads\/2017\/04\/Produkcja-Obr\u00f3bka-tworzyw-sztucznych-300x126.jpg 300w, https:\/\/adrepublic.pl\/new\/wp-content\/uploads\/2017\/04\/Produkcja-Obr\u00f3bka-tworzyw-sztucznych-450x189.jpg 450w\" sizes=\"auto, (max-width: 643px) 100vw, 643px\" \/><\/a><\/p>\n<p>Mamy niemal\u017ce nieograniczone mo\u017cliwo\u015bci precyzyjnego formowania szerokiej palety tworzyw sztucznych i kompozytowych.<\/p>\n<p><a href=\"https:\/\/adrepublic.pl\/czym-sie-zajmujemy\/produkcja\/obrobka-tworzyw-sztucznych\/\">\u00bb Czytaj wi\u0119cej<\/a><\/p>\n<\/div><\/section><\/div>\n<style type=\"text\/css\" data-created_by=\"avia_inline_auto\" id=\"style-css-av-h29vfn-4195a041bcef08265c471f3fe99e6ccf\">\n.flex_column.av-h29vfn-4195a041bcef08265c471f3fe99e6ccf{\nborder-radius:0px 0px 0px 0px;\npadding:0px 0px 0px 0px;\n}\n<\/style>\n<div  class='flex_column av-h29vfn-4195a041bcef08265c471f3fe99e6ccf av_one_third  avia-builder-el-13  el_after_av_one_third  el_before_av_one_third  flex_column_div av-animated-generic bottom-to-top av-zero-column-padding  '     ><section  class='av_textblock_section av-g38xwz-e6e70ac42c2c1d994294007cdbb57494 '   itemscope=\"itemscope\" itemtype=\"https:\/\/schema.org\/CreativeWork\" ><div class='avia_textblock'  itemprop=\"text\" ><h4 class=\"slide-entry-title entry-title\"><a href=\"https:\/\/adrepublic.pl\/czym-sie-zajmujemy\/produkcja\/profesjonalne-rozwiazania-poligraficzne\/\">Profesjonalne rozwi\u0105zania poligraficzne<\/a><\/h4>\n<p><a href=\"https:\/\/adrepublic.pl\/czym-sie-zajmujemy\/produkcja\/profesjonalne-rozwiazania-poligraficzne\/\"><img loading=\"lazy\" decoding=\"async\" class=\"alignnone wp-image-4859 size-full\" src=\"https:\/\/adrepublic.pl\/new\/wp-content\/uploads\/2017\/04\/druk_maly.jpg\" alt=\"\" width=\"643\" height=\"270\" srcset=\"https:\/\/adrepublic.pl\/new\/wp-content\/uploads\/2017\/04\/druk_maly.jpg 643w, https:\/\/adrepublic.pl\/new\/wp-content\/uploads\/2017\/04\/druk_maly-300x126.jpg 300w, https:\/\/adrepublic.pl\/new\/wp-content\/uploads\/2017\/04\/druk_maly-450x189.jpg 450w\" sizes=\"auto, (max-width: 643px) 100vw, 643px\" \/><\/a><\/p>\n<p>Gwarantujemy najwy\u017cszej jako\u015bci druk UV, lateksowy i solwentowy. Dowolny materia\u0142, kszta\u0142t i rozmiar \u2013 ogranicza nas tylko wyobra\u017ania.<\/p>\n<p><a href=\"https:\/\/adrepublic.pl\/czym-sie-zajmujemy\/produkcja\/profesjonalne-rozwiazania-poligraficzne\/\">\u00bb Czytaj wi\u0119cej<\/a><\/p>\n<\/div><\/section><\/div>\n<style type=\"text\/css\" data-created_by=\"avia_inline_auto\" id=\"style-css-av-ecdkfn-0bd04649bc5611931eee423620dd481d\">\n.flex_column.av-ecdkfn-0bd04649bc5611931eee423620dd481d{\nborder-radius:0px 0px 0px 0px;\npadding:0px 0px 0px 0px;\n}\n<\/style>\n<div  class='flex_column av-ecdkfn-0bd04649bc5611931eee423620dd481d av_one_third  avia-builder-el-15  el_after_av_one_third  el_before_av_one_third  first flex_column_div av-animated-generic bottom-to-top av-zero-column-padding  column-top-margin'     ><section  class='av_textblock_section av-d23rar-ca0983bbbc2bae5e9e51dba28e108393 '   itemscope=\"itemscope\" itemtype=\"https:\/\/schema.org\/CreativeWork\" ><div class='avia_textblock'  itemprop=\"text\" ><h4 class=\"slide-entry-title entry-title\"><a href=\"https:\/\/adrepublic.pl\/czym-sie-zajmujemy\/produkcja\/profesjonalna-lakiernia\/\">Profesjonalna lakiernia<\/a><\/h4>\n<p><a href=\"https:\/\/adrepublic.pl\/czym-sie-zajmujemy\/produkcja\/profesjonalna-lakiernia\/\"><img loading=\"lazy\" decoding=\"async\" class=\"alignnone wp-image-4861 size-full\" src=\"https:\/\/adrepublic.pl\/new\/wp-content\/uploads\/2017\/04\/lakiernia.jpg\" alt=\"\" width=\"643\" height=\"270\" srcset=\"https:\/\/adrepublic.pl\/new\/wp-content\/uploads\/2017\/04\/lakiernia.jpg 643w, https:\/\/adrepublic.pl\/new\/wp-content\/uploads\/2017\/04\/lakiernia-300x126.jpg 300w, https:\/\/adrepublic.pl\/new\/wp-content\/uploads\/2017\/04\/lakiernia-450x189.jpg 450w\" sizes=\"auto, (max-width: 643px) 100vw, 643px\" \/><\/a><\/p>\n<p>Dysponujemy nowoczesnym sprz\u0119tem, kt\u00f3ry umo\u017cliwia wyj\u0105tkowo precyzyjne lakierowanie, nawet bardzo du\u017cych powierzchni.<\/p>\n<p><a href=\"https:\/\/adrepublic.pl\/czym-sie-zajmujemy\/produkcja\/profesjonalna-lakiernia\/\">\u00bb Czytaj wi\u0119cej<\/a><\/p>\n<\/div><\/section><\/div>\n<style type=\"text\/css\" data-created_by=\"avia_inline_auto\" id=\"style-css-av-ax7mir-16ebcda7295659cd28377124ae8706e3\">\n.flex_column.av-ax7mir-16ebcda7295659cd28377124ae8706e3{\nborder-radius:0px 0px 0px 0px;\npadding:0px 0px 0px 0px;\n}\n<\/style>\n<div  class='flex_column av-ax7mir-16ebcda7295659cd28377124ae8706e3 av_one_third  avia-builder-el-17  el_after_av_one_third  el_before_av_one_third  flex_column_div av-animated-generic bottom-to-top av-zero-column-padding  column-top-margin'     ><section  class='av_textblock_section av-8k6pmb-14a1032a18de3f751534eb3d6767dbf3 '   itemscope=\"itemscope\" itemtype=\"https:\/\/schema.org\/CreativeWork\" ><div class='avia_textblock'  itemprop=\"text\" ><h4 class=\"slide-entry-title entry-title\"><a href=\"https:\/\/adrepublic.pl\/czym-sie-zajmujemy\/produkcja\/precyzyjne-reczne-wykonczenie\/\">Precyzyjne r\u0119czne wyko\u0144czenie<\/a><\/h4>\n<p><a href=\"https:\/\/adrepublic.pl\/czym-sie-zajmujemy\/produkcja\/precyzyjne-reczne-wykonczenie\/\"><img loading=\"lazy\" decoding=\"async\" class=\"alignnone wp-image-3824 size-full\" src=\"https:\/\/adrepublic.pl\/new\/wp-content\/uploads\/2017\/04\/Produkcja-R\u0119czne-wyko\u0144czenie.jpg\" alt=\"\" width=\"643\" height=\"270\" srcset=\"https:\/\/adrepublic.pl\/new\/wp-content\/uploads\/2017\/04\/Produkcja-R\u0119czne-wyko\u0144czenie.jpg 643w, https:\/\/adrepublic.pl\/new\/wp-content\/uploads\/2017\/04\/Produkcja-R\u0119czne-wyko\u0144czenie-300x126.jpg 300w, https:\/\/adrepublic.pl\/new\/wp-content\/uploads\/2017\/04\/Produkcja-R\u0119czne-wyko\u0144czenie-450x189.jpg 450w\" sizes=\"auto, (max-width: 643px) 100vw, 643px\" \/><\/a><\/p>\n<p>Ka\u017cdy element dopieszczamy r\u0119cznie, bardzo dok\u0142adnie dopracowuj\u0105c wszystkie, nawet najdrobniejsze\u00a0 szczeg\u00f3\u0142y.<\/p>\n<p><a href=\"https:\/\/adrepublic.pl\/czym-sie-zajmujemy\/produkcja\/precyzyjne-reczne-wykonczenie\/\">\u00bb Czytaj wi\u0119cej<\/a><\/p>\n<\/div><\/section><\/div>\n<style type=\"text\/css\" data-created_by=\"avia_inline_auto\" id=\"style-css-av-7uh003-da5ddc8dbe69dba37ea05f220a5cdcb5\">\n.flex_column.av-7uh003-da5ddc8dbe69dba37ea05f220a5cdcb5{\nborder-radius:0px 0px 0px 0px;\npadding:0px 0px 0px 0px;\n}\n<\/style>\n<div  class='flex_column av-7uh003-da5ddc8dbe69dba37ea05f220a5cdcb5 av_one_third  avia-builder-el-19  el_after_av_one_third  el_before_av_one_third  flex_column_div av-animated-generic bottom-to-top av-zero-column-padding  column-top-margin'     ><section  class='av_textblock_section av-5qtg5v-5ca3daca9456c366352613a35e48681b '   itemscope=\"itemscope\" itemtype=\"https:\/\/schema.org\/CreativeWork\" ><div class='avia_textblock'  itemprop=\"text\" ><h4 class=\"slide-entry-title entry-title\"><a href=\"https:\/\/adrepublic.pl\/czym-sie-zajmujemy\/produkcja\/zawartosc-multimedialna\/\">Zawarto\u015b\u0107 multimedialna<\/a><\/h4>\n<p><a href=\"https:\/\/adrepublic.pl\/czym-sie-zajmujemy\/produkcja\/zawartosc-multimedialna\/\"><img loading=\"lazy\" decoding=\"async\" class=\"alignnone wp-image-4864 size-full\" src=\"https:\/\/adrepublic.pl\/new\/wp-content\/uploads\/2017\/04\/Zawarto\u015b\u0107-multimedialna.jpg\" alt=\"\" width=\"643\" height=\"270\" srcset=\"https:\/\/adrepublic.pl\/new\/wp-content\/uploads\/2017\/04\/Zawarto\u015b\u0107-multimedialna.jpg 643w, https:\/\/adrepublic.pl\/new\/wp-content\/uploads\/2017\/04\/Zawarto\u015b\u0107-multimedialna-300x126.jpg 300w, https:\/\/adrepublic.pl\/new\/wp-content\/uploads\/2017\/04\/Zawarto\u015b\u0107-multimedialna-450x189.jpg 450w\" sizes=\"auto, (max-width: 643px) 100vw, 643px\" \/><\/a><\/p>\n<p>Specjalnie przygotowane wy\u015bwietlacze to kolejny no\u015bnik, kt\u00f3ry wykorzystujemy aby zmaksymalizowa\u0107 si\u0142\u0119 przekazu. Nie boimy si\u0119 multimedi\u00f3w.<\/p>\n<p><a href=\"https:\/\/adrepublic.pl\/czym-sie-zajmujemy\/produkcja\/zawartosc-multimedialna\/\">\u00bb Czytaj wi\u0119cej<\/a><\/p>\n<\/div><\/section><\/div>\n<style type=\"text\/css\" data-created_by=\"avia_inline_auto\" id=\"style-css-av-44ar43-fffb69775d494b740a4f569e6ab798e6\">\n.flex_column.av-44ar43-fffb69775d494b740a4f569e6ab798e6{\nborder-radius:0px 0px 0px 0px;\npadding:0px 0px 0px 0px;\n}\n<\/style>\n<div  class='flex_column av-44ar43-fffb69775d494b740a4f569e6ab798e6 av_one_third  avia-builder-el-21  el_after_av_one_third  avia-builder-el-last  first flex_column_div av-animated-generic bottom-to-top av-zero-column-padding  column-top-margin'     ><section  class='av_textblock_section av-1y9okj-2b171c6bca28b4aaee86e1ffbfd4845f '   itemscope=\"itemscope\" itemtype=\"https:\/\/schema.org\/CreativeWork\" ><div class='avia_textblock'  itemprop=\"text\" ><h4 class=\"slide-entry-title entry-title\"><a href=\"https:\/\/adrepublic.pl\/czym-sie-zajmujemy\/produkcja\/zabezpieczenia-antykradziezowe\/\">Zabezpieczenia antykradzie\u017cowe<\/a><\/h4>\n<p><a href=\"https:\/\/adrepublic.pl\/czym-sie-zajmujemy\/produkcja\/zabezpieczenia-antykradziezowe\/\"><img loading=\"lazy\" decoding=\"async\" class=\"alignnone wp-image-4863 size-full\" src=\"https:\/\/adrepublic.pl\/new\/wp-content\/uploads\/2017\/04\/zabezpieczenia.jpg\" alt=\"\" width=\"643\" height=\"270\" srcset=\"https:\/\/adrepublic.pl\/new\/wp-content\/uploads\/2017\/04\/zabezpieczenia.jpg 643w, https:\/\/adrepublic.pl\/new\/wp-content\/uploads\/2017\/04\/zabezpieczenia-300x126.jpg 300w, https:\/\/adrepublic.pl\/new\/wp-content\/uploads\/2017\/04\/zabezpieczenia-450x189.jpg 450w\" sizes=\"auto, (max-width: 643px) 100vw, 643px\" \/><\/a><\/p>\n<p>Nasze ekspozycje s\u0105 chronione profesjonalnymi i najskuteczniejszymi na rynku zabezpieczeniami antykradzie\u017cowymi.<\/p>\n<p><a href=\"https:\/\/adrepublic.pl\/czym-sie-zajmujemy\/produkcja\/zabezpieczenia-antykradziezowe\/\">\u00bb Czytaj wi\u0119cej<\/a><\/p>\n<\/div><\/section><\/div>\n","protected":false},"excerpt":{"rendered":"","protected":false},"author":1,"featured_media":0,"parent":3604,"menu_order":0,"comment_status":"closed","ping_status":"closed","template":"","meta":{"footnotes":""},"class_list":["post-4867","page","type-page","status-publish","hentry"],"_links":{"self":[{"href":"https:\/\/adrepublic.pl\/new\/wp-json\/wp\/v2\/pages\/4867","targetHints":{"allow":["GET"]}}],"collection":[{"href":"https:\/\/adrepublic.pl\/new\/wp-json\/wp\/v2\/pages"}],"about":[{"href":"https:\/\/adrepublic.pl\/new\/wp-json\/wp\/v2\/types\/page"}],"author":[{"embeddable":true,"href":"https:\/\/adrepublic.pl\/new\/wp-json\/wp\/v2\/users\/1"}],"replies":[{"embeddable":true,"href":"https:\/\/adrepublic.pl\/new\/wp-json\/wp\/v2\/comments?post=4867"}],"version-history":[{"count":10,"href":"https:\/\/adrepublic.pl\/new\/wp-json\/wp\/v2\/pages\/4867\/revisions"}],"predecessor-version":[{"id":6735,"href":"https:\/\/adrepublic.pl\/new\/wp-json\/wp\/v2\/pages\/4867\/revisions\/6735"}],"up":[{"embeddable":true,"href":"https:\/\/adrepublic.pl\/new\/wp-json\/wp\/v2\/pages\/3604"}],"wp:attachment":[{"href":"https:\/\/adrepublic.pl\/new\/wp-json\/wp\/v2\/media?parent=4867"}],"curies":[{"name":"wp","href":"https:\/\/api.w.org\/{rel}","templated":true}]}}