{"id":3306,"date":"2017-04-18T10:47:43","date_gmt":"2017-04-18T08:47:43","guid":{"rendered":"http:\/\/adrepublic.pl\/new\/?page_id=3306"},"modified":"2019-12-06T07:37:02","modified_gmt":"2019-12-06T06:37:02","slug":"kontakt","status":"publish","type":"page","link":"https:\/\/adrepublic.pl\/new\/kontakt\/","title":{"rendered":"Kontakt"},"content":{"rendered":"\n<style type=\"text\/css\" data-created_by=\"avia_inline_auto\" id=\"style-css-av-tbl6oa-1d2783ba8f8c2bbfa97a6bd604bda937\">\n.avia-section.av-tbl6oa-1d2783ba8f8c2bbfa97a6bd604bda937 .av-parallax .av-parallax-inner{\nbackground-repeat:no-repeat;\nbackground-image:url(https:\/\/adrepublic.pl\/new\/wp-content\/uploads\/2017\/04\/A64A7416-b-1.jpg);\nbackground-position:50% 50%;\nbackground-attachment:scroll;\n}\n.avia-section.av-tbl6oa-1d2783ba8f8c2bbfa97a6bd604bda937 .av-section-color-overlay{\nopacity:0.5;\nbackground-image:url(https:\/\/adrepublic.pl\/new\/wp-content\/uploads\/2013\/04\/bg_glowna.png);\nbackground-repeat:repeat;\n}\n<\/style>\n<div id='av_section_1'  class='avia-section av-tbl6oa-1d2783ba8f8c2bbfa97a6bd604bda937 main_color avia-section-huge avia-no-border-styling  avia-builder-el-0  el_before_av_one_full  avia-builder-el-first  av-parallax-section avia-bg-style-parallax av-section-color-overlay-active av-minimum-height av-minimum-height-50 av-height-50  container_wrap fullsize'  data-section-bg-repeat='no-repeat' data-av_minimum_height_pc='50' data-av_min_height_opt='50'><div class='av-parallax' data-avia-parallax-ratio='0.3' ><div class='av-parallax-inner main_color avia-full-stretch'><\/div><\/div><div class=\"av-section-color-overlay-wrap\"><div class=\"av-section-color-overlay\"><\/div><div class='container av-section-cont-open' ><main  role=\"main\" itemprop=\"mainContentOfPage\"  class='template-page content  av-content-full alpha units'><div class='post-entry post-entry-type-page post-entry-3306'><div class='entry-content-wrapper clearfix'>\n\n<style type=\"text\/css\" data-created_by=\"avia_inline_auto\" id=\"style-css-av-qq0hiy-af3aaf3184424690cf9341a2715aeee3\">\n#top .hr.hr-invisible.av-qq0hiy-af3aaf3184424690cf9341a2715aeee3{\nheight:50px;\n}\n<\/style>\n<div  class='hr av-qq0hiy-af3aaf3184424690cf9341a2715aeee3 hr-invisible  avia-builder-el-1  avia-builder-el-no-sibling '><span class='hr-inner '><span class=\"hr-inner-style\"><\/span><\/span><\/div>\n<\/div><\/div><\/main><!-- close content main element --><\/div><\/div><\/div><div id='after_section_1'  class='main_color av_default_container_wrap container_wrap fullsize'  ><div class='container av-section-cont-open' ><div class='template-page content  av-content-full alpha units'><div class='post-entry post-entry-type-page post-entry-3306'><div class='entry-content-wrapper clearfix'>\n\n<style type=\"text\/css\" data-created_by=\"avia_inline_auto\" id=\"style-css-av-2mfmt6-baff510624907d125c240165963c22b7\">\n.flex_column.av-2mfmt6-baff510624907d125c240165963c22b7{\nborder-radius:0px 0px 0px 0px;\npadding:0px 0px 0px 0px;\n}\n<\/style>\n<div  class='flex_column av-2mfmt6-baff510624907d125c240165963c22b7 av_one_full  avia-builder-el-2  el_after_av_section  el_before_av_one_half  avia-builder-el-first  first flex_column_div av-animated-generic bottom-to-top av-zero-column-padding  '     ><p>\n<style type=\"text\/css\" data-created_by=\"avia_inline_auto\" id=\"style-css-av-k2bo7acj-4f367756344b595b00fd8d714aa4e4c3\">\n#top .av-special-heading.av-k2bo7acj-4f367756344b595b00fd8d714aa4e4c3{\npadding-bottom:0;\n}\nbody .av-special-heading.av-k2bo7acj-4f367756344b595b00fd8d714aa4e4c3 .av-special-heading-tag .heading-char{\nfont-size:25px;\n}\n.av-special-heading.av-k2bo7acj-4f367756344b595b00fd8d714aa4e4c3 .av-subheading{\nfont-size:18px;\n}\n<\/style>\n<div  class='av-special-heading av-k2bo7acj-4f367756344b595b00fd8d714aa4e4c3 av-special-heading-h1 blockquote modern-quote modern-centered  avia-builder-el-3  el_before_av_hr  avia-builder-el-first '><h1 class='av-special-heading-tag'  itemprop=\"headline\"  >Zapraszamy do kontaktu<\/h1><div class='av-subheading av-subheading_below'><p>Nasza siedziba oddalona jest o oko\u0142o 25 kilometr\u00f3w od \u015bcis\u0142ego centrum Warszawy.<\/p>\n<\/div><div class=\"special-heading-border\"><div class=\"special-heading-inner-border\"><\/div><\/div><\/div><br \/>\n\n<style type=\"text\/css\" data-created_by=\"avia_inline_auto\" id=\"style-css-av-mi9iuy-62dc3607bb8727573da0877e431ea4fb\">\n#top .hr.av-mi9iuy-62dc3607bb8727573da0877e431ea4fb{\nmargin-top:30px;\nmargin-bottom:30px;\n}\n.hr.av-mi9iuy-62dc3607bb8727573da0877e431ea4fb .hr-inner{\nwidth:40%;\nmax-width:45%;\n}\n<\/style>\n<div  class='hr av-mi9iuy-62dc3607bb8727573da0877e431ea4fb hr-custom  avia-builder-el-4  el_after_av_heading  avia-builder-el-last  hr-center hr-icon-yes'><span class='hr-inner inner-border-av-border-thin'><span class=\"hr-inner-style\"><\/span><\/span><span class='av-seperator-icon' aria-hidden='true' data-av_icon='\ue883' data-av_iconfont='entypo-fontello'><\/span><span class='hr-inner inner-border-av-border-thin'><span class=\"hr-inner-style\"><\/span><\/span><\/div><\/p><\/div>\n\n<style type=\"text\/css\" data-created_by=\"avia_inline_auto\" id=\"style-css-av-kz7zze-674dcee3321c7559a65678ef75220a17\">\n.flex_column.av-kz7zze-674dcee3321c7559a65678ef75220a17{\nborder-radius:0px 0px 0px 0px;\npadding:0px 0px 0px 0px;\n}\n<\/style>\n<div  class='flex_column av-kz7zze-674dcee3321c7559a65678ef75220a17 av_one_half  avia-builder-el-5  el_after_av_one_full  el_before_av_one_half  first flex_column_div av-animated-generic bottom-to-top av-zero-column-padding  column-top-margin'     ><p>\n<style type=\"text\/css\" data-created_by=\"avia_inline_auto\" id=\"style-css-av-jaofh6-b7404f056a2bf11c0ea7d0b6247e67d5\">\n#top .av-special-heading.av-jaofh6-b7404f056a2bf11c0ea7d0b6247e67d5{\npadding-bottom:10px;\ncolor:#a51056;\n}\nbody .av-special-heading.av-jaofh6-b7404f056a2bf11c0ea7d0b6247e67d5 .av-special-heading-tag .heading-char{\nfont-size:25px;\n}\n.av-special-heading.av-jaofh6-b7404f056a2bf11c0ea7d0b6247e67d5 .special-heading-inner-border{\nborder-color:#a51056;\n}\n.av-special-heading.av-jaofh6-b7404f056a2bf11c0ea7d0b6247e67d5 .av-subheading{\nfont-size:15px;\n}\n<\/style>\n<div  class='av-special-heading av-jaofh6-b7404f056a2bf11c0ea7d0b6247e67d5 av-special-heading-h3 custom-color-heading  avia-builder-el-6  el_before_av_textblock  avia-builder-el-first '><h3 class='av-special-heading-tag'  itemprop=\"headline\"  >Dane teleadresowe<\/h3><div class=\"special-heading-border\"><div class=\"special-heading-inner-border\"><\/div><\/div><\/div><br \/>\n<section  class='av_textblock_section av-hjpmje-07b1fe00309495b33e2b2285fe62ab93 '   itemscope=\"itemscope\" itemtype=\"https:\/\/schema.org\/CreativeWork\" ><div class='avia_textblock'  itemprop=\"text\" ><p>Jeste\u015bmy do Pa\u0144stwa dyspozycji od poniedzia\u0142ku do pi\u0105tku w godzinach 8:00 &#8211; 16:00.<\/p>\n<p>ul.Sko\u015bna 9,<br \/>\n05-119 Micha\u0142\u00f3w-Regin\u00f3w<\/p>\n<p>Telefony:<br \/>\n+48 502 176 100 (PL)<br \/>\n+48 506 096 990 (PL, ENG)<\/p>\n<p>Email:\u00a0<a href=\"mailto:biuro@adrepublic.pl\">biuro@adrepublic.pl<\/a><\/p>\n<\/div><\/section><br \/>\n<form action=\"https:\/\/adrepublic.pl\/new\/kontakt\/\" method=\"post\" data-fields-with-error=\"Found errors in the following field(s):\" class=\"avia_ajax_form av-form-labels-visible   avia-builder-el-8  el_after_av_textblock  avia-builder-el-last   \" data-avia-form-id=\"1\" data-avia-redirect='' ><fieldset><p class='  first_form  form_element form_fullwidth' id='element_avia_1_1'><label for=\"avia_1_1\">Imi\u0119 i nazwisko <abbr class=\"required\" title=\"required\">*<\/abbr><\/label> <input name=\"avia_1_1\" class=\"text_input is_empty\" type=\"text\" id=\"avia_1_1\" value=\"\" \/><\/p><p class='  first_form  form_element form_fullwidth' id='element_avia_2_1'><label for=\"avia_2_1\">Adres email <abbr class=\"required\" title=\"required\">*<\/abbr><\/label> <input name=\"avia_2_1\" class=\"text_input is_email\" type=\"text\" id=\"avia_2_1\" value=\"\" \/><\/p><p class='  first_form  form_element form_fullwidth' id='element_avia_3_1'><label for=\"avia_3_1\">Telefon <abbr class=\"required\" title=\"required\">*<\/abbr><\/label> <input name=\"avia_3_1\" class=\"text_input is_phone\" type=\"text\" id=\"avia_3_1\" value=\"\" \/><\/p><p class='  first_form  form_element form_fullwidth' id='element_avia_4_1'><label for=\"avia_4_1\">Temat <abbr class=\"required\" title=\"required\">*<\/abbr><\/label> <input name=\"avia_4_1\" class=\"text_input is_empty\" type=\"text\" id=\"avia_4_1\" value=\"\" \/><\/p><p class='  first_form  form_element form_fullwidth' id='element_avia_5_1'><label for=\"avia_5_1\" class=\"textare_label hidden textare_label_avia_5_1\">Tre\u015b\u0107 wiadomo\u015bci <abbr class=\"required\" title=\"required\">*<\/abbr><\/label><textarea  name=\"avia_5_1\" class=\"text_area is_empty\" cols=\"40\" rows=\"7\" id=\"avia_5_1\" ><\/textarea><\/p><p class=\"hidden\"><input type=\"text\" name=\"avia_6_1\" class=\"hidden \" id=\"avia_6_1\" value=\"\" \/><\/p><p class='   form_element form_fullwidth' id='element_avia_7_1'><span class='value_verifier_label'>1 + 6 = ?<\/span><input name=\"avia_7_1_verifier\" type=\"hidden\" id=\"avia_7_1_verifier\" value=\"872562641\"\/><label for=\"avia_7_1\">Please prove that you are human by solving the equation <abbr class=\"required\" title=\"required\">*<\/abbr><\/label><input name=\"avia_7_1\" class=\"text_input captcha\" type=\"text\" id=\"avia_7_1\" value=\"\"\/><\/p><p class=\"form_element \"><input type=\"hidden\" value=\"1\" name=\"avia_generated_form1\" \/><input type=\"submit\" value=\"Wy\u015blij wiadomo\u015b\u0107\" class=\"button\"  data-sending-label=\"Trwa wysy\u0142anie...\"\/><\/p><\/fieldset><\/form><div id=\"ajaxresponse_1\" class=\"ajaxresponse ajaxresponse_1 hidden\"><\/div><\/p><\/div>\n\n<style type=\"text\/css\" data-created_by=\"avia_inline_auto\" id=\"style-css-av-613kkq-5411e9839f160a1aed56cb392dfd277e\">\n.flex_column.av-613kkq-5411e9839f160a1aed56cb392dfd277e{\nborder-radius:0px 0px 0px 0px;\npadding:0px 0px 0px 0px;\n}\n<\/style>\n<div  class='flex_column av-613kkq-5411e9839f160a1aed56cb392dfd277e av_one_half  avia-builder-el-9  el_after_av_one_half  avia-builder-el-last  flex_column_div av-animated-generic bottom-to-top av-zero-column-padding  column-top-margin'     ><div  class='av_gmaps_sc_main_wrap av_gmaps_main_wrap '><div id='av_gmap_0' class='avia-google-map-container avia-google-map-sc av_gmaps_show_unconditionally av-no-fallback-img ' data-mapid='av_gmap_0'  style='height: 1000px;'><a class=\"av_gmaps_browser_disabled av_text_confirm_link av_text_confirm_link_visible\" href=\"https:\/\/www.google.com\/maps\/search\/?api=1&#038;query=Sko\u015bna%209%20%20Micha\u0142\u00f3w-Regin\u00f3w%20%20Polska\" target=\"_blank\" rel=\"noopener\">Maps were disabled by the visitor on this site. Click to open the map in a new window.<\/a><\/div><\/div><\/div>\n","protected":false},"excerpt":{"rendered":"","protected":false},"author":1,"featured_media":0,"parent":0,"menu_order":0,"comment_status":"closed","ping_status":"closed","template":"","meta":{"footnotes":""},"class_list":["post-3306","page","type-page","status-publish","hentry"],"_links":{"self":[{"href":"https:\/\/adrepublic.pl\/new\/wp-json\/wp\/v2\/pages\/3306","targetHints":{"allow":["GET"]}}],"collection":[{"href":"https:\/\/adrepublic.pl\/new\/wp-json\/wp\/v2\/pages"}],"about":[{"href":"https:\/\/adrepublic.pl\/new\/wp-json\/wp\/v2\/types\/page"}],"author":[{"embeddable":true,"href":"https:\/\/adrepublic.pl\/new\/wp-json\/wp\/v2\/users\/1"}],"replies":[{"embeddable":true,"href":"https:\/\/adrepublic.pl\/new\/wp-json\/wp\/v2\/comments?post=3306"}],"version-history":[{"count":41,"href":"https:\/\/adrepublic.pl\/new\/wp-json\/wp\/v2\/pages\/3306\/revisions"}],"predecessor-version":[{"id":6729,"href":"https:\/\/adrepublic.pl\/new\/wp-json\/wp\/v2\/pages\/3306\/revisions\/6729"}],"wp:attachment":[{"href":"https:\/\/adrepublic.pl\/new\/wp-json\/wp\/v2\/media?parent=3306"}],"curies":[{"name":"wp","href":"https:\/\/api.w.org\/{rel}","templated":true}]}}